{"id":612,"date":"2015-08-12T16:36:43","date_gmt":"2015-08-12T14:36:43","guid":{"rendered":"https:\/\/krets.jagareforbundet.se\/hammerdal\/?page_id=612"},"modified":"2024-03-11T18:38:19","modified_gmt":"2024-03-11T17:38:19","slug":"jaqt","status":"publish","type":"page","link":"https:\/\/krets.jagareforbundet.se\/hammerdal\/jaqt\/","title":{"rendered":"JAQT"},"content":{"rendered":"<p><a href=\"https:\/\/krets.jagareforbundet.se\/hammerdal\/files\/2015\/08\/2013-08-19-17.14.33.jpg\"><img loading=\"lazy\" decoding=\"async\" class=\"aligncenter size-full wp-image-614\" src=\"https:\/\/krets.jagareforbundet.se\/hammerdal\/files\/2015\/08\/2013-08-19-17.14.33.jpg\" alt=\"Foto: Oscar Lindvall\" width=\"800\" height=\"200\" srcset=\"https:\/\/krets.jagareforbundet.se\/hammerdal\/files\/2015\/08\/2013-08-19-17.14.33.jpg 800w, https:\/\/krets.jagareforbundet.se\/hammerdal\/files\/2015\/08\/2013-08-19-17.14.33-300x75.jpg 300w\" sizes=\"auto, (max-width: 800px) 100vw, 800px\" \/><\/a><\/p>\n<p>JAQT &#8211; Jagande Aktiva Kvinnor i Tiden, \u00e4r J\u00e4garef\u00f6rbundets kvinnliga n\u00e4tverk och m\u00e5ls\u00e4ttningen med JAQT \u00e4r att vi ska bli fler j\u00e4gare i Sverige, att \u00f6ka acceptansen f\u00f6r kvinnliga j\u00e4gare, hj\u00e4lpa nya kvinnliga j\u00e4gare samt att kvinnor och m\u00e4n ska jaga tillsammans. Om du inte \u00e4r medlem i Svenska J\u00e4garef\u00f6rbundet s\u00e5 bli det nu. En massa f\u00f6rm\u00e5ner!<\/p>\n<hr \/>\n<h2><strong>Vi \u00e4r h\u00e4r f\u00f6r att ut\u00f6ka v\u00e5rt n\u00e4tverk av tjejer som \u00e4r intresserade av jakt. Ring eller skicka mail:<\/strong><\/h2>\n<p>Marie-Louise Kickan Bergstr\u00f6m\u00a0 070-333 93 70\u00a0 \u00a0kickan.bergstrom@telia.com<\/p>\n<p>Anita Johnsson\u00a0 \u00a0 \u00a0 \u00a0 \u00a0 \u00a0 \u00a0 \u00a0 \u00a0 \u00a0 \u00a0 \u00a0 \u00a0 \u00a0 \u00a0 \u00a0 \u00a0 070-134 36 60\u00a0 anita.johnsson986@gmail.com<\/p>\n<hr \/>\n<p>&nbsp;<\/p>\n<p>Vid skjutbanan i H\u00e4ggen\u00e5s \u00e4r det Tjejkv\u00e4ll varje onsdag n\u00e4r banan \u00e4r \u00f6ppen. Det finns kvinliga jaktskytteinstrukt\u00f6rer pp och skjutbanan \u00e4r reserverad f\u00f6r oss. Bli medlem f\u00f6r 300kr och skjut s\u00e5 mycket du vill!<\/p>\n<h3>N\u00e4tverkets syfte<\/h3>\n<ul>\n<li>Att knyta nya jaktliga kontakter<\/li>\n<li>Att umg\u00e5s utifr\u00e5n jakten och ha roligt tillsammans<\/li>\n<li>Att undvika prestige p\u00e5 skjutbanor och ute i skogen<\/li>\n<li>Att l\u00e4ra sig mer om jakt, djur, natur friluftsliv i form av m\u00f6ten, kurser, seminarier och jakt<\/li>\n<li>Att f\u00e5 information om nyheter inom bland annat jakt, natur, djur<\/li>\n<li>Att vara en grupp som bildar opinion och som kan st\u00f6tta inom aktuella jaktliga omr\u00e5den.<\/li>\n<\/ul>\n<p>Sedan JAQT startade har antalet kvinnliga medlemmar i Svenska J\u00e4garef\u00f6rbundet \u00f6kat f\u00f6r varje \u00e5r. 2023 hade f\u00f6rbundet 16.531 kvinnliga medlemmar, vilket \u00e4r 10,5% av det totala antalet medlemmar.<\/p>\n<p><strong>J\u00e4garef\u00f6rbundet Hammerdal s\u00f6ker JAQT-representant<\/strong><\/p>\n<p>\u00c4r du kvinna, intresserad av jakt och kan t\u00e4nka dig vara aktiv i Hammerdalskretsen tar du kontakt med valberedningsrepresentant Lars Olov P\u00e5lsson<br \/>\n070-322 73 53\u00a0 \u00a0\/\u00a0 munkpojk@gmail.com<\/p>\n<p>&nbsp;<\/p>\n","protected":false},"excerpt":{"rendered":"<p>JAQT &#8211; Jagande Aktiva Kvinnor i Tiden, \u00e4r J\u00e4garef\u00f6rbundets kvinnliga n\u00e4tverk och m\u00e5ls\u00e4ttningen med JAQT \u00e4r att vi ska bli fler j\u00e4gare i Sverige, att \u00f6ka acceptansen f\u00f6r kvinnliga j\u00e4gare, hj\u00e4lpa nya kvinnliga j\u00e4gare samt att kvinnor och m\u00e4n ska jaga tillsammans. Om du inte \u00e4r medlem i Svenska J\u00e4garef\u00f6rbundet s\u00e5 bli det nu. En [&hellip;]<\/p>\n","protected":false},"author":63,"featured_media":0,"parent":0,"menu_order":6,"comment_status":"open","ping_status":"open","template":"","meta":{"footnotes":""},"class_list":["post-612","page","type-page","status-publish","hentry"],"_links":{"self":[{"href":"https:\/\/krets.jagareforbundet.se\/hammerdal\/wp-json\/wp\/v2\/pages\/612","targetHints":{"allow":["GET"]}}],"collection":[{"href":"https:\/\/krets.jagareforbundet.se\/hammerdal\/wp-json\/wp\/v2\/pages"}],"about":[{"href":"https:\/\/krets.jagareforbundet.se\/hammerdal\/wp-json\/wp\/v2\/types\/page"}],"author":[{"embeddable":true,"href":"https:\/\/krets.jagareforbundet.se\/hammerdal\/wp-json\/wp\/v2\/users\/63"}],"replies":[{"embeddable":true,"href":"https:\/\/krets.jagareforbundet.se\/hammerdal\/wp-json\/wp\/v2\/comments?post=612"}],"version-history":[{"count":3,"href":"https:\/\/krets.jagareforbundet.se\/hammerdal\/wp-json\/wp\/v2\/pages\/612\/revisions"}],"predecessor-version":[{"id":827,"href":"https:\/\/krets.jagareforbundet.se\/hammerdal\/wp-json\/wp\/v2\/pages\/612\/revisions\/827"}],"wp:attachment":[{"href":"https:\/\/krets.jagareforbundet.se\/hammerdal\/wp-json\/wp\/v2\/media?parent=612"}],"curies":[{"name":"wp","href":"https:\/\/api.w.org\/{rel}","templated":true}]}}