{"id":829,"date":"2024-02-02T15:01:07","date_gmt":"2024-02-02T14:01:07","guid":{"rendered":"https:\/\/krets.jagareforbundet.se\/hammerdal\/?page_id=829"},"modified":"2024-02-28T08:20:14","modified_gmt":"2024-02-28T07:20:14","slug":"valberedningen","status":"publish","type":"page","link":"https:\/\/krets.jagareforbundet.se\/hammerdal\/valberedningen\/","title":{"rendered":"Valberedningen"},"content":{"rendered":"<p>Kretsens valberedning utg\u00f6rs av f\u00f6rtroendevalda personer som har till uppgift att f\u00f6rbereda val av funktion\u00e4rer.<\/p>\n<p>Medlemmar som \u00f6nskar delta i kretsens verksamhet \u00e4r v\u00e4lkomna att ta kontakt, presentera sig sj\u00e4lv och ber\u00e4tta vad man \u00e4r intresserad att bidraga med. K\u00e4nner n\u00e5gon till en annan person l\u00e4mpad f\u00f6r uppgiften tar valberedningen g\u00e4rna emot tips om detta.<\/p>\n<p><b>Valberedningens sammankallande \u00e4r Bengt Mickelsson.\u00a0 \u00a0 \u00a0&lt;bengt.mickelsson@hotmail.com&gt;<\/b><\/p>\n<p>&nbsp;<\/p>\n","protected":false},"excerpt":{"rendered":"<p>Kretsens valberedning utg\u00f6rs av f\u00f6rtroendevalda personer som har till uppgift att f\u00f6rbereda val av funktion\u00e4rer. Medlemmar som \u00f6nskar delta i kretsens verksamhet \u00e4r v\u00e4lkomna att ta kontakt, presentera sig sj\u00e4lv och ber\u00e4tta vad man \u00e4r intresserad att bidraga med. K\u00e4nner n\u00e5gon till en annan person l\u00e4mpad f\u00f6r uppgiften tar valberedningen g\u00e4rna emot tips om detta. [&hellip;]<\/p>\n","protected":false},"author":63,"featured_media":0,"parent":0,"menu_order":0,"comment_status":"closed","ping_status":"closed","template":"","meta":{"footnotes":""},"class_list":["post-829","page","type-page","status-publish","hentry"],"_links":{"self":[{"href":"https:\/\/krets.jagareforbundet.se\/hammerdal\/wp-json\/wp\/v2\/pages\/829","targetHints":{"allow":["GET"]}}],"collection":[{"href":"https:\/\/krets.jagareforbundet.se\/hammerdal\/wp-json\/wp\/v2\/pages"}],"about":[{"href":"https:\/\/krets.jagareforbundet.se\/hammerdal\/wp-json\/wp\/v2\/types\/page"}],"author":[{"embeddable":true,"href":"https:\/\/krets.jagareforbundet.se\/hammerdal\/wp-json\/wp\/v2\/users\/63"}],"replies":[{"embeddable":true,"href":"https:\/\/krets.jagareforbundet.se\/hammerdal\/wp-json\/wp\/v2\/comments?post=829"}],"version-history":[{"count":3,"href":"https:\/\/krets.jagareforbundet.se\/hammerdal\/wp-json\/wp\/v2\/pages\/829\/revisions"}],"predecessor-version":[{"id":860,"href":"https:\/\/krets.jagareforbundet.se\/hammerdal\/wp-json\/wp\/v2\/pages\/829\/revisions\/860"}],"wp:attachment":[{"href":"https:\/\/krets.jagareforbundet.se\/hammerdal\/wp-json\/wp\/v2\/media?parent=829"}],"curies":[{"name":"wp","href":"https:\/\/api.w.org\/{rel}","templated":true}]}}