{"id":925,"date":"2024-09-26T11:39:00","date_gmt":"2024-09-26T09:39:00","guid":{"rendered":"https:\/\/krets.jagareforbundet.se\/hammerdal\/?page_id=925"},"modified":"2024-09-26T11:40:10","modified_gmt":"2024-09-26T09:40:10","slug":"ungdomsstipendium","status":"publish","type":"page","link":"https:\/\/krets.jagareforbundet.se\/hammerdal\/ungdomsstipendium\/","title":{"rendered":"Ungdomsstipendium"},"content":{"rendered":"<p>J\u00e4garef\u00f6rbundet Hammerdal har anslagit pengar till stipendium om 1000 SEK till ungdom som tar<br \/>\nj\u00e4garexamen.<\/p>\n<p><strong>Regler:<\/strong><br \/>\no Stipendiet \u00e4r 1000 kronor. Vi avs\u00e4tter 10 000 kronor f\u00f6r dessa bidrag \u2013 n\u00e4r<br \/>\npengarna \u00e4r slut avsl\u00e5s efterf\u00f6ljande bidrag. Datum f\u00f6r inkommen ans\u00f6kan<br \/>\navg\u00f6r turordning till stipendiet.<br \/>\no Ber\u00e4ttigad s\u00f6kande \u00e4r medlem i Hammerdals JVK som under kalender\u00e5ret<br \/>\nfyller h\u00f6gst 18 \u00e5r.<br \/>\no Teoretiskt godk\u00e4nt prov f\u00f6r j\u00e4garexamen skall avl\u00e4ggas under<br \/>\nans\u00f6knings\u00e5ret.<br \/>\no Bidraget utbetalas vid en ceremoni under efterf\u00f6ljande \u00e5rsm\u00f6te f\u00f6r<br \/>\nHammerdals JVK<\/p>\n","protected":false},"excerpt":{"rendered":"<p>J\u00e4garef\u00f6rbundet Hammerdal har anslagit pengar till stipendium om 1000 SEK till ungdom som tar j\u00e4garexamen. Regler: o Stipendiet \u00e4r 1000 kronor. Vi avs\u00e4tter 10 000 kronor f\u00f6r dessa bidrag \u2013 n\u00e4r pengarna \u00e4r slut avsl\u00e5s efterf\u00f6ljande bidrag. Datum f\u00f6r inkommen ans\u00f6kan avg\u00f6r turordning till stipendiet. o Ber\u00e4ttigad s\u00f6kande \u00e4r medlem i Hammerdals JVK som under [&hellip;]<\/p>\n","protected":false},"author":63,"featured_media":0,"parent":0,"menu_order":0,"comment_status":"closed","ping_status":"closed","template":"","meta":{"footnotes":""},"class_list":["post-925","page","type-page","status-publish","hentry"],"_links":{"self":[{"href":"https:\/\/krets.jagareforbundet.se\/hammerdal\/wp-json\/wp\/v2\/pages\/925","targetHints":{"allow":["GET"]}}],"collection":[{"href":"https:\/\/krets.jagareforbundet.se\/hammerdal\/wp-json\/wp\/v2\/pages"}],"about":[{"href":"https:\/\/krets.jagareforbundet.se\/hammerdal\/wp-json\/wp\/v2\/types\/page"}],"author":[{"embeddable":true,"href":"https:\/\/krets.jagareforbundet.se\/hammerdal\/wp-json\/wp\/v2\/users\/63"}],"replies":[{"embeddable":true,"href":"https:\/\/krets.jagareforbundet.se\/hammerdal\/wp-json\/wp\/v2\/comments?post=925"}],"version-history":[{"count":2,"href":"https:\/\/krets.jagareforbundet.se\/hammerdal\/wp-json\/wp\/v2\/pages\/925\/revisions"}],"predecessor-version":[{"id":927,"href":"https:\/\/krets.jagareforbundet.se\/hammerdal\/wp-json\/wp\/v2\/pages\/925\/revisions\/927"}],"wp:attachment":[{"href":"https:\/\/krets.jagareforbundet.se\/hammerdal\/wp-json\/wp\/v2\/media?parent=925"}],"curies":[{"name":"wp","href":"https:\/\/api.w.org\/{rel}","templated":true}]}}