{"id":1057,"date":"2014-09-15T20:47:33","date_gmt":"2014-09-15T18:47:33","guid":{"rendered":"https:\/\/krets.jagareforbundet.se\/haningetyreso\/?page_id=1057"},"modified":"2020-08-09T11:04:15","modified_gmt":"2020-08-09T09:04:15","slug":"trofen-fore-och-efter-skottet","status":"publish","type":"page","link":"https:\/\/krets.jagareforbundet.se\/haningetyreso\/tips-fran-konservatorn\/trofen-fore-och-efter-skottet\/","title":{"rendered":"Trof\u00e9n f\u00f6re och efter skottet"},"content":{"rendered":"<p>Text och bild: Lena S\u00f6derman<\/p>\n<h3><div class=\"woo-sc-quote\"><p>Det \u00e4r s\u00e4llan man vet hur jakten skall g\u00e5 i f\u00f6rv\u00e4g. Det kan bli ditt livs st\u00f6rsta hjort eller din hunds b\u00e4sta drev med otrolig jakt och fint byte. Men n\u00e4r bytet \u00e4r \u201db\u00e4rgat\u201d, urtaget och h\u00e4nger i slakthuset g\u00e4ller det att t\u00e4nka efter f\u00f6re. Jag h\u00f6r ofta att man i efterhand hade velat ta hand om den d\u00e4r guldbocken eller f\u00f6rsta dovhjorten men att hunden hann rycka loss allt h\u00e5r eller att man hann sk\u00e4ra av huvudet, ja, d\u00e5 kan det vara f\u00f6r sent! D\u00e4rf\u00f6r \u00e4r det bra att du redan innan skottet och har klart f\u00f6r dig vad skall g\u00f6ra om du t.ex. vill ha ett bogmontage. Det kan \u00e4ven vara bra att ha kontaktuppgifterna till konservatorn tillg\u00e4ngligt.<\/p><\/div><\/h3>\n<h3><a href=\"https:\/\/krets.jagareforbundet.se\/haningetyreso\/files\/2020\/08\/guldbock_gotland.jpg\"><img loading=\"lazy\" decoding=\"async\" class=\"aligncenter size-medium wp-image-1590\" src=\"https:\/\/krets.jagareforbundet.se\/haningetyreso\/files\/2020\/08\/guldbock_gotland-190x300.jpg\" alt=\"\" width=\"190\" height=\"300\" srcset=\"https:\/\/krets.jagareforbundet.se\/haningetyreso\/files\/2020\/08\/guldbock_gotland-190x300.jpg 190w, https:\/\/krets.jagareforbundet.se\/haningetyreso\/files\/2020\/08\/guldbock_gotland.jpg 379w\" sizes=\"auto, (max-width: 190px) 100vw, 190px\" \/><\/a><\/h3>\n<p>Ett vanligt fel jag ser \u00e4r att j\u00e4garna inte sparar tillr\u00e4ckligt med skinn om man skall g\u00f6ra ett bogmontage av ex r\u00e5djur, kronhjort, dovhjort eller vildsvin. En tumregel \u00e4r att ta ca 1 dm bakom frambenen och 1 dm ner p\u00e5 frambenet. Ta hellre f\u00f6r mycket \u00e4n f\u00f6r lite.<br \/>\nG\u00f6r inga on\u00f6diga snitt i skinnet. M\u00e5ste man av n\u00e5gon anledning g\u00f6ra det, t.ex. p\u00e5 vildsvin som kan vara sv\u00e5ra att fl\u00e5 runt halsen, s\u00e4tt ett rakt snitt i nacken. Det \u00e4r okej att sk\u00e4r \u00e4nda upp men sluta ca 5 cm fr\u00e5n huvudet. R\u00e5djur \u00e4r bara att rundfl\u00e5 upp till huvudet och sk\u00e4ra av vid atlaskotan. L\u00e4mna alltid huvudet intakt s\u00e5 konservatorn sj\u00e4lv f\u00e5r fl\u00e5 det. Inga snitt i halsen.<br \/>\nSkinn och huvud kan klara n\u00e5gon vecka i kylrum utan att bli f\u00f6rst\u00f6rt, men det g\u00e4ller inte alla skinn s\u00e5 ta till vana att alltid fl\u00e5 av den bit du skall ha, l\u00e5t kylas ner, och rulla ihop och frys sedan ner s\u00e5 fort som m\u00f6jligt. Har man skjutit en \u00e4lgtjur kan detta vara lite marigt. D\u00e5 ringer man konservatorn direkt, oftast g\u00e5r det att l\u00e4mna trofen omg\u00e5ende.<br \/>\nN\u00e4r det g\u00e4ller vildsvinsbetar f\u00e5r jag ofta in s\u00e5dana som har blivit avslagna i transporten fr\u00e5n skogen eller slakthuset. T\u00e4nk p\u00e5 att vara r\u00e4dd om din blivande trof\u00e9!<\/p>\n<p>Saker att t\u00e4nka p\u00e5:<br \/>\n1. L\u00e5t inte hunden bita i skinnet.<br \/>\n2. Ta ordentligt med skinn bakom frambenen och en bit ner p\u00e5 benen.<br \/>\n3. Fl\u00e5 och kyl ner skinnet s\u00e5 fort som m\u00f6jligt.<br \/>\n4. S\u00e4tt inga snitt i bogskinnet. Undantagsvis endast ett rakt snitt i nacken d\u00e4r s\u00f6mmen inte syns.<br \/>\n5. L\u00e5t konservatorn fl\u00e5 huvudet sj\u00e4lv f\u00f6r b\u00e4sta resultat.<\/p>\n<p><span class=\"shortcode-typography\" style=\"font-family: 'Calligraffitti'; font-size: 24px; color: #000000;\">Lycka till med din trof\u00e9!<\/span><br \/>\n<span class=\"shortcode-typography\" style=\"font-family: 'Calligraffitti'; font-size: 18px; color: #000000;\">Lena S\u00f6derman, konservator<\/span><\/p>\n<p>&nbsp;<\/p>\n","protected":false},"excerpt":{"rendered":"<p>Text och bild: Lena S\u00f6derman Ett vanligt fel jag ser \u00e4r att j\u00e4garna inte sparar tillr\u00e4ckligt med skinn om man skall g\u00f6ra ett bogmontage av ex r\u00e5djur, kronhjort, dovhjort eller vildsvin. En tumregel \u00e4r att ta ca 1 dm bakom frambenen och 1 dm ner p\u00e5 frambenet. Ta hellre f\u00f6r mycket \u00e4n f\u00f6r lite. G\u00f6r [&hellip;]<\/p>\n","protected":false},"author":101,"featured_media":0,"parent":1059,"menu_order":0,"comment_status":"closed","ping_status":"closed","template":"","meta":{"footnotes":""},"class_list":["post-1057","page","type-page","status-publish","hentry"],"_links":{"self":[{"href":"https:\/\/krets.jagareforbundet.se\/haningetyreso\/wp-json\/wp\/v2\/pages\/1057","targetHints":{"allow":["GET"]}}],"collection":[{"href":"https:\/\/krets.jagareforbundet.se\/haningetyreso\/wp-json\/wp\/v2\/pages"}],"about":[{"href":"https:\/\/krets.jagareforbundet.se\/haningetyreso\/wp-json\/wp\/v2\/types\/page"}],"author":[{"embeddable":true,"href":"https:\/\/krets.jagareforbundet.se\/haningetyreso\/wp-json\/wp\/v2\/users\/101"}],"replies":[{"embeddable":true,"href":"https:\/\/krets.jagareforbundet.se\/haningetyreso\/wp-json\/wp\/v2\/comments?post=1057"}],"version-history":[{"count":1,"href":"https:\/\/krets.jagareforbundet.se\/haningetyreso\/wp-json\/wp\/v2\/pages\/1057\/revisions"}],"predecessor-version":[{"id":1591,"href":"https:\/\/krets.jagareforbundet.se\/haningetyreso\/wp-json\/wp\/v2\/pages\/1057\/revisions\/1591"}],"up":[{"embeddable":true,"href":"https:\/\/krets.jagareforbundet.se\/haningetyreso\/wp-json\/wp\/v2\/pages\/1059"}],"wp:attachment":[{"href":"https:\/\/krets.jagareforbundet.se\/haningetyreso\/wp-json\/wp\/v2\/media?parent=1057"}],"curies":[{"name":"wp","href":"https:\/\/api.w.org\/{rel}","templated":true}]}}