{"id":1059,"date":"2014-09-15T21:01:42","date_gmt":"2014-09-15T19:01:42","guid":{"rendered":"https:\/\/krets.jagareforbundet.se\/haningetyreso\/?page_id=1059"},"modified":"2020-08-09T11:03:51","modified_gmt":"2020-08-09T09:03:51","slug":"tips-fran-konservatorn","status":"publish","type":"page","link":"https:\/\/krets.jagareforbundet.se\/haningetyreso\/tips-fran-konservatorn\/","title":{"rendered":"Tips fr\u00e5n konservatorn"},"content":{"rendered":"<div class=\"woo-sc-quote\"><p>V\u00e4rdefulla tips fr\u00e5n konservator Lena S\u00f6derman!<\/p><\/div>\n<h3><a href=\"https:\/\/krets.jagareforbundet.se\/haningetyreso\/tips-fran-konservatorn\/trofen-fore-och-efter-skottet\/\">Trof\u00e9n f\u00f6re och efter skottet<\/a><\/h3>\n<h3><a href=\"https:\/\/krets.jagareforbundet.se\/haningetyreso\/tips-fran-konservatorn\/vad-gor-jag-med-bavern\/\">Vad g\u00f6r jag med b\u00e4vern?<\/a><\/h3>\n<h3><a href=\"https:\/\/krets.jagareforbundet.se\/haningetyreso\/tips-fran-konservatorn\/tjaderjakt\/\">Tj\u00e4derjakt<\/a><\/h3>\n<p>&nbsp;<\/p>\n<p>&nbsp;<\/p>\n","protected":false},"excerpt":{"rendered":"<p>Trof\u00e9n f\u00f6re och efter skottet Vad g\u00f6r jag med b\u00e4vern? Tj\u00e4derjakt &nbsp; &nbsp;<\/p>\n","protected":false},"author":101,"featured_media":1595,"parent":0,"menu_order":55,"comment_status":"closed","ping_status":"closed","template":"","meta":{"footnotes":""},"class_list":["post-1059","page","type-page","status-publish","has-post-thumbnail","hentry"],"_links":{"self":[{"href":"https:\/\/krets.jagareforbundet.se\/haningetyreso\/wp-json\/wp\/v2\/pages\/1059","targetHints":{"allow":["GET"]}}],"collection":[{"href":"https:\/\/krets.jagareforbundet.se\/haningetyreso\/wp-json\/wp\/v2\/pages"}],"about":[{"href":"https:\/\/krets.jagareforbundet.se\/haningetyreso\/wp-json\/wp\/v2\/types\/page"}],"author":[{"embeddable":true,"href":"https:\/\/krets.jagareforbundet.se\/haningetyreso\/wp-json\/wp\/v2\/users\/101"}],"replies":[{"embeddable":true,"href":"https:\/\/krets.jagareforbundet.se\/haningetyreso\/wp-json\/wp\/v2\/comments?post=1059"}],"version-history":[{"count":3,"href":"https:\/\/krets.jagareforbundet.se\/haningetyreso\/wp-json\/wp\/v2\/pages\/1059\/revisions"}],"predecessor-version":[{"id":1596,"href":"https:\/\/krets.jagareforbundet.se\/haningetyreso\/wp-json\/wp\/v2\/pages\/1059\/revisions\/1596"}],"wp:featuredmedia":[{"embeddable":true,"href":"https:\/\/krets.jagareforbundet.se\/haningetyreso\/wp-json\/wp\/v2\/media\/1595"}],"wp:attachment":[{"href":"https:\/\/krets.jagareforbundet.se\/haningetyreso\/wp-json\/wp\/v2\/media?parent=1059"}],"curies":[{"name":"wp","href":"https:\/\/api.w.org\/{rel}","templated":true}]}}