{"id":1076,"date":"2014-09-29T07:09:11","date_gmt":"2014-09-29T05:09:11","guid":{"rendered":"https:\/\/krets.jagareforbundet.se\/haningetyreso\/?page_id=1076"},"modified":"2024-03-13T21:47:44","modified_gmt":"2024-03-13T20:47:44","slug":"unga-jagare","status":"publish","type":"page","link":"https:\/\/krets.jagareforbundet.se\/haningetyreso\/unga-jagare\/","title":{"rendered":"Unga j\u00e4gare"},"content":{"rendered":"<p>&nbsp;<\/p>\n<p><a href=\"https:\/\/jagareforbundet.se\/mitt\/stockholms-lan\/jagareforbundet-stockholm\/verksamhet\/ungdomsverksamhet\/\" target=\"_blank\" rel=\"noopener noreferrer\">UngaJ\u00e4gare<\/a> \u00e4r J\u00e4garef\u00f6rbundet Stockholms l\u00e4ns n\u00e4tverk f\u00f6r medlemmar upp till 25 \u00e5r.<\/p>\n<p>Kretsens kontaktperson f\u00f6r ungdomsfr\u00e5gor \u00e4r Hubert Rozwadowski, mejladress <a href=\"mailto:hubertrozwadowski@gmail.com\">hubertrozwadowski@gmail.com<\/a><\/p>\n<p>&nbsp;<\/p>\n<p>&nbsp;<\/p>\n","protected":false},"excerpt":{"rendered":"<p>&nbsp; UngaJ\u00e4gare \u00e4r J\u00e4garef\u00f6rbundet Stockholms l\u00e4ns n\u00e4tverk f\u00f6r medlemmar upp till 25 \u00e5r. Kretsens kontaktperson f\u00f6r ungdomsfr\u00e5gor \u00e4r Hubert Rozwadowski, mejladress hubertrozwadowski@gmail.com &nbsp; &nbsp;<\/p>\n","protected":false},"author":101,"featured_media":0,"parent":0,"menu_order":30,"comment_status":"closed","ping_status":"closed","template":"","meta":{"footnotes":""},"class_list":["post-1076","page","type-page","status-publish","hentry"],"_links":{"self":[{"href":"https:\/\/krets.jagareforbundet.se\/haningetyreso\/wp-json\/wp\/v2\/pages\/1076","targetHints":{"allow":["GET"]}}],"collection":[{"href":"https:\/\/krets.jagareforbundet.se\/haningetyreso\/wp-json\/wp\/v2\/pages"}],"about":[{"href":"https:\/\/krets.jagareforbundet.se\/haningetyreso\/wp-json\/wp\/v2\/types\/page"}],"author":[{"embeddable":true,"href":"https:\/\/krets.jagareforbundet.se\/haningetyreso\/wp-json\/wp\/v2\/users\/101"}],"replies":[{"embeddable":true,"href":"https:\/\/krets.jagareforbundet.se\/haningetyreso\/wp-json\/wp\/v2\/comments?post=1076"}],"version-history":[{"count":2,"href":"https:\/\/krets.jagareforbundet.se\/haningetyreso\/wp-json\/wp\/v2\/pages\/1076\/revisions"}],"predecessor-version":[{"id":1826,"href":"https:\/\/krets.jagareforbundet.se\/haningetyreso\/wp-json\/wp\/v2\/pages\/1076\/revisions\/1826"}],"wp:attachment":[{"href":"https:\/\/krets.jagareforbundet.se\/haningetyreso\/wp-json\/wp\/v2\/media?parent=1076"}],"curies":[{"name":"wp","href":"https:\/\/api.w.org\/{rel}","templated":true}]}}