{"id":1275,"date":"2016-03-19T11:23:58","date_gmt":"2016-03-19T10:23:58","guid":{"rendered":"https:\/\/krets.jagareforbundet.se\/haningetyreso\/?page_id=1275"},"modified":"2026-03-20T09:18:26","modified_gmt":"2026-03-20T08:18:26","slug":"styrelsen","status":"publish","type":"page","link":"https:\/\/krets.jagareforbundet.se\/haningetyreso\/styrelsen\/","title":{"rendered":"Kretsstyrelse"},"content":{"rendered":"<p>&nbsp;<\/p>\n<table width=\"100%\">\n<tbody>\n<tr>\n<td><u>Funktion<\/u><\/td>\n<td><u>Namn<\/u><\/td>\n<td><u>\u00d6vriga uppdrag<\/u><\/td>\n<\/tr>\n<tr>\n<td>Ordf\u00f6rande<\/td>\n<td>Peter Carlsson<\/td>\n<td>Media<\/td>\n<\/tr>\n<tr>\n<td>Vice ordf\u00f6rande<\/td>\n<td>Melker Skoglund<\/td>\n<td>Utbildning, skytte<\/td>\n<\/tr>\n<tr>\n<td>Sekreterare<\/td>\n<td>Jonathan Dahl<\/td>\n<td>Hemsida<\/td>\n<\/tr>\n<tr>\n<td>Kass\u00f6r<\/td>\n<td>Christer Berggren<\/td>\n<td>Rovvilt<\/td>\n<\/tr>\n<tr>\n<td>Ledam\u00f6ter<\/td>\n<td>Hubert Rozwadowski<\/td>\n<td>Hundansvarig<\/td>\n<\/tr>\n<tr>\n<td><\/td>\n<td>Mikael Hammar<\/td>\n<td>Jakt och viltf\u00f6rvaltning<\/td>\n<\/tr>\n<tr>\n<td><\/td>\n<td>Jonathan Dahl<\/td>\n<td>Samordnare NVR\/Viltolyckor<\/td>\n<\/tr>\n<tr>\n<td><\/td>\n<td>Patrik Wandery<\/td>\n<td>Skytte<\/td>\n<\/tr>\n<tr>\n<td><\/td>\n<td>Therese Lindberg<\/td>\n<td>JAQT, Jakt och viltf\u00f6rvaltning<\/td>\n<td><\/td>\n<\/tr>\n<tr>\n<td><\/td>\n<td>Jonas Andersson<\/td>\n<td>Utbildning<\/td>\n<\/tr>\n<tr>\n<td><\/td>\n<td>Mikael Roos<\/td>\n<td>Hund<\/td>\n<td><\/td>\n<\/tr>\n<tr>\n<td><\/td>\n<td>Andreas Eckebro<\/td>\n<td>Ungdomsfr\u00e5gor<\/td>\n<td><\/td>\n<\/tr>\n<\/tbody>\n<\/table>\n<p>&nbsp;<\/p>\n<table width=\"100%\">\n<tbody>\n<tr>\n<td><strong>Adjungerade<\/strong><br \/>\nMats Englund, Kr\u00e5kgeneral Anders Larsson, Sk\u00e4rg\u00e5rdsr\u00e5det<\/td>\n<\/tr>\n<\/tbody>\n<tbody>\n<tr>\n<td><strong>Valberedning<\/strong><br \/>\nJimmy Engstr\u00f6m, Christer Wallin<\/td>\n<\/tr>\n<\/tbody>\n<tbody>\n<tr>\n<td><b>Kontakta styrelsen eller \u00f6vrig funktion\u00e4r<\/b><br \/>\n<a href=\"mailto:haninge-tyreso@abkrets.se\">haninge-tyreso@abkrets.se<\/a><br \/>\nOrganisationsnummer: 802496-7740<\/td>\n<\/tr>\n<\/tbody>\n<\/table>\n","protected":false},"excerpt":{"rendered":"<p>&nbsp; Funktion Namn \u00d6vriga uppdrag Ordf\u00f6rande Peter Carlsson Media Vice ordf\u00f6rande Melker Skoglund Utbildning, skytte Sekreterare Jonathan Dahl Hemsida Kass\u00f6r Christer Berggren Rovvilt Ledam\u00f6ter Hubert Rozwadowski Hundansvarig Mikael Hammar Jakt och viltf\u00f6rvaltning Jonathan Dahl Samordnare NVR\/Viltolyckor Patrik Wandery Skytte Therese Lindberg JAQT, Jakt och viltf\u00f6rvaltning Jonas Andersson Utbildning Mikael Roos Hund Andreas Eckebro Ungdomsfr\u00e5gor &nbsp; [&hellip;]<\/p>\n","protected":false},"author":101,"featured_media":0,"parent":0,"menu_order":1,"comment_status":"closed","ping_status":"closed","template":"","meta":{"footnotes":""},"class_list":["post-1275","page","type-page","status-publish","hentry"],"_links":{"self":[{"href":"https:\/\/krets.jagareforbundet.se\/haningetyreso\/wp-json\/wp\/v2\/pages\/1275","targetHints":{"allow":["GET"]}}],"collection":[{"href":"https:\/\/krets.jagareforbundet.se\/haningetyreso\/wp-json\/wp\/v2\/pages"}],"about":[{"href":"https:\/\/krets.jagareforbundet.se\/haningetyreso\/wp-json\/wp\/v2\/types\/page"}],"author":[{"embeddable":true,"href":"https:\/\/krets.jagareforbundet.se\/haningetyreso\/wp-json\/wp\/v2\/users\/101"}],"replies":[{"embeddable":true,"href":"https:\/\/krets.jagareforbundet.se\/haningetyreso\/wp-json\/wp\/v2\/comments?post=1275"}],"version-history":[{"count":3,"href":"https:\/\/krets.jagareforbundet.se\/haningetyreso\/wp-json\/wp\/v2\/pages\/1275\/revisions"}],"predecessor-version":[{"id":1927,"href":"https:\/\/krets.jagareforbundet.se\/haningetyreso\/wp-json\/wp\/v2\/pages\/1275\/revisions\/1927"}],"wp:attachment":[{"href":"https:\/\/krets.jagareforbundet.se\/haningetyreso\/wp-json\/wp\/v2\/media?parent=1275"}],"curies":[{"name":"wp","href":"https:\/\/api.w.org\/{rel}","templated":true}]}}