{"id":1282,"date":"2017-04-02T10:53:20","date_gmt":"2017-04-02T08:53:20","guid":{"rendered":"https:\/\/krets.jagareforbundet.se\/haningetyreso\/?page_id=1282"},"modified":"2025-04-03T18:45:50","modified_gmt":"2025-04-03T16:45:50","slug":"km-eftersok-2016","status":"publish","type":"page","link":"https:\/\/krets.jagareforbundet.se\/haningetyreso\/startsida\/km-eftersok-2016\/","title":{"rendered":"KM efters\u00f6k 2025"},"content":{"rendered":"<p style=\"line-height: 18.0pt\"><a href=\"https:\/\/krets.jagareforbundet.se\/haningetyreso\/files\/2018\/03\/hedda-sparar-bock.jpg\"><img loading=\"lazy\" decoding=\"async\" class=\"aligncenter wp-image-1514 size-large\" src=\"https:\/\/krets.jagareforbundet.se\/haningetyreso\/files\/2018\/03\/hedda-sparar-bock-1024x576.jpg\" alt=\"\" width=\"1024\" height=\"576\" srcset=\"https:\/\/krets.jagareforbundet.se\/haningetyreso\/files\/2018\/03\/hedda-sparar-bock-1024x576.jpg 1024w, https:\/\/krets.jagareforbundet.se\/haningetyreso\/files\/2018\/03\/hedda-sparar-bock-300x169.jpg 300w, https:\/\/krets.jagareforbundet.se\/haningetyreso\/files\/2018\/03\/hedda-sparar-bock-768x432.jpg 768w\" sizes=\"auto, (max-width: 1024px) 100vw, 1024px\" \/><\/a><\/p>\n<p style=\"line-height: 18.0pt\"><i><span style=\"font-family: 'Georgia',serif;color: #333333\">Haninge-Tyres\u00f6 jaktv\u00e5rdskrets \u00f6nskar alla medlemmar v\u00e4lkomna till KM i Efters\u00f6k l\u00f6rdagen 17\/5 2024<\/span><\/i><\/p>\n<p style=\"line-height: 18.0pt;text-align: start\"><i><span style=\"font-family: 'Georgia',serif;color: #333333\">Anm\u00e4lan via mail till Jonathan Dahl R\u00e5destad, 070-4415454 , <a href=\"mailto:jdr@lihab.se\">jdr@lihab.se<\/a><\/span><\/i><\/p>\n<p style=\"line-height: 18.0pt;text-align: start\"><i><span style=\"font-family: 'Georgia',serif;color: #333333\">T\u00e4vlingen \u00e4r \u00f6ppen f\u00f6r medlemmar i Haninge\/Tyres\u00f6 jaktv\u00e5rdskrets.<br \/>\nVi kommer att ta emot max 10 st anm\u00e4lningar, f\u00f6rst till kvarn g\u00e4ller.<\/span><\/i><\/p>\n<p style=\"line-height: 18.0pt\"><i><span style=\"font-family: 'Georgia',serif;color: #333333\">Jag kommer att svara er med ett mail som bekr\u00e4ftelse p\u00e5 er anm\u00e4lan.<\/span><\/i><\/p>\n<p style=\"line-height: 18.0pt\"><i><span style=\"font-family: 'Georgia',serif;color: #333333\">Samlingsplats och tid meddelas senare.<\/span><\/i><\/p>\n<p style=\"line-height: 18.0pt\"><i><span style=\"font-family: 'Georgia',serif;color: #333333\">Fina priser utlovas.<\/span><\/i><\/p>\n<p style=\"line-height: 18.0pt;text-align: start\"><i><span style=\"font-family: 'Georgia',serif;color: #333333\">\u00c4r det n\u00e5gra som helst fr\u00e5gor s\u00e5 h\u00f6r av er till undertecknad.<\/span><\/i><\/p>\n<p style=\"line-height: 18.0pt;text-align: start\"><i><span style=\"font-family: 'Georgia',serif;color: #333333\">H\u00e4lsningar Jonathan Dahl R\u00e5destad<\/span><\/i><\/p>\n","protected":false},"excerpt":{"rendered":"<p>Haninge-Tyres\u00f6 jaktv\u00e5rdskrets \u00f6nskar alla medlemmar v\u00e4lkomna till KM i Efters\u00f6k l\u00f6rdagen 17\/5 2024 Anm\u00e4lan via mail till Jonathan Dahl R\u00e5destad, 070-4415454 , jdr@lihab.se T\u00e4vlingen \u00e4r \u00f6ppen f\u00f6r medlemmar i Haninge\/Tyres\u00f6 jaktv\u00e5rdskrets. Vi kommer att ta emot max 10 st anm\u00e4lningar, f\u00f6rst till kvarn g\u00e4ller. Jag kommer att svara er med ett mail som bekr\u00e4ftelse p\u00e5 [&hellip;]<\/p>\n","protected":false},"author":101,"featured_media":0,"parent":2,"menu_order":0,"comment_status":"closed","ping_status":"closed","template":"","meta":{"footnotes":""},"class_list":["post-1282","page","type-page","status-publish","hentry"],"_links":{"self":[{"href":"https:\/\/krets.jagareforbundet.se\/haningetyreso\/wp-json\/wp\/v2\/pages\/1282","targetHints":{"allow":["GET"]}}],"collection":[{"href":"https:\/\/krets.jagareforbundet.se\/haningetyreso\/wp-json\/wp\/v2\/pages"}],"about":[{"href":"https:\/\/krets.jagareforbundet.se\/haningetyreso\/wp-json\/wp\/v2\/types\/page"}],"author":[{"embeddable":true,"href":"https:\/\/krets.jagareforbundet.se\/haningetyreso\/wp-json\/wp\/v2\/users\/101"}],"replies":[{"embeddable":true,"href":"https:\/\/krets.jagareforbundet.se\/haningetyreso\/wp-json\/wp\/v2\/comments?post=1282"}],"version-history":[{"count":4,"href":"https:\/\/krets.jagareforbundet.se\/haningetyreso\/wp-json\/wp\/v2\/pages\/1282\/revisions"}],"predecessor-version":[{"id":1285,"href":"https:\/\/krets.jagareforbundet.se\/haningetyreso\/wp-json\/wp\/v2\/pages\/1282\/revisions\/1285"}],"up":[{"embeddable":true,"href":"https:\/\/krets.jagareforbundet.se\/haningetyreso\/wp-json\/wp\/v2\/pages\/2"}],"wp:attachment":[{"href":"https:\/\/krets.jagareforbundet.se\/haningetyreso\/wp-json\/wp\/v2\/media?parent=1282"}],"curies":[{"name":"wp","href":"https:\/\/api.w.org\/{rel}","templated":true}]}}