{"id":1342,"date":"2016-06-06T14:53:57","date_gmt":"2016-06-06T12:53:57","guid":{"rendered":"https:\/\/krets.jagareforbundet.se\/haningetyreso\/?page_id=1342"},"modified":"2025-04-10T20:29:46","modified_gmt":"2025-04-10T18:29:46","slug":"rovviltsinventering-inom-haningetyreso","status":"publish","type":"page","link":"https:\/\/krets.jagareforbundet.se\/haningetyreso\/rovviltsinventering-inom-haningetyreso\/","title":{"rendered":"Rovviltsinventering"},"content":{"rendered":"<p><em>En mer konsekvent, tillf\u00f6rlitlig och markt\u00e4ckande inventering d\u00e4r v\u00e5ra mark\u00e4gare och jaktlag \u00e4r inkluderade i rapporteringen<\/em><\/p>\n<p>Anv\u00e4nd <strong>Skandobs<\/strong> som verktyg, b\u00e5de p\u00e5 PC och mobil app.<\/p>\n<p>F\u00f6r information om appen samt installation s\u00e5 l\u00e4s bifogad presentation.<br \/>\nEller g\u00e5 in p\u00e5 <a href=\"http:\/\/www.skandobs.se\/\">www.skandobs.se<\/a><\/p>\n<p>&nbsp;<\/p>\n","protected":false},"excerpt":{"rendered":"<p>En mer konsekvent, tillf\u00f6rlitlig och markt\u00e4ckande inventering d\u00e4r v\u00e5ra mark\u00e4gare och jaktlag \u00e4r inkluderade i rapporteringen Anv\u00e4nd Skandobs som verktyg, b\u00e5de p\u00e5 PC och mobil app. F\u00f6r information om appen samt installation s\u00e5 l\u00e4s bifogad presentation. Eller g\u00e5 in p\u00e5 www.skandobs.se &nbsp;<\/p>\n","protected":false},"author":101,"featured_media":0,"parent":0,"menu_order":36,"comment_status":"closed","ping_status":"closed","template":"","meta":{"footnotes":""},"class_list":["post-1342","page","type-page","status-publish","hentry"],"_links":{"self":[{"href":"https:\/\/krets.jagareforbundet.se\/haningetyreso\/wp-json\/wp\/v2\/pages\/1342","targetHints":{"allow":["GET"]}}],"collection":[{"href":"https:\/\/krets.jagareforbundet.se\/haningetyreso\/wp-json\/wp\/v2\/pages"}],"about":[{"href":"https:\/\/krets.jagareforbundet.se\/haningetyreso\/wp-json\/wp\/v2\/types\/page"}],"author":[{"embeddable":true,"href":"https:\/\/krets.jagareforbundet.se\/haningetyreso\/wp-json\/wp\/v2\/users\/101"}],"replies":[{"embeddable":true,"href":"https:\/\/krets.jagareforbundet.se\/haningetyreso\/wp-json\/wp\/v2\/comments?post=1342"}],"version-history":[{"count":2,"href":"https:\/\/krets.jagareforbundet.se\/haningetyreso\/wp-json\/wp\/v2\/pages\/1342\/revisions"}],"predecessor-version":[{"id":1866,"href":"https:\/\/krets.jagareforbundet.se\/haningetyreso\/wp-json\/wp\/v2\/pages\/1342\/revisions\/1866"}],"wp:attachment":[{"href":"https:\/\/krets.jagareforbundet.se\/haningetyreso\/wp-json\/wp\/v2\/media?parent=1342"}],"curies":[{"name":"wp","href":"https:\/\/api.w.org\/{rel}","templated":true}]}}