{"id":1541,"date":"2019-05-01T11:30:35","date_gmt":"2019-05-01T09:30:35","guid":{"rendered":"https:\/\/krets.jagareforbundet.se\/haningetyreso\/?page_id=1541"},"modified":"2024-12-16T18:33:04","modified_gmt":"2024-12-16T17:33:04","slug":"vildsvinsjaktutbildning","status":"publish","type":"page","link":"https:\/\/krets.jagareforbundet.se\/haningetyreso\/vildsvinsjaktutbildning\/","title":{"rendered":"Vildsvinsjaktutbildning"},"content":{"rendered":"<p><strong>Vill du l\u00e4ra dig mer om vildsvin och vildsvinsjakt? D\u00e5 har vi ett erbjudande till dig! <\/strong><\/p>\n<p><strong>Var: <\/strong>Forsmark, 2 mil norr om \u00d6sthammar<br \/>\n<strong>N\u00e4r<\/strong>: fredagen den 23 maj<br \/>\n<strong>L\u00e4ngd: <\/strong>Teori, \u00f6vningsskytte och \u00e5teljakt under en heldag samt egna studier via E-jakt innan kursdagen (kl.09.00-22.00 beroende p\u00e5 solnedg\u00e5ng).<br \/>\nTeori cirka 5 timmar p\u00e5 f\u00f6rmiddagen. \u00d6vningsskytte 2-3 timmar efter lunch. \u00c5teljakt p\u00e5 kv\u00e4llen.<br \/>\n<strong>Antal deltagare<\/strong>: 10<\/p>\n<p>Priset f\u00f6r detta \u00e4r f\u00f6r medlem i Haninge-Tyres\u00f6 kretsen 1 000 kr och det \u00e4r f\u00f6rst till kvarn som g\u00e4ller.<\/p>\n<p>Lunch \u00e4ter vi p\u00e5 v\u00e4rdshuset i Forsmarks bruk och den ing\u00e5r <strong>inte<\/strong> i priset. P\u00e5 kv\u00e4llen serveras en enklare \u201dskogsmiddag\u201d (ing\u00e5r i priset). Kostnad f\u00f6r ammunition tillkommer f\u00f6r alla deltagare.<\/p>\n<p>Om behov av \u00f6vernattning finns kan f\u00f6rslag p\u00e5 boenden skickas.<\/p>\n<p>Du anm\u00e4ler dig <a href=\"https:\/\/forms.office.com\/Pages\/ResponsePage.aspx?id=DQSIkWdsW0yxEjajBLZtrQAAAAAAAAAAAAN__tEHzipUOVhQUEhKRTA1UkhORTdLTklYUE1DU0JaSi4u\" target=\"_blank\" rel=\"noopener\"><strong>h\u00e4r<\/strong><\/a> och din plats \u00e4r s\u00e4krad s\u00e5 fort din avgift \u00e4r mottagen.<\/p>\n<p>Erbjudandet v\u00e4nder sig i f\u00f6rsta hand till medlemmar i Haninge-Tyres\u00f6 kretsen, medlemmar ur \u00f6vriga kretsar inom Stockholms l\u00e4n kan f\u00e5 delta i m\u00e5n av plats.<\/p>\n<p><strong>Allm\u00e4nt om utbildningen<br \/>\n<\/strong>Vi behandlar vildsvinets biologi, historik och levnadsvanor. Stor vikt l\u00e4ggs ocks\u00e5 p\u00e5 viltv\u00e5rd, jakttips och f\u00f6rvaltning av en vildsvinsstam. Aktuella fr\u00e5gor som skador p\u00e5 \u00e5kermark och skadef\u00f6rebyggande \u00e5tg\u00e4rder ing\u00e5r ocks\u00e5 i detta moment. P\u00e5 kv\u00e4llen har vi \u00e5teljakt kopplad till h\u00f6g etik. Instruktion om urtagning ing\u00e5r.<\/p>\n<p>Medtag eget klass 1 vapen och \u00f6vnings- samt jaktammunition.<\/p>\n<p><strong>Syfte<br \/>\n<\/strong>Att sprida kunskap om vildsvinet och jakten samt att deltagaren blir en b\u00e4ttre j\u00e4gare<\/p>\n<p><strong>M\u00e5l<br \/>\n<\/strong>Efter genomg\u00e5ngen kurs skall du ha grundl\u00e4ggande kunskaper om:<br \/>\n&#8211; Vildsvinets biologi, historik och levnadsvanor<br \/>\n&#8211; Viltv\u00e5rd, f\u00f6rvaltning och effektiv jakt<br \/>\n&#8211; Vilka skador de kan orsaka och hur vi f\u00f6rebygger dessa<br \/>\n&#8211; Tr\u00e4ningsskytte, \u00e5teljakt och eventuellt tillvaratagande<br \/>\n&#8211; Med mera \u2026<\/p>\n<p>&nbsp;<\/p>\n","protected":false},"excerpt":{"rendered":"<p>Vill du l\u00e4ra dig mer om vildsvin och vildsvinsjakt? D\u00e5 har vi ett erbjudande till dig! Var: Forsmark, 2 mil norr om \u00d6sthammar N\u00e4r: fredagen den 23 maj L\u00e4ngd: Teori, \u00f6vningsskytte och \u00e5teljakt under en heldag samt egna studier via E-jakt innan kursdagen (kl.09.00-22.00 beroende p\u00e5 solnedg\u00e5ng). Teori cirka 5 timmar p\u00e5 f\u00f6rmiddagen. \u00d6vningsskytte 2-3 [&hellip;]<\/p>\n","protected":false},"author":101,"featured_media":1436,"parent":0,"menu_order":0,"comment_status":"closed","ping_status":"closed","template":"","meta":{"footnotes":""},"class_list":["post-1541","page","type-page","status-publish","has-post-thumbnail","hentry"],"_links":{"self":[{"href":"https:\/\/krets.jagareforbundet.se\/haningetyreso\/wp-json\/wp\/v2\/pages\/1541","targetHints":{"allow":["GET"]}}],"collection":[{"href":"https:\/\/krets.jagareforbundet.se\/haningetyreso\/wp-json\/wp\/v2\/pages"}],"about":[{"href":"https:\/\/krets.jagareforbundet.se\/haningetyreso\/wp-json\/wp\/v2\/types\/page"}],"author":[{"embeddable":true,"href":"https:\/\/krets.jagareforbundet.se\/haningetyreso\/wp-json\/wp\/v2\/users\/101"}],"replies":[{"embeddable":true,"href":"https:\/\/krets.jagareforbundet.se\/haningetyreso\/wp-json\/wp\/v2\/comments?post=1541"}],"version-history":[{"count":3,"href":"https:\/\/krets.jagareforbundet.se\/haningetyreso\/wp-json\/wp\/v2\/pages\/1541\/revisions"}],"predecessor-version":[{"id":1554,"href":"https:\/\/krets.jagareforbundet.se\/haningetyreso\/wp-json\/wp\/v2\/pages\/1541\/revisions\/1554"}],"wp:featuredmedia":[{"embeddable":true,"href":"https:\/\/krets.jagareforbundet.se\/haningetyreso\/wp-json\/wp\/v2\/media\/1436"}],"wp:attachment":[{"href":"https:\/\/krets.jagareforbundet.se\/haningetyreso\/wp-json\/wp\/v2\/media?parent=1541"}],"curies":[{"name":"wp","href":"https:\/\/api.w.org\/{rel}","templated":true}]}}