{"id":157,"date":"2013-05-01T19:33:11","date_gmt":"2013-05-01T17:33:11","guid":{"rendered":"https:\/\/krets.jagareforbundet.se\/haningetyreso\/?page_id=157"},"modified":"2017-11-05T15:06:33","modified_gmt":"2017-11-05T14:06:33","slug":"om-oss","status":"publish","type":"page","link":"https:\/\/krets.jagareforbundet.se\/haningetyreso\/om-oss\/","title":{"rendered":"Om oss"},"content":{"rendered":"<div><div class=\"woo-sc-quote\"><p>J\u00e4garef\u00f6rbundet Haninge\/Tyres\u00f6 Jaktv\u00e5rdskrets \u00e4r en lokal organisation inom Svenska J\u00e4garef\u00f6rbundet. Kretsens uppgift i stort \u00e4r att tillvarata medlemmarnas intressen, verka f\u00f6r en uth\u00e5llig och biologisk riktig anpassad jakt samt medverka vid efters\u00f6k av trafikskadat vilt.\u00a0<\/p><\/div><\/div>\n<div>\n<div>\n<div>\n<p>Detta inneb\u00e4r bland annat att f\u00f6lja viltstammarna och jaktens utveckling och att med h\u00e4nsyn till jordbrukets, skogsbrukets och \u00f6vriga allm\u00e4nna och privata intressen verka f\u00f6r ett \u00e4ndam\u00e5lsenligt naturbruk med goda jakttillf\u00e4llen. Att utbilda, informera och sprida kunskap om olika djurarters levnadsbetingelser samt om en god viltv\u00e5rd och en r\u00e4tt bedriven jaktut\u00f6vning \u00e4r ett annat \u00e4ndam\u00e5l.<\/p>\n<p>Kretsen skall h\u00e4rvid samverka och samarbeta med myndigheter och organisationer som \u00e4r aktuella i sammanhanget bl.a. Haninge och Tyres\u00f6 kommuner, Tornberget, Polismyndigheten och organisationer som representerar jord &#8211; och skogsbruk samt \u00f6vrig naturv\u00e5rd.<\/p>\n<p>Kretsen har ca 1 200 medlemmar. Medlem i kretsen kan man bli antingen genom att man \u00e4r bosatt inom kretsens omr\u00e5de eller att man jagar inom kommunen.<\/p>\n<p><strong>Viltv\u00e5rdsr\u00e5det<br \/>\n<\/strong>Mellan Haninge kommun, jaktv\u00e5rdskretsen och Haningesektionen av J\u00e4garnas Riksf\u00f6rbund finns sedan 1984 ett avtal om viltv\u00e5rd, efters\u00f6k m m samt kortjakt p\u00e5 av kommunen \u00e4gd mark.<\/p>\n<p>Syftet med avtalet \u00e4r bl.a. att bedriva en organiserad viltv\u00e5rd samt erbjuda markl\u00f6sa j\u00e4gare m\u00f6jlighet till jakt under sakkunning ledning.<\/p>\n<p>Kortjakt anordnas p\u00e5 \u00e4lg och r\u00e5djur och annat sm\u00e5vilt under jakts\u00e4song inom f\u00f6ljande viltv\u00e5rdsomr\u00e5den H\u00f6gsta\/Skutan, Klena\/Rudan, \u00c5by och Ut\u00f6. F\u00f6r ytterligare information och bokning se under rubriken <a title=\"N\u00e5gonstans att jaga\" href=\"https:\/\/krets.jagareforbundet.se\/haningetyreso\/nagonstans-att-jaga\/\">N\u00e5gonstans att jaga<\/a>.<\/p>\n<p><strong>Polisen<br \/>\n<\/strong>Kretsen samarbetar med polisen vad g\u00e4ller efters\u00f6k av trafikskadat vilt och skottlossningstillst\u00e5nd inom detaljplanerat omr\u00e5de.<\/p>\n<p><strong>Haninge Kommun<br \/>\n<\/strong>F\u00f6rutom samarbetet inom viltv\u00e5rdsr\u00e5det bitr\u00e4der kretsen kommunen vid skyddsjakt och avlivning av skadeg\u00f6rande djur i g\u00e5rd och tr\u00e4dg\u00e5rd.<\/p>\n<\/div>\n<\/div>\n<\/div>\n","protected":false},"excerpt":{"rendered":"<p>Detta inneb\u00e4r bland annat att f\u00f6lja viltstammarna och jaktens utveckling och att med h\u00e4nsyn till jordbrukets, skogsbrukets och \u00f6vriga allm\u00e4nna och privata intressen verka f\u00f6r ett \u00e4ndam\u00e5lsenligt naturbruk med goda jakttillf\u00e4llen. Att utbilda, informera och sprida kunskap om olika djurarters levnadsbetingelser samt om en god viltv\u00e5rd och en r\u00e4tt bedriven jaktut\u00f6vning \u00e4r ett annat \u00e4ndam\u00e5l. [&hellip;]<\/p>\n","protected":false},"author":101,"featured_media":0,"parent":0,"menu_order":5,"comment_status":"open","ping_status":"open","template":"","meta":{"footnotes":""},"class_list":["post-157","page","type-page","status-publish","hentry"],"_links":{"self":[{"href":"https:\/\/krets.jagareforbundet.se\/haningetyreso\/wp-json\/wp\/v2\/pages\/157","targetHints":{"allow":["GET"]}}],"collection":[{"href":"https:\/\/krets.jagareforbundet.se\/haningetyreso\/wp-json\/wp\/v2\/pages"}],"about":[{"href":"https:\/\/krets.jagareforbundet.se\/haningetyreso\/wp-json\/wp\/v2\/types\/page"}],"author":[{"embeddable":true,"href":"https:\/\/krets.jagareforbundet.se\/haningetyreso\/wp-json\/wp\/v2\/users\/101"}],"replies":[{"embeddable":true,"href":"https:\/\/krets.jagareforbundet.se\/haningetyreso\/wp-json\/wp\/v2\/comments?post=157"}],"version-history":[{"count":0,"href":"https:\/\/krets.jagareforbundet.se\/haningetyreso\/wp-json\/wp\/v2\/pages\/157\/revisions"}],"wp:attachment":[{"href":"https:\/\/krets.jagareforbundet.se\/haningetyreso\/wp-json\/wp\/v2\/media?parent=157"}],"curies":[{"name":"wp","href":"https:\/\/api.w.org\/{rel}","templated":true}]}}