{"id":169,"date":"2013-04-20T10:55:20","date_gmt":"2013-04-20T08:55:20","guid":{"rendered":"https:\/\/krets.jagareforbundet.se\/haningetyreso\/?page_id=169"},"modified":"2025-10-19T18:00:24","modified_gmt":"2025-10-19T16:00:24","slug":"kvinnliga-jagare-i-haninge-tyreso","status":"publish","type":"page","link":"https:\/\/krets.jagareforbundet.se\/haningetyreso\/kvinnliga-jagare-i-haninge-tyreso\/","title":{"rendered":"Kvinnliga j\u00e4gare"},"content":{"rendered":"<p>Kontaktperson f\u00f6r JAQT i Haninge-Tyres\u00f6 \u00e4r Therese Lindberg, mejladress <a href=\"mailto:t.lindbergh@hotmail.com\">t.lindbergh@hotmail.com<\/a><\/p>\n<p>F\u00f6r\u00a0v\u00e5ra kvinnliga medlemmar som \u00e4ven \u00e4r medlemmar i <a href=\"http:\/\/www.hjk.se\/\" target=\"_blank\" rel=\"noopener\">Haninge Jaktskytteklubb<\/a> anordnas tjejskyttekv\u00e4llar ett antal g\u00e5nger per s\u00e4song. En anledning att vara medlem \u00e4ven i HJK<\/p>\n<div class=\"woo-sc-box  none  rounded full\"><a href=\"https:\/\/jagareforbundet.se\/mitt\/stockholms-lan\/jagareforbundet-stockholm\/verksamhet\/jaqt\/\" target=\"_blank\" rel=\"noopener\">JAQT Stockholms l\u00e4n<\/a><\/div>\n","protected":false},"excerpt":{"rendered":"<p>Kontaktperson f\u00f6r JAQT i Haninge-Tyres\u00f6 \u00e4r Therese Lindberg, mejladress t.lindbergh@hotmail.com F\u00f6r\u00a0v\u00e5ra kvinnliga medlemmar som \u00e4ven \u00e4r medlemmar i Haninge Jaktskytteklubb anordnas tjejskyttekv\u00e4llar ett antal g\u00e5nger per s\u00e4song. En anledning att vara medlem \u00e4ven i HJK<\/p>\n","protected":false},"author":101,"featured_media":0,"parent":0,"menu_order":25,"comment_status":"open","ping_status":"closed","template":"","meta":{"footnotes":""},"class_list":["post-169","page","type-page","status-publish","hentry"],"_links":{"self":[{"href":"https:\/\/krets.jagareforbundet.se\/haningetyreso\/wp-json\/wp\/v2\/pages\/169","targetHints":{"allow":["GET"]}}],"collection":[{"href":"https:\/\/krets.jagareforbundet.se\/haningetyreso\/wp-json\/wp\/v2\/pages"}],"about":[{"href":"https:\/\/krets.jagareforbundet.se\/haningetyreso\/wp-json\/wp\/v2\/types\/page"}],"author":[{"embeddable":true,"href":"https:\/\/krets.jagareforbundet.se\/haningetyreso\/wp-json\/wp\/v2\/users\/101"}],"replies":[{"embeddable":true,"href":"https:\/\/krets.jagareforbundet.se\/haningetyreso\/wp-json\/wp\/v2\/comments?post=169"}],"version-history":[{"count":3,"href":"https:\/\/krets.jagareforbundet.se\/haningetyreso\/wp-json\/wp\/v2\/pages\/169\/revisions"}],"predecessor-version":[{"id":1888,"href":"https:\/\/krets.jagareforbundet.se\/haningetyreso\/wp-json\/wp\/v2\/pages\/169\/revisions\/1888"}],"wp:attachment":[{"href":"https:\/\/krets.jagareforbundet.se\/haningetyreso\/wp-json\/wp\/v2\/media?parent=169"}],"curies":[{"name":"wp","href":"https:\/\/api.w.org\/{rel}","templated":true}]}}