{"id":562,"date":"2013-05-01T19:32:51","date_gmt":"2013-05-01T17:32:51","guid":{"rendered":"https:\/\/krets.jagareforbundet.se\/haningetyreso\/?page_id=562"},"modified":"2015-01-23T11:33:58","modified_gmt":"2015-01-23T10:33:58","slug":"medlemsskap","status":"publish","type":"page","link":"https:\/\/krets.jagareforbundet.se\/haningetyreso\/medlemsskap\/","title":{"rendered":"Medlemskap"},"content":{"rendered":"<p><strong>VARF\u00d6R<\/strong>\u00a0skall man vara medlem i J\u00e4garef\u00f6rbundet?<\/p>\n<p>F\u00f6rutom att man f\u00e5r en m\u00e4ngd f\u00f6rm\u00e5ner bl.a. v\u00e4rdefulla f\u00f6rs\u00e4kringar, tidningarna Svensk Jakt och Svensk Jakt Nyheter ing\u00e5r man i en organisation med gemensamma intressen att bevaka. Ju fler medlemmar vi blir i J\u00e4garef\u00f6rbundet ju st\u00f6rre m\u00f6jligheter har vi att p\u00e5verka beslutsfattarna och ju st\u00f6rre m\u00f6jligheter har vi att anst\u00e4lla specialister som bevakar jaktintressena och ger service till medlemmarna.<\/p>\n<p><strong>KOSTNAD?<\/strong>\u00a0Det finns olika typer av medlemskap. Hel\u00e5r med Svensk Jakt kostar f.n. 600 kr, utan tidningar\u00a0300kr. Ungdomsmedlemskap med tidning kostar f.n. 300 kr. Du kan l\u00e4sa mer om medlemskap p\u00e5 <strong><a href=\"http:\/\/jagareforbundet.se\/sv\/bli-medlem\/\" target=\"_blank\">Svenska J\u00e4garef\u00f6rbundets hemsida<\/a><\/strong><br \/>\n<strong>\u00a0<\/strong><\/p>\n<p><strong>ETT TIPS!<\/strong><\/p>\n<p>Vilken krets tillh\u00f6r Du? D\u00e4r Du jagar eller d\u00e4r Du bor? Har du best\u00e4mt sj\u00e4lv? Att \u00e4ndra kretstillh\u00f6righet \u00e4r l\u00e4tt. Kontakta bara expeditionen inom Verksamhetsomr\u00e5de Mitt p\u00e5 telefon 08-591 255 70 och beg\u00e4r \u00e4ndring.<\/p>\n","protected":false},"excerpt":{"rendered":"<p>VARF\u00d6R\u00a0skall man vara medlem i J\u00e4garef\u00f6rbundet? F\u00f6rutom att man f\u00e5r en m\u00e4ngd f\u00f6rm\u00e5ner bl.a. v\u00e4rdefulla f\u00f6rs\u00e4kringar, tidningarna Svensk Jakt och Svensk Jakt Nyheter ing\u00e5r man i en organisation med gemensamma intressen att bevaka. Ju fler medlemmar vi blir i J\u00e4garef\u00f6rbundet ju st\u00f6rre m\u00f6jligheter har vi att p\u00e5verka beslutsfattarna och ju st\u00f6rre m\u00f6jligheter har vi att [&hellip;]<\/p>\n","protected":false},"author":101,"featured_media":0,"parent":0,"menu_order":20,"comment_status":"open","ping_status":"closed","template":"","meta":{"footnotes":""},"class_list":["post-562","page","type-page","status-publish","hentry"],"_links":{"self":[{"href":"https:\/\/krets.jagareforbundet.se\/haningetyreso\/wp-json\/wp\/v2\/pages\/562","targetHints":{"allow":["GET"]}}],"collection":[{"href":"https:\/\/krets.jagareforbundet.se\/haningetyreso\/wp-json\/wp\/v2\/pages"}],"about":[{"href":"https:\/\/krets.jagareforbundet.se\/haningetyreso\/wp-json\/wp\/v2\/types\/page"}],"author":[{"embeddable":true,"href":"https:\/\/krets.jagareforbundet.se\/haningetyreso\/wp-json\/wp\/v2\/users\/101"}],"replies":[{"embeddable":true,"href":"https:\/\/krets.jagareforbundet.se\/haningetyreso\/wp-json\/wp\/v2\/comments?post=562"}],"version-history":[{"count":0,"href":"https:\/\/krets.jagareforbundet.se\/haningetyreso\/wp-json\/wp\/v2\/pages\/562\/revisions"}],"wp:attachment":[{"href":"https:\/\/krets.jagareforbundet.se\/haningetyreso\/wp-json\/wp\/v2\/media?parent=562"}],"curies":[{"name":"wp","href":"https:\/\/api.w.org\/{rel}","templated":true}]}}