{"id":567,"date":"2013-05-01T19:31:36","date_gmt":"2013-05-01T17:31:36","guid":{"rendered":"https:\/\/krets.jagareforbundet.se\/haningetyreso\/?page_id=567"},"modified":"2026-01-13T20:32:43","modified_gmt":"2026-01-13T19:32:43","slug":"eftersoksorganisationen","status":"publish","type":"page","link":"https:\/\/krets.jagareforbundet.se\/haningetyreso\/eftersoksorganisationen\/","title":{"rendered":"Efters\u00f6ksorganisation"},"content":{"rendered":"<p>Kontaktinformation till samordnare vid fr\u00e5gor som r\u00f6r viltolyckor\/NVR:Jonathan Dahl R\u00e5destad tel: <strong>076-326 65 06<\/strong> mail: lyckebykonsult@gmail.com<\/p>\n<p>&nbsp;<\/p>\n<p>Under 2025 intr\u00e4ffade totalt 351 st viltolyckor i Haninge j\u00e4mf\u00f6rt med 2024 (370 st).\u00a0I Tyres\u00f6 kan vi se en marginell \u00f6kning med 88 st viltolyckor i j\u00e4mf\u00f6relse med 2023 (77 st)<\/p>\n<p>En tydlig trend som vi sett tidigare men som kanske inte varit lika tydlig med en mindre dovhjortstam \u00e4r att det s\u00e5 tydlig g\u00e5r att se uppg\u00e5ngen p\u00e5 antalet olyckor under brunsten.<\/p>\n<p>\u00d6versynen av viltstaketet har bidragit till f\u00e4rre olyckor p\u00e5 RV 73 j\u00e4mf\u00f6rt med tidigare \u00e5r men det f\u00f6rekommer olyckor med b\u00e5de dovhjort, r\u00e5djur samt \u00e4lg. Det f\u00f6rekommer ocks\u00e5 frekvent att \u00e4lgar befinner sig innanf\u00f6r viltstaketet och d\u00e5 \u00e4r det fr\u00e4mst kring avfart\/p\u00e5fart vid Jordbro.<\/p>\n<p><strong>De mest olycksdrabbade v\u00e4garna \u00e4r Dalar\u00f6v\u00e4gen i Haninge och Tyres\u00f6v\u00e4gen samt Breviksv\u00e4gen i Tyres\u00f6.<\/strong><\/p>\n<div class=\"mceTemp\">\n<\/div>\n","protected":false},"excerpt":{"rendered":"<p>Kontaktinformation till samordnare vid fr\u00e5gor som r\u00f6r viltolyckor\/NVR:Jonathan Dahl R\u00e5destad tel: 076-326 65 06 mail: lyckebykonsult@gmail.com &nbsp; Under 2025 intr\u00e4ffade totalt 351 st viltolyckor i Haninge j\u00e4mf\u00f6rt med 2024 (370 st).\u00a0I Tyres\u00f6 kan vi se en marginell \u00f6kning med 88 st viltolyckor i j\u00e4mf\u00f6relse med 2023 (77 st) En tydlig trend som vi sett tidigare [&hellip;]<\/p>\n","protected":false},"author":101,"featured_media":1903,"parent":0,"menu_order":35,"comment_status":"open","ping_status":"closed","template":"","meta":{"footnotes":""},"class_list":["post-567","page","type-page","status-publish","has-post-thumbnail","hentry"],"_links":{"self":[{"href":"https:\/\/krets.jagareforbundet.se\/haningetyreso\/wp-json\/wp\/v2\/pages\/567","targetHints":{"allow":["GET"]}}],"collection":[{"href":"https:\/\/krets.jagareforbundet.se\/haningetyreso\/wp-json\/wp\/v2\/pages"}],"about":[{"href":"https:\/\/krets.jagareforbundet.se\/haningetyreso\/wp-json\/wp\/v2\/types\/page"}],"author":[{"embeddable":true,"href":"https:\/\/krets.jagareforbundet.se\/haningetyreso\/wp-json\/wp\/v2\/users\/101"}],"replies":[{"embeddable":true,"href":"https:\/\/krets.jagareforbundet.se\/haningetyreso\/wp-json\/wp\/v2\/comments?post=567"}],"version-history":[{"count":3,"href":"https:\/\/krets.jagareforbundet.se\/haningetyreso\/wp-json\/wp\/v2\/pages\/567\/revisions"}],"predecessor-version":[{"id":1904,"href":"https:\/\/krets.jagareforbundet.se\/haningetyreso\/wp-json\/wp\/v2\/pages\/567\/revisions\/1904"}],"wp:featuredmedia":[{"embeddable":true,"href":"https:\/\/krets.jagareforbundet.se\/haningetyreso\/wp-json\/wp\/v2\/media\/1903"}],"wp:attachment":[{"href":"https:\/\/krets.jagareforbundet.se\/haningetyreso\/wp-json\/wp\/v2\/media?parent=567"}],"curies":[{"name":"wp","href":"https:\/\/api.w.org\/{rel}","templated":true}]}}