{"id":593,"date":"2013-05-01T19:28:53","date_gmt":"2013-05-01T17:28:53","guid":{"rendered":"https:\/\/krets.jagareforbundet.se\/haningetyreso\/?page_id=593"},"modified":"2022-12-12T19:13:12","modified_gmt":"2022-12-12T18:13:12","slug":"jakt-och-viltvard","status":"publish","type":"page","link":"https:\/\/krets.jagareforbundet.se\/haningetyreso\/jakt-och-viltvard\/","title":{"rendered":"Jakt och viltv\u00e5rd"},"content":{"rendered":"<p>&nbsp;<\/p>\n<p>&nbsp;<\/p>\n<p><strong><a href=\"http:\/\/www.sva.se\/sv\/Djurhalsa1\/Vilda-djur\/Rapportera-in\/\" target=\"_blank\" rel=\"noopener\">Rapportera in sjuka\/d\u00f6da djur<\/a><\/strong><\/p>\n<p><a title=\"Hygien i samband med slakt\" href=\"https:\/\/krets.jagareforbundet.se\/haningetyreso\/jakt-och-viltvard\/hygien-i-samband-med-slakt\/\"><span style=\"text-decoration: underline\"><strong>Hygien i samband med slakt<\/strong><\/span><\/a><\/p>\n<p><span style=\"text-decoration: underline\"><strong><a href=\"http:\/\/www.sva.se\/sv\/Diagnostik-och-produkter1\/Aktuella-analyser\/Gris\/Trikinundersokning\/\" target=\"_blank\" rel=\"noopener\">Trikinprovtagning<\/a><\/strong><\/span><\/p>\n<p><span style=\"text-decoration: underline\"><a href=\"https:\/\/krets.jagareforbundet.se\/haningetyreso\/files\/2013\/05\/Frekvenser-f\u00f6r-GPS.pdf\" target=\"_blank\" rel=\"noopener\"><strong>Dokumentation ang\u00e5ende frekvenser f\u00f6r GPS-sp\u00e5rning av jakt\u00adhundar<\/strong><\/a><\/span><\/p>\n","protected":false},"excerpt":{"rendered":"<p>&nbsp; &nbsp; Rapportera in sjuka\/d\u00f6da djur Hygien i samband med slakt Trikinprovtagning Dokumentation ang\u00e5ende frekvenser f\u00f6r GPS-sp\u00e5rning av jakt\u00adhundar<\/p>\n","protected":false},"author":101,"featured_media":0,"parent":0,"menu_order":40,"comment_status":"open","ping_status":"closed","template":"","meta":{"footnotes":""},"class_list":["post-593","page","type-page","status-publish","hentry"],"_links":{"self":[{"href":"https:\/\/krets.jagareforbundet.se\/haningetyreso\/wp-json\/wp\/v2\/pages\/593","targetHints":{"allow":["GET"]}}],"collection":[{"href":"https:\/\/krets.jagareforbundet.se\/haningetyreso\/wp-json\/wp\/v2\/pages"}],"about":[{"href":"https:\/\/krets.jagareforbundet.se\/haningetyreso\/wp-json\/wp\/v2\/types\/page"}],"author":[{"embeddable":true,"href":"https:\/\/krets.jagareforbundet.se\/haningetyreso\/wp-json\/wp\/v2\/users\/101"}],"replies":[{"embeddable":true,"href":"https:\/\/krets.jagareforbundet.se\/haningetyreso\/wp-json\/wp\/v2\/comments?post=593"}],"version-history":[{"count":1,"href":"https:\/\/krets.jagareforbundet.se\/haningetyreso\/wp-json\/wp\/v2\/pages\/593\/revisions"}],"predecessor-version":[{"id":1733,"href":"https:\/\/krets.jagareforbundet.se\/haningetyreso\/wp-json\/wp\/v2\/pages\/593\/revisions\/1733"}],"wp:attachment":[{"href":"https:\/\/krets.jagareforbundet.se\/haningetyreso\/wp-json\/wp\/v2\/media?parent=593"}],"curies":[{"name":"wp","href":"https:\/\/api.w.org\/{rel}","templated":true}]}}