{"id":949,"date":"2014-03-13T20:41:12","date_gmt":"2014-03-13T19:41:12","guid":{"rendered":"https:\/\/krets.jagareforbundet.se\/haningetyreso\/?page_id=949"},"modified":"2022-12-27T12:33:05","modified_gmt":"2022-12-27T11:33:05","slug":"utbildning","status":"publish","type":"page","link":"https:\/\/krets.jagareforbundet.se\/haningetyreso\/utbildning\/","title":{"rendered":"Utbildning"},"content":{"rendered":"<p>&nbsp;<\/p>\n<p>H\u00e4r samlar vi information och tips om utbildningar m m b\u00e5de i kretsens och andras regi.<\/p>\n<p>Utbildningsansvarig i kretsen \u00e4r Melker Skoglund<\/p>\n<div class=\"woo-sc-box  note   full\"><a href=\"https:\/\/jagareforbundet.se\/mitt\/stockholms-lan\/jagareforbundet-stockholm\/verksamhet\/utbildningar-i-lanet\/\" target=\"_blank\" rel=\"noopener\">Utbildningar i Stockholms l\u00e4n<\/a><\/div>\n<p>Vill du komma i kontakt med oss betr\u00e4ffande utbildning etc? Skicka ett meddelande!<\/p>\n<div class=\"post contact-form\">\n<form action=\"\" id=\"contactForm\" method=\"post\">\n<fieldset class=\"forms\">\n<p><label for=\"contactName\">Name<\/label>\n<input type=\"text\" name=\"contactName\" id=\"contactName\" value=\"\" class=\"txt requiredField\" \/>\n<\/p>\n<p><label for=\"contactEmail\">Email<\/label>\n<input type=\"text\" name=\"contactEmail\" id=\"contactEmail\" value=\"\" class=\"txt requiredField email\" \/>\n<\/p>\n<p class=\"textarea\"><label for=\"contactMessage\">Message<\/label>\n<textarea name=\"contactMessage\" id=\"contactMessage\" rows=\"20\" cols=\"30\" class=\"textarea requiredField\"><\/textarea>\n<\/p>\n<p class=\"inline\"><input type=\"checkbox\" name=\"sendCopy\" id=\"sendCopy\" value=\"true\" \/><label for=\"sendCopy\">Send a copy of this email to yourself<\/label><\/p>\n<p class=\"screenReader\"><label for=\"checking\" class=\"screenReader\">If you want to submit this form, do not enter anything in this field<\/label><input type=\"text\" name=\"checking\" id=\"checking\" class=\"screenReader\" value=\"\" \/><\/p>\n<p class=\"buttons\"><input type=\"hidden\" name=\"submitted\" id=\"submitted\" value=\"true\" \/><input class=\"submit button\" type=\"submit\" value=\"Submit\" \/><\/p><\/fieldset>\n<\/form>\n<\/div><!--\/.post .contact-form-->\n<div class=\"fix\"><\/div>\n\n","protected":false},"excerpt":{"rendered":"<p>&nbsp; H\u00e4r samlar vi information och tips om utbildningar m m b\u00e5de i kretsens och andras regi. Utbildningsansvarig i kretsen \u00e4r Melker Skoglund Vill du komma i kontakt med oss betr\u00e4ffande utbildning etc? Skicka ett meddelande!<\/p>\n","protected":false},"author":101,"featured_media":0,"parent":0,"menu_order":50,"comment_status":"closed","ping_status":"closed","template":"","meta":{"footnotes":""},"class_list":["post-949","page","type-page","status-publish","hentry"],"_links":{"self":[{"href":"https:\/\/krets.jagareforbundet.se\/haningetyreso\/wp-json\/wp\/v2\/pages\/949","targetHints":{"allow":["GET"]}}],"collection":[{"href":"https:\/\/krets.jagareforbundet.se\/haningetyreso\/wp-json\/wp\/v2\/pages"}],"about":[{"href":"https:\/\/krets.jagareforbundet.se\/haningetyreso\/wp-json\/wp\/v2\/types\/page"}],"author":[{"embeddable":true,"href":"https:\/\/krets.jagareforbundet.se\/haningetyreso\/wp-json\/wp\/v2\/users\/101"}],"replies":[{"embeddable":true,"href":"https:\/\/krets.jagareforbundet.se\/haningetyreso\/wp-json\/wp\/v2\/comments?post=949"}],"version-history":[{"count":2,"href":"https:\/\/krets.jagareforbundet.se\/haningetyreso\/wp-json\/wp\/v2\/pages\/949\/revisions"}],"predecessor-version":[{"id":1737,"href":"https:\/\/krets.jagareforbundet.se\/haningetyreso\/wp-json\/wp\/v2\/pages\/949\/revisions\/1737"}],"wp:attachment":[{"href":"https:\/\/krets.jagareforbundet.se\/haningetyreso\/wp-json\/wp\/v2\/media?parent=949"}],"curies":[{"name":"wp","href":"https:\/\/api.w.org\/{rel}","templated":true}]}}