{"id":130,"date":"2013-03-02T20:46:35","date_gmt":"2013-03-02T19:46:35","guid":{"rendered":"https:\/\/krets.jagareforbundet.se\/haparanda\/?page_id=130"},"modified":"2025-02-27T13:19:14","modified_gmt":"2025-02-27T12:19:14","slug":"styrelsen","status":"publish","type":"page","link":"https:\/\/krets.jagareforbundet.se\/haparanda\/styrelsen\/","title":{"rendered":"Styrelsen"},"content":{"rendered":"<p>Ordf\u00f6rande:\u00a0G\u00f6ran R\u00f6nnb\u00e4ck<br \/>\nV.ordf, sekreterare: Bertil Segerlund<br \/>\nKass\u00f6r: Karl-Erik W\u00e4h\u00e4j\u00e4rvi<br \/>\nLedam\u00f6ter: Victor Medstr\u00f6m<br \/>\nAnders Karhuvaara<br \/>\nSuppleanter: Jonas Ylikangas<br \/>\nMats Hermansson<\/p>\n<p>Revisorer: Jan Kitti<br \/>\nJan Larsson<br \/>\nRevisorsers\u00e4ttare: Anders Kitti<br \/>\nWilliam Lundstr\u00f6m<\/p>\n<p>Valberdningen<br \/>\nAnton Innala. sammankallande<br \/>\nTarmo Kallij\u00e4rvi<\/p>\n","protected":false},"excerpt":{"rendered":"<p>Ordf\u00f6rande:\u00a0G\u00f6ran R\u00f6nnb\u00e4ck V.ordf, sekreterare: Bertil Segerlund Kass\u00f6r: Karl-Erik W\u00e4h\u00e4j\u00e4rvi Ledam\u00f6ter: Victor Medstr\u00f6m Anders Karhuvaara Suppleanter: Jonas Ylikangas Mats Hermansson Revisorer: Jan Kitti Jan Larsson Revisorsers\u00e4ttare: Anders Kitti William Lundstr\u00f6m Valberdningen Anton Innala. sammankallande Tarmo Kallij\u00e4rvi<\/p>\n","protected":false},"author":74,"featured_media":0,"parent":0,"menu_order":2,"comment_status":"closed","ping_status":"closed","template":"","meta":{"footnotes":""},"class_list":["post-130","page","type-page","status-publish","hentry"],"_links":{"self":[{"href":"https:\/\/krets.jagareforbundet.se\/haparanda\/wp-json\/wp\/v2\/pages\/130","targetHints":{"allow":["GET"]}}],"collection":[{"href":"https:\/\/krets.jagareforbundet.se\/haparanda\/wp-json\/wp\/v2\/pages"}],"about":[{"href":"https:\/\/krets.jagareforbundet.se\/haparanda\/wp-json\/wp\/v2\/types\/page"}],"author":[{"embeddable":true,"href":"https:\/\/krets.jagareforbundet.se\/haparanda\/wp-json\/wp\/v2\/users\/74"}],"replies":[{"embeddable":true,"href":"https:\/\/krets.jagareforbundet.se\/haparanda\/wp-json\/wp\/v2\/comments?post=130"}],"version-history":[{"count":3,"href":"https:\/\/krets.jagareforbundet.se\/haparanda\/wp-json\/wp\/v2\/pages\/130\/revisions"}],"predecessor-version":[{"id":735,"href":"https:\/\/krets.jagareforbundet.se\/haparanda\/wp-json\/wp\/v2\/pages\/130\/revisions\/735"}],"wp:attachment":[{"href":"https:\/\/krets.jagareforbundet.se\/haparanda\/wp-json\/wp\/v2\/media?parent=130"}],"curies":[{"name":"wp","href":"https:\/\/api.w.org\/{rel}","templated":true}]}}