{"id":142,"date":"2013-03-02T21:40:51","date_gmt":"2013-03-02T20:40:51","guid":{"rendered":"https:\/\/krets.jagareforbundet.se\/haparanda\/?page_id=142"},"modified":"2026-05-06T07:54:52","modified_gmt":"2026-05-06T05:54:52","slug":"start","status":"publish","type":"page","link":"https:\/\/krets.jagareforbundet.se\/haparanda\/","title":{"rendered":"J\u00c4GAREF\u00d6RBUNDET HAPARANDA"},"content":{"rendered":"<h3>HAGELBANAN \u00d6PPNAR DEN 10 MAJ KL. 18.00<\/h3>\n<h3>\u00c4LGBANAN \u00d6PPNAR DEN 2 JUNI<\/h3>\n<p>se p\u00e5 sidan \u00c4lgbanan s\u00e4songens skjuttider.<\/p>\n<p><strong>Brunstuppeh\u00e5ll<\/strong><\/p>\n<p><strong>\u00c5rsm\u00f6tet beslutade enh\u00e4lligt att brunstuppeh\u00e5ll<\/strong><br \/>\n<strong>ska g\u00e4lla i kretsen 28 september &#8212; 9 oktober<\/strong><\/p>\n<p><strong>Kommande kurser<\/strong><\/p>\n<p><strong>JAKTLEDARUTBILDNING 27 JUNI<\/strong><br \/>\n<a href=\"https:\/\/jagareforbundetnorrbotten.se\/kalender\/2026\/06\/jaktledarutbildning-Haparanda\">J\u00e4garef\u00f6rbundet Norrbotten<\/a><\/p>\n<p><strong>\u00c4LGOBSUTBILDNING i augusti<\/strong><br \/>\nKommer att ske vid tv\u00e5 tillf\u00e4llen under augusti<\/p>\n<h3>Haglebanan<\/h3>\n<p>Vill du veta mer vad som h\u00e4nder p\u00e5 banan s\u00e5 finns det en Whatsuppgrupp.<br \/>\nOm du \u00e4r intresserad av gruppen kontakta Janne eller Anton.<\/p>\n<p>&#8212;&#8212;&#8212;&#8212;&#8212;&#8212;&#8212;&#8212;&#8212;&#8212;&#8212;&#8212;&#8212;&#8212;&#8212;&#8212;&#8212;&#8212;&#8212;&#8212;&#8212;&#8212;&#8212;&#8212;&#8212;&#8212;&#8212;&#8212;&#8212;&#8212;&#8211;<\/p>\n<p><strong>J\u00c4GAREXAMEN<\/strong><\/p>\n<h3><a href=\"https:\/\/www.studieframjandet.se\/norrbottens-lan\/gustav-arrangemang\/kurser\/2025\/maj\/jagarexamen-praktik-ullanger\/\">https:\/\/www.studieframjandet.se\/norrbottens-lan\/gustav-arrangemang\/kurser\/2025\/maj\/jagarexamen-praktik-ullanger\/<\/a><\/h3>\n<div><strong>ALLA som ska delta m\u00e5ste anm\u00e4la sig via l\u00e4nken ovan.<\/strong><\/div>\n<div><\/div>\n<div>&#8212;&#8212;&#8212;&#8212;&#8212;&#8212;&#8212;&#8212;&#8212;&#8212;&#8212;&#8212;&#8212;&#8212;&#8212;&#8212;&#8212;&#8212;&#8212;&#8212;&#8212;&#8212;&#8212;&#8212;&#8212;&#8212;&#8212;&#8212;&#8212;&#8212;&#8212;&#8212;&#8212;-<\/div>\n<h3>\u00c4LGOBSRAPPORT 2011 &#8211; &#8211; 2024<\/h3>\n<p>L\u00e4s rapport om \u00e4lgobs inkl 2024<\/p>\n<p><a href=\"https:\/\/krets.jagareforbundet.se\/haparanda\/files\/2024\/11\/Algobs-rapport-Norrbotten-2011-2024.pdf\">\u00c4lgobs<\/a><\/p>\n<h3>Avskjutningsm\u00e5l f\u00f6r 2024\/25<\/h3>\n<p>G\u00e5 in via l\u00e4nken nedan<br \/>\n<a href=\"https:\/\/algdata-apps.lansstyrelsen.se\/algdata-apps-stat\">https:\/\/algdata-apps.lansstyrelsen.se\/algdata-apps-stat<\/a><\/p>\n<p>&nbsp;<\/p>\n<p>&nbsp;<\/p>\n<h4>Viltv\u00e5rd<\/h4>\n<p>Kretsen har samarbetat under flera \u00e5r med Haparanda s\u00f6dra \u00c4SO i viltv\u00e5rd.<\/p>\n<div id=\"attachment_444\" style=\"width: 310px\" class=\"wp-caption aligncenter\"><a href=\"https:\/\/krets.jagareforbundet.se\/haparanda\/files\/2018\/05\/027.jpg\"><img loading=\"lazy\" decoding=\"async\" aria-describedby=\"caption-attachment-444\" class=\"size-medium wp-image-444\" src=\"https:\/\/krets.jagareforbundet.se\/haparanda\/files\/2018\/05\/027-300x225.jpg\" alt=\"\" width=\"300\" height=\"225\" srcset=\"https:\/\/krets.jagareforbundet.se\/haparanda\/files\/2018\/05\/027-300x225.jpg 300w, https:\/\/krets.jagareforbundet.se\/haparanda\/files\/2018\/05\/027.jpg 400w\" sizes=\"auto, (max-width: 300px) 100vw, 300px\" \/><\/a><p id=\"caption-attachment-444\" class=\"wp-caption-text\">Holkbygge<\/p><\/div>\n<p>&nbsp;<\/p>\n<p>&nbsp;<\/p>\n<p>.<\/p>\n<p>&nbsp;<\/p>\n<h3><a href=\"https:\/\/krets.jagareforbundet.se\/haparanda\/files\/2013\/03\/viltvard.wmv\">Viltv\u00e5rd<\/a><\/h3>\n<p>&nbsp;<\/p>\n<div id=\"attachment_421\" style=\"width: 310px\" class=\"wp-caption aligncenter\"><a href=\"https:\/\/krets.jagareforbundet.se\/haparanda\/files\/2013\/03\/unnamed.jpg\"><img loading=\"lazy\" decoding=\"async\" aria-describedby=\"caption-attachment-421\" class=\"size-medium wp-image-421\" src=\"https:\/\/krets.jagareforbundet.se\/haparanda\/files\/2013\/03\/unnamed-300x225.jpg\" alt=\"Viltv\u00e5rd i Vojakkala\" width=\"300\" height=\"225\" srcset=\"https:\/\/krets.jagareforbundet.se\/haparanda\/files\/2013\/03\/unnamed-300x225.jpg 300w, https:\/\/krets.jagareforbundet.se\/haparanda\/files\/2013\/03\/unnamed.jpg 450w\" sizes=\"auto, (max-width: 300px) 100vw, 300px\" \/><\/a><p id=\"caption-attachment-421\" class=\"wp-caption-text\">Viltv\u00e5rd i Vojakkala<\/p><\/div>\n<div id=\"attachment_392\" style=\"width: 310px\" class=\"wp-caption aligncenter\"><a href=\"https:\/\/krets.jagareforbundet.se\/haparanda\/files\/2013\/03\/IMG_5198.jpg\"><img loading=\"lazy\" decoding=\"async\" aria-describedby=\"caption-attachment-392\" class=\"wp-image-392 size-medium\" src=\"https:\/\/krets.jagareforbundet.se\/haparanda\/files\/2013\/03\/IMG_5198-300x262.jpg\" alt=\"Eskil och Alf-G\u00f6te\" width=\"300\" height=\"262\" srcset=\"https:\/\/krets.jagareforbundet.se\/haparanda\/files\/2013\/03\/IMG_5198-300x262.jpg 300w, https:\/\/krets.jagareforbundet.se\/haparanda\/files\/2013\/03\/IMG_5198-1024x895.jpg 1024w\" sizes=\"auto, (max-width: 300px) 100vw, 300px\" \/><\/a><p id=\"caption-attachment-392\" class=\"wp-caption-text\">Eskil och Alf-G\u00f6te<\/p><\/div>\n<div id=\"attachment_393\" style=\"width: 210px\" class=\"wp-caption aligncenter\"><a href=\"https:\/\/krets.jagareforbundet.se\/haparanda\/files\/2013\/03\/IMG_5197.jpg\"><img loading=\"lazy\" decoding=\"async\" aria-describedby=\"caption-attachment-393\" class=\"wp-image-393 size-medium\" src=\"https:\/\/krets.jagareforbundet.se\/haparanda\/files\/2013\/03\/IMG_5197-200x300.jpg\" alt=\"Bra h\u00f6jd p\u00e5 saltstensp\u00e5le\" width=\"200\" height=\"300\" srcset=\"https:\/\/krets.jagareforbundet.se\/haparanda\/files\/2013\/03\/IMG_5197-200x300.jpg 200w, https:\/\/krets.jagareforbundet.se\/haparanda\/files\/2013\/03\/IMG_5197-682x1024.jpg 682w\" sizes=\"auto, (max-width: 200px) 100vw, 200px\" \/><\/a><p id=\"caption-attachment-393\" class=\"wp-caption-text\">Bra h\u00f6jd p\u00e5 saltstensp\u00e5le<\/p><\/div>\n<div id=\"attachment_394\" style=\"width: 189px\" class=\"wp-caption aligncenter\"><a href=\"https:\/\/krets.jagareforbundet.se\/haparanda\/files\/2013\/03\/IMG_5203.jpg\"><img loading=\"lazy\" decoding=\"async\" aria-describedby=\"caption-attachment-394\" class=\"size-medium wp-image-394\" src=\"https:\/\/krets.jagareforbundet.se\/haparanda\/files\/2013\/03\/IMG_5203-179x300.jpg\" alt=\"Knipor h\u00e4ckar i skogsmark\" width=\"179\" height=\"300\" srcset=\"https:\/\/krets.jagareforbundet.se\/haparanda\/files\/2013\/03\/IMG_5203-179x300.jpg 179w, https:\/\/krets.jagareforbundet.se\/haparanda\/files\/2013\/03\/IMG_5203-614x1024.jpg 614w\" sizes=\"auto, (max-width: 179px) 100vw, 179px\" \/><\/a><p id=\"caption-attachment-394\" class=\"wp-caption-text\">Knipor h\u00e4ckar i skogsmark<\/p><\/div>\n<p>&nbsp;<\/p>\n<p>&nbsp;<\/p>\n<h2><\/h2>\n<p>&nbsp;<\/p>\n<p>&nbsp;<\/p>\n<p><a href=\"http:\/\/www.jagareforbundet.se\/Jagareforbundet-Norr\/Norrbotten\/Vad-hander-i-Norrbotten\/\">\u00a0<\/a><\/p>\n<p>&nbsp;<\/p>\n<div id=\"preamble\"><\/div>\n","protected":false},"excerpt":{"rendered":"<p>HAGELBANAN \u00d6PPNAR DEN 10 MAJ KL. 18.00 \u00c4LGBANAN \u00d6PPNAR DEN 2 JUNI se p\u00e5 sidan \u00c4lgbanan s\u00e4songens skjuttider. Brunstuppeh\u00e5ll \u00c5rsm\u00f6tet beslutade enh\u00e4lligt att brunstuppeh\u00e5ll ska g\u00e4lla i kretsen 28 september &#8212; 9 oktober Kommande kurser JAKTLEDARUTBILDNING 27 JUNI J\u00e4garef\u00f6rbundet Norrbotten \u00c4LGOBSUTBILDNING i augusti Kommer att ske vid tv\u00e5 tillf\u00e4llen under augusti Haglebanan Vill du veta [&hellip;]<\/p>\n","protected":false},"author":74,"featured_media":0,"parent":0,"menu_order":0,"comment_status":"closed","ping_status":"closed","template":"","meta":{"footnotes":""},"class_list":["post-142","page","type-page","status-publish","hentry"],"_links":{"self":[{"href":"https:\/\/krets.jagareforbundet.se\/haparanda\/wp-json\/wp\/v2\/pages\/142","targetHints":{"allow":["GET"]}}],"collection":[{"href":"https:\/\/krets.jagareforbundet.se\/haparanda\/wp-json\/wp\/v2\/pages"}],"about":[{"href":"https:\/\/krets.jagareforbundet.se\/haparanda\/wp-json\/wp\/v2\/types\/page"}],"author":[{"embeddable":true,"href":"https:\/\/krets.jagareforbundet.se\/haparanda\/wp-json\/wp\/v2\/users\/74"}],"replies":[{"embeddable":true,"href":"https:\/\/krets.jagareforbundet.se\/haparanda\/wp-json\/wp\/v2\/comments?post=142"}],"version-history":[{"count":3,"href":"https:\/\/krets.jagareforbundet.se\/haparanda\/wp-json\/wp\/v2\/pages\/142\/revisions"}],"predecessor-version":[{"id":838,"href":"https:\/\/krets.jagareforbundet.se\/haparanda\/wp-json\/wp\/v2\/pages\/142\/revisions\/838"}],"wp:attachment":[{"href":"https:\/\/krets.jagareforbundet.se\/haparanda\/wp-json\/wp\/v2\/media?parent=142"}],"curies":[{"name":"wp","href":"https:\/\/api.w.org\/{rel}","templated":true}]}}