{"id":147,"date":"2013-03-06T12:48:46","date_gmt":"2013-03-06T11:48:46","guid":{"rendered":"https:\/\/krets.jagareforbundet.se\/haparanda\/?page_id=147"},"modified":"2013-03-25T16:30:59","modified_gmt":"2013-03-25T15:30:59","slug":"aktuellt","status":"publish","type":"page","link":"https:\/\/krets.jagareforbundet.se\/haparanda\/aktuellt\/","title":{"rendered":"Aktuellt"},"content":{"rendered":"<p>Vi i kretsen verkar f\u00f6r att fler ska bli medlemmar. V\u00e5r f\u00f6rhoppning \u00e4r att du som \u00e4r medlem forts\u00e4tter att vara en del av J\u00e4garef\u00f6rbundet Haparanda. Bli medlem och du f\u00e5r nytta av de fr\u00e5gor som J\u00e4garef\u00f6rbundet driver f\u00f6r att f\u00f6rb\u00e4ttra jaktens villkor. Det finns en hel del f\u00f6rm\u00e5ner som du f\u00e5r ta del av som medlem.<\/p>\n<p><a title=\"L\u00e4s mer om att bli medlem\" href=\"http:\/\/www.jagareforbundet.se\/Jagareforbundet\/Medlem\/\">L\u00e4s mer om att bli medlem.<\/a><\/p>\n","protected":false},"excerpt":{"rendered":"<p>Vi i kretsen verkar f\u00f6r att fler ska bli medlemmar. V\u00e5r f\u00f6rhoppning \u00e4r att du som \u00e4r medlem forts\u00e4tter att vara en del av J\u00e4garef\u00f6rbundet Haparanda. Bli medlem och du f\u00e5r nytta av de fr\u00e5gor som J\u00e4garef\u00f6rbundet driver f\u00f6r att f\u00f6rb\u00e4ttra jaktens villkor. Det finns en hel del f\u00f6rm\u00e5ner som du f\u00e5r ta del av [&hellip;]<\/p>\n","protected":false},"author":74,"featured_media":0,"parent":0,"menu_order":1,"comment_status":"closed","ping_status":"closed","template":"","meta":{"footnotes":""},"class_list":["post-147","page","type-page","status-publish","hentry"],"_links":{"self":[{"href":"https:\/\/krets.jagareforbundet.se\/haparanda\/wp-json\/wp\/v2\/pages\/147","targetHints":{"allow":["GET"]}}],"collection":[{"href":"https:\/\/krets.jagareforbundet.se\/haparanda\/wp-json\/wp\/v2\/pages"}],"about":[{"href":"https:\/\/krets.jagareforbundet.se\/haparanda\/wp-json\/wp\/v2\/types\/page"}],"author":[{"embeddable":true,"href":"https:\/\/krets.jagareforbundet.se\/haparanda\/wp-json\/wp\/v2\/users\/74"}],"replies":[{"embeddable":true,"href":"https:\/\/krets.jagareforbundet.se\/haparanda\/wp-json\/wp\/v2\/comments?post=147"}],"version-history":[{"count":0,"href":"https:\/\/krets.jagareforbundet.se\/haparanda\/wp-json\/wp\/v2\/pages\/147\/revisions"}],"wp:attachment":[{"href":"https:\/\/krets.jagareforbundet.se\/haparanda\/wp-json\/wp\/v2\/media?parent=147"}],"curies":[{"name":"wp","href":"https:\/\/api.w.org\/{rel}","templated":true}]}}