{"id":149,"date":"2013-03-06T12:49:06","date_gmt":"2013-03-06T11:49:06","guid":{"rendered":"https:\/\/krets.jagareforbundet.se\/haparanda\/?page_id=149"},"modified":"2023-11-02T15:40:19","modified_gmt":"2023-11-02T14:40:19","slug":"jaktlag","status":"publish","type":"page","link":"https:\/\/krets.jagareforbundet.se\/haparanda\/jaktlag\/","title":{"rendered":"Jaktlag"},"content":{"rendered":"<p>H\u00e4r hittar du kontaktuppgifter till jaktlag i Haparandakretsen.<br \/>\nAlla lag \u00e4r inte medlemmar i J\u00e4garef\u00f6rbundet Haparanda.<\/p>\n<p>JAKTLAG MED FET STIL \u00c4R MEDLEMMAR I J\u00c4GAREF\u00d6RBUNDET HAPARANDA<\/p>\n<table cellspacing=\"0\" cellpadding=\"0\">\n<tbody>\n<tr>\n<td valign=\"top\"><strong>Jaktlag \u00a0 \u00a0 \u00a0 \u00a0 \u00a0 \u00a0 \u00a0 \u00a0 \u00a0 \u00a0 \u00a0 \u00a0 \u00a0 \u00a0 \u00a0<\/strong><\/td>\n<td valign=\"top\"><strong>Kontakt \u00a0 \u00a0 \u00a0 \u00a0 \u00a0 \u00a0 \u00a0 \u00a0 \u00a0 \u00a0 \u00a0 \u00a0 \u00a0 \u00a0 \u00a0 \u00a0 \u00a0 \u00a0 \u00a0 \u00a0 \u00a0 \u00a0 \u00a0 \u00a0 \u00a0\u00a0<\/strong><\/td>\n<td valign=\"top\"><strong>Tel \u00a0 \u00a0 \u00a0 \u00a0 \u00a0 \u00a0 \u00a0\u00a0<\/strong><\/td>\n<\/tr>\n<tr>\n<td valign=\"top\"><strong>Kukkola VVO<\/strong><\/td>\n<td valign=\"top\">\u00a0Kurt Uusitalo<\/td>\n<td valign=\"top\"><\/td>\n<\/tr>\n<tr>\n<td valign=\"top\"><strong>K\u00e4rrb\u00e4cks VVO<\/strong><\/td>\n<td valign=\"top\">\u00a0S\u00f6ren Ylikangas<\/td>\n<td valign=\"top\"><\/td>\n<\/tr>\n<tr>\n<td valign=\"top\"><strong>Mattila VVO<\/strong><\/td>\n<td valign=\"top\">\u00a0Jan Larsson<\/td>\n<td valign=\"top\"><\/td>\n<\/tr>\n<tr>\n<td valign=\"top\"><strong>Nedre Vojakkala VVO<\/strong><\/td>\n<td valign=\"top\">\u00a0Niklas Hemph\u00e4l\u00e4<\/td>\n<td valign=\"top\"><\/td>\n<\/tr>\n<tr>\n<td valign=\"top\"><strong>\u00d6vre Vojakkala VVO<\/strong><\/td>\n<td valign=\"top\">\u00a0Sten Nystr\u00f6m<\/td>\n<td valign=\"top\"><\/td>\n<\/tr>\n<tr>\n<td valign=\"top\"><strong>S\u00f6dra Korpikyl\u00e4 VVO<\/strong><\/td>\n<td valign=\"top\">\u00a0Sven Olof \u00c4ij\u00e4<\/td>\n<td valign=\"top\"><\/td>\n<\/tr>\n<tr>\n<td valign=\"top\">Karungi JK<\/td>\n<td valign=\"top\"><\/td>\n<td valign=\"top\"><\/td>\n<\/tr>\n<tr>\n<td valign=\"top\"><strong>Haparanda Jaktv\u00e5rdsf.<\/strong><\/td>\n<td valign=\"top\"><\/td>\n<td valign=\"top\"><\/td>\n<\/tr>\n<tr>\n<td valign=\"top\"><strong>Sangij\u00e4rvi\/Nikkala j\u00e4gargille<\/strong><\/td>\n<td valign=\"top\">\u00a0Lennart Segerlund<\/td>\n<td valign=\"top\"><\/td>\n<\/tr>\n<tr>\n<td valign=\"top\"><strong>Seskar\u00f6 JKL<\/strong><\/td>\n<td valign=\"top\">\u00a0Bengt Englund<\/td>\n<td valign=\"top\"><\/td>\n<\/tr>\n<tr>\n<td valign=\"top\"><strong>Vuono Jakts\u00e4llskap<\/strong><\/td>\n<td valign=\"top\"><\/td>\n<td valign=\"top\"><\/td>\n<\/tr>\n<tr>\n<td valign=\"top\"><strong>Vuono \u00c4SO<\/strong><\/td>\n<td valign=\"top\">\u00a0Mikael Wasserman<\/td>\n<td valign=\"top\"><\/td>\n<\/tr>\n<tr>\n<td valign=\"top\"><strong>Karhuvaara\/Tossa VVO<\/strong><\/td>\n<td valign=\"top\">\u00a0Anders Karhuvaara<\/td>\n<td valign=\"top\"><\/td>\n<\/tr>\n<tr>\n<td valign=\"top\">Kylm\u00e4oja VVO<\/td>\n<td valign=\"top\"><\/td>\n<td valign=\"top\"><\/td>\n<\/tr>\n<tr>\n<td valign=\"top\"><strong>S\u00e4ivis J\u00e4gargille<\/strong><\/td>\n<td valign=\"top\">\u00a0Mikael Juntti<\/td>\n<td valign=\"top\"><\/td>\n<\/tr>\n<tr>\n<td valign=\"top\">Pellinp\u00e4\u00e4 JL<\/td>\n<td valign=\"top\"><\/td>\n<td valign=\"top\"><\/td>\n<\/tr>\n<tr>\n<td valign=\"top\">Haukij\u00e4rvi\/Lapptr\u00e4sk JL<\/td>\n<td valign=\"top\"><\/td>\n<td valign=\"top\"><\/td>\n<\/tr>\n<tr>\n<td valign=\"top\">L<strong>apptr\u00e4sk v\u00e4stra JL<\/strong><\/td>\n<td valign=\"top\">\u00a0Conny Nilsson<\/td>\n<td valign=\"top\"><\/td>\n<\/tr>\n<tr>\n<td valign=\"top\"><strong>S\u00e4ivis Sattaoja Jaktklubb<\/strong><\/td>\n<td valign=\"top\">Anders Kivij\u00e4rvi<\/td>\n<td valign=\"top\"><\/td>\n<\/tr>\n<tr>\n<td valign=\"top\">L\u00f6vhedens JK<\/td>\n<td valign=\"top\"><\/td>\n<td valign=\"top\"><\/td>\n<\/tr>\n<tr>\n<td valign=\"top\">Matoj\u00e4rvi JL<\/td>\n<td valign=\"top\"><\/td>\n<td valign=\"top\"><\/td>\n<\/tr>\n<tr>\n<td valign=\"top\">Peura JK<\/td>\n<td valign=\"top\"><\/td>\n<td valign=\"top\"><\/td>\n<\/tr>\n<tr>\n<td valign=\"top\"><strong>Mabos \u00c4lgjaktlag<\/strong><\/td>\n<td valign=\"top\">\u00a0Bertil Hermansson<\/td>\n<td valign=\"top\"><\/td>\n<\/tr>\n<tr>\n<td valign=\"top\">Karl-Gustavs JL<\/td>\n<td valign=\"top\"><\/td>\n<td valign=\"top\"><\/td>\n<\/tr>\n<tr>\n<td valign=\"top\">Svea skog Fors<\/td>\n<td valign=\"top\"><\/td>\n<td valign=\"top\"><\/td>\n<\/tr>\n<tr>\n<td valign=\"top\"><strong>S\u00e4ivisn\u00e4s JK<\/strong><\/td>\n<td valign=\"top\">\u00a0Anders B\u00e4ckman<\/td>\n<td valign=\"top\"><\/td>\n<\/tr>\n<\/tbody>\n<\/table>\n<p>&nbsp;<\/p>\n","protected":false},"excerpt":{"rendered":"<p>H\u00e4r hittar du kontaktuppgifter till jaktlag i Haparandakretsen. Alla lag \u00e4r inte medlemmar i J\u00e4garef\u00f6rbundet Haparanda. JAKTLAG MED FET STIL \u00c4R MEDLEMMAR I J\u00c4GAREF\u00d6RBUNDET HAPARANDA Jaktlag \u00a0 \u00a0 \u00a0 \u00a0 \u00a0 \u00a0 \u00a0 \u00a0 \u00a0 \u00a0 \u00a0 \u00a0 \u00a0 \u00a0 \u00a0 Kontakt \u00a0 \u00a0 \u00a0 \u00a0 \u00a0 \u00a0 \u00a0 \u00a0 \u00a0 \u00a0 \u00a0 \u00a0 \u00a0 [&hellip;]<\/p>\n","protected":false},"author":74,"featured_media":0,"parent":0,"menu_order":7,"comment_status":"closed","ping_status":"closed","template":"","meta":{"footnotes":""},"class_list":["post-149","page","type-page","status-publish","hentry"],"_links":{"self":[{"href":"https:\/\/krets.jagareforbundet.se\/haparanda\/wp-json\/wp\/v2\/pages\/149","targetHints":{"allow":["GET"]}}],"collection":[{"href":"https:\/\/krets.jagareforbundet.se\/haparanda\/wp-json\/wp\/v2\/pages"}],"about":[{"href":"https:\/\/krets.jagareforbundet.se\/haparanda\/wp-json\/wp\/v2\/types\/page"}],"author":[{"embeddable":true,"href":"https:\/\/krets.jagareforbundet.se\/haparanda\/wp-json\/wp\/v2\/users\/74"}],"replies":[{"embeddable":true,"href":"https:\/\/krets.jagareforbundet.se\/haparanda\/wp-json\/wp\/v2\/comments?post=149"}],"version-history":[{"count":4,"href":"https:\/\/krets.jagareforbundet.se\/haparanda\/wp-json\/wp\/v2\/pages\/149\/revisions"}],"predecessor-version":[{"id":633,"href":"https:\/\/krets.jagareforbundet.se\/haparanda\/wp-json\/wp\/v2\/pages\/149\/revisions\/633"}],"wp:attachment":[{"href":"https:\/\/krets.jagareforbundet.se\/haparanda\/wp-json\/wp\/v2\/media?parent=149"}],"curies":[{"name":"wp","href":"https:\/\/api.w.org\/{rel}","templated":true}]}}