{"id":164,"date":"2013-03-06T15:28:30","date_gmt":"2013-03-06T14:28:30","guid":{"rendered":"https:\/\/krets.jagareforbundet.se\/haparanda\/?page_id=164"},"modified":"2024-02-28T11:19:52","modified_gmt":"2024-02-28T10:19:52","slug":"dokument","status":"publish","type":"page","link":"https:\/\/krets.jagareforbundet.se\/haparanda\/dokument\/","title":{"rendered":"Dokument"},"content":{"rendered":"<p><strong>Kretsens stadgar<\/strong><\/p>\n<p><a href=\"https:\/\/krets.jagareforbundet.se\/haparanda\/files\/2018\/02\/stadgar-haparanda-jvk.pdf\">Stadgar Haparanda Jvk<\/a><\/p>\n<p><strong>\u00c5rsm\u00f6tesprotokoll<\/strong><\/p>\n<p><a href=\"https:\/\/krets.jagareforbundet.se\/haparanda\/files\/2024\/02\/Protokoll-15-februari-Arsmote-2024.pdf\">Protokoll 15 februari \u00c5rsm\u00f6te 2024<\/a><\/p>\n<p><a href=\"https:\/\/krets.jagareforbundet.se\/haparanda\/files\/2023\/03\/Protokoll-16-februari-Arsmote-2023.docx\">Protokoll 16 februari \u00c5rsm\u00f6te 2023<\/a><\/p>\n<p><a href=\"https:\/\/krets.jagareforbundet.se\/haparanda\/files\/2023\/03\/Protokoll-17-mars-Arsmote-2022..pdf\">Protokoll 17 mars \u00c5rsm\u00f6te 2022.<\/a><\/p>\n<p><a href=\"https:\/\/krets.jagareforbundet.se\/haparanda\/files\/2013\/03\/Protokoll-Kretsen-2015.doc\">Protokoll Kretsen-2015<\/a><\/p>\n<p><a href=\"https:\/\/krets.jagareforbundet.se\/haparanda\/files\/2013\/03\/Protokoll-\u00c5RSM\u00d6TE-10-feb-2014.pdf\">Protokoll 2014-02-10<\/a><\/p>\n<p><a href=\"https:\/\/krets.jagareforbundet.se\/haparanda\/files\/2013\/03\/Protokoll-\u00e5rsm\u00f6te-2013.pdf\">Protokoll 2013-02-12<\/a><\/p>\n<p><strong>Dagordning styrelsem\u00f6ten<\/strong><\/p>\n<p>&nbsp;<\/p>\n<p><a href=\"https:\/\/krets.jagareforbundet.se\/haparanda\/files\/2013\/03\/VP-2016-ny-.doc\">Verksamhetsplan 2016<\/a><\/p>\n<p>&nbsp;<\/p>\n","protected":false},"excerpt":{"rendered":"<p>Kretsens stadgar Stadgar Haparanda Jvk \u00c5rsm\u00f6tesprotokoll Protokoll 15 februari \u00c5rsm\u00f6te 2024 Protokoll 16 februari \u00c5rsm\u00f6te 2023 Protokoll 17 mars \u00c5rsm\u00f6te 2022. Protokoll Kretsen-2015 Protokoll 2014-02-10 Protokoll 2013-02-12 Dagordning styrelsem\u00f6ten &nbsp; Verksamhetsplan 2016 &nbsp;<\/p>\n","protected":false},"author":74,"featured_media":0,"parent":0,"menu_order":8,"comment_status":"closed","ping_status":"closed","template":"","meta":{"footnotes":""},"class_list":["post-164","page","type-page","status-publish","hentry"],"_links":{"self":[{"href":"https:\/\/krets.jagareforbundet.se\/haparanda\/wp-json\/wp\/v2\/pages\/164","targetHints":{"allow":["GET"]}}],"collection":[{"href":"https:\/\/krets.jagareforbundet.se\/haparanda\/wp-json\/wp\/v2\/pages"}],"about":[{"href":"https:\/\/krets.jagareforbundet.se\/haparanda\/wp-json\/wp\/v2\/types\/page"}],"author":[{"embeddable":true,"href":"https:\/\/krets.jagareforbundet.se\/haparanda\/wp-json\/wp\/v2\/users\/74"}],"replies":[{"embeddable":true,"href":"https:\/\/krets.jagareforbundet.se\/haparanda\/wp-json\/wp\/v2\/comments?post=164"}],"version-history":[{"count":3,"href":"https:\/\/krets.jagareforbundet.se\/haparanda\/wp-json\/wp\/v2\/pages\/164\/revisions"}],"predecessor-version":[{"id":649,"href":"https:\/\/krets.jagareforbundet.se\/haparanda\/wp-json\/wp\/v2\/pages\/164\/revisions\/649"}],"wp:attachment":[{"href":"https:\/\/krets.jagareforbundet.se\/haparanda\/wp-json\/wp\/v2\/media?parent=164"}],"curies":[{"name":"wp","href":"https:\/\/api.w.org\/{rel}","templated":true}]}}