{"id":188,"date":"2013-03-06T16:02:31","date_gmt":"2013-03-06T15:02:31","guid":{"rendered":"https:\/\/krets.jagareforbundet.se\/haparanda\/?page_id=188"},"modified":"2025-05-09T19:32:40","modified_gmt":"2025-05-09T17:32:40","slug":"jagarexamen","status":"publish","type":"page","link":"https:\/\/krets.jagareforbundet.se\/haparanda\/jagarexamen\/","title":{"rendered":"J\u00e4garexamen"},"content":{"rendered":"<div><u><b>J\u00e4garskolans praktiska del (tr\u00e4ningskv\u00e4llar) 2025.<\/b><\/u><\/div>\n<div>Hagel \/Grundprov kula\u00a0 \u00a0 15, 16 och 22 maj.\u00a0 \u00a0(OBS ! Justerat datum 16 maj)<\/div>\n<div>J\u00e4gerexamen\u00a0 \u00a0 \u00a0 \u00a0 \u00a0 \u00a0 \u00a0 \u00a0 \u00a0 \u00a0 \u00a0 \u00a023 maj &#8211; 1 juni\u00a0 \u00a0 \u00a0(Maria bokar)<\/div>\n<div>\u00c4lgbanan\u00a0 \u00a0 \u00a0 \u00a0 \u00a0 \u00a0 \u00a0 \u00a0 \u00a0 \u00a0 \u00a0 \u00a0 \u00a0 \u00a0 \u00a0 2, 4\u00a0 och 9 juni<\/div>\n<div>J\u00e4garexamen\u00a0 \u00a0 \u00a0 \u00a0 \u00a0 \u00a0 \u00a0 \u00a0 \u00a0 \u00a0 \u00a0 \u00a0 11 juni-\u00a0 \u00a0 \u00a0 \u00a0 \u00a0 \u00a0 \u00a0 \u00a0 (Maria bokar)<\/div>\n<p>&nbsp;<\/p>\n<p>&nbsp;<\/p>\n<p>&nbsp;<\/p>\n<p><strong>Cirkelledare:<\/strong><\/p>\n<p>Erika Medstr\u00f6m tel 070-589 12 42<br \/>\nStefan Waara\u00a0tel 070-536 89 33<\/p>\n<p><strong>Praktiska \u00f6vningar<\/strong><br \/>\nHagelgev\u00e4r:<\/p>\n<p>Kulgev\u00e4r:<br \/>\nMats Hermansson, tel 070-659 \u00a083 18<\/p>\n<p><strong>Provledare:<\/strong><\/p>\n<p>Nils Karkiainen tel 070-2055580<\/p>\n<p>&nbsp;<\/p>\n<p>&nbsp;<\/p>\n<p>&nbsp;<\/p>\n<p>&nbsp;<\/p>\n<p>&nbsp;<\/p>\n<p>&nbsp;<\/p>\n<p>&nbsp;<\/p>\n","protected":false},"excerpt":{"rendered":"<p>J\u00e4garskolans praktiska del (tr\u00e4ningskv\u00e4llar) 2025. Hagel \/Grundprov kula\u00a0 \u00a0 15, 16 och 22 maj.\u00a0 \u00a0(OBS ! Justerat datum 16 maj) J\u00e4gerexamen\u00a0 \u00a0 \u00a0 \u00a0 \u00a0 \u00a0 \u00a0 \u00a0 \u00a0 \u00a0 \u00a0 \u00a023 maj &#8211; 1 juni\u00a0 \u00a0 \u00a0(Maria bokar) \u00c4lgbanan\u00a0 \u00a0 \u00a0 \u00a0 \u00a0 \u00a0 \u00a0 \u00a0 \u00a0 \u00a0 \u00a0 \u00a0 \u00a0 \u00a0 \u00a0 2, [&hellip;]<\/p>\n","protected":false},"author":74,"featured_media":0,"parent":0,"menu_order":4,"comment_status":"closed","ping_status":"closed","template":"","meta":{"footnotes":""},"class_list":["post-188","page","type-page","status-publish","hentry"],"_links":{"self":[{"href":"https:\/\/krets.jagareforbundet.se\/haparanda\/wp-json\/wp\/v2\/pages\/188","targetHints":{"allow":["GET"]}}],"collection":[{"href":"https:\/\/krets.jagareforbundet.se\/haparanda\/wp-json\/wp\/v2\/pages"}],"about":[{"href":"https:\/\/krets.jagareforbundet.se\/haparanda\/wp-json\/wp\/v2\/types\/page"}],"author":[{"embeddable":true,"href":"https:\/\/krets.jagareforbundet.se\/haparanda\/wp-json\/wp\/v2\/users\/74"}],"replies":[{"embeddable":true,"href":"https:\/\/krets.jagareforbundet.se\/haparanda\/wp-json\/wp\/v2\/comments?post=188"}],"version-history":[{"count":3,"href":"https:\/\/krets.jagareforbundet.se\/haparanda\/wp-json\/wp\/v2\/pages\/188\/revisions"}],"predecessor-version":[{"id":765,"href":"https:\/\/krets.jagareforbundet.se\/haparanda\/wp-json\/wp\/v2\/pages\/188\/revisions\/765"}],"wp:attachment":[{"href":"https:\/\/krets.jagareforbundet.se\/haparanda\/wp-json\/wp\/v2\/media?parent=188"}],"curies":[{"name":"wp","href":"https:\/\/api.w.org\/{rel}","templated":true}]}}