{"id":215,"date":"2013-03-09T11:46:13","date_gmt":"2013-03-09T10:46:13","guid":{"rendered":"https:\/\/krets.jagareforbundet.se\/haparanda\/?page_id=215"},"modified":"2026-03-22T10:24:52","modified_gmt":"2026-03-22T09:24:52","slug":"utbildningar","status":"publish","type":"page","link":"https:\/\/krets.jagareforbundet.se\/haparanda\/utbildningar\/","title":{"rendered":"Utbildningar"},"content":{"rendered":"<p><strong>Kommande kurser 2026<\/strong><\/p>\n<p><strong>JAKTLEDARUTBILDNING 27 JUNI<\/strong><br \/>\n<a href=\"https:\/\/jagareforbundetnorrbotten.se\/kalender\/2026\/06\/jaktledarutbildning-Haparanda\">J\u00e4garef\u00f6rbundet Norrbotten<\/a><\/p>\n<p><strong>\u00c4LGOBSUTBILDNING<\/strong><br \/>\nKommer att ske vid tv\u00e5 tillf\u00e4llen under augusti<\/p>\n<p>&nbsp;<\/p>\n<div id=\"attachment_216\" style=\"width: 310px\" class=\"wp-caption aligncenter\"><a href=\"https:\/\/krets.jagareforbundet.se\/haparanda\/files\/2013\/03\/IMG_2870.jpg\"><img loading=\"lazy\" decoding=\"async\" aria-describedby=\"caption-attachment-216\" class=\"size-medium wp-image-216\" title=\"IMG_2870\" src=\"https:\/\/krets.jagareforbundet.se\/haparanda\/files\/2013\/03\/IMG_2870-300x250.jpg\" alt=\"\" width=\"300\" height=\"250\" srcset=\"https:\/\/krets.jagareforbundet.se\/haparanda\/files\/2013\/03\/IMG_2870-300x250.jpg 300w, https:\/\/krets.jagareforbundet.se\/haparanda\/files\/2013\/03\/IMG_2870-1024x853.jpg 1024w\" sizes=\"auto, (max-width: 300px) 100vw, 300px\" \/><\/a><p id=\"caption-attachment-216\" class=\"wp-caption-text\">Efters\u00f6ksutbildning 2012<\/p><\/div>\n<p>Vi anordnar olika utbildningar inom jakt. \u00c4r det n\u00e5gon utbildning som du och ditt lag vill att vi anordnar? Oftast kr\u00e4vs det att man samlar ca 10 deltagare f\u00f6r att kursen kan genomf\u00f6ras. Exempel p\u00e5 kurser: Efters\u00f6k, efters\u00f6k p\u00e5 bj\u00f6rn, jaktledarutbildning, skytte, bj\u00f6rnjakt, j\u00e4garexamen mm. H\u00f6r av om ditt lag vill att vi k\u00f6r ig\u00e5ng en utbildning.<\/p>\n<div id=\"attachment_217\" style=\"width: 310px\" class=\"wp-caption aligncenter\"><a href=\"https:\/\/krets.jagareforbundet.se\/haparanda\/files\/2013\/03\/IMG_2855.jpg\"><img loading=\"lazy\" decoding=\"async\" aria-describedby=\"caption-attachment-217\" class=\"size-medium wp-image-217\" title=\"IMG_2855\" src=\"https:\/\/krets.jagareforbundet.se\/haparanda\/files\/2013\/03\/IMG_2855-300x206.jpg\" alt=\"\" width=\"300\" height=\"206\" srcset=\"https:\/\/krets.jagareforbundet.se\/haparanda\/files\/2013\/03\/IMG_2855-300x206.jpg 300w, https:\/\/krets.jagareforbundet.se\/haparanda\/files\/2013\/03\/IMG_2855-1024x705.jpg 1024w\" sizes=\"auto, (max-width: 300px) 100vw, 300px\" \/><\/a><p id=\"caption-attachment-217\" class=\"wp-caption-text\">Utbildning 2012<\/p><\/div>\n<div id=\"attachment_247\" style=\"width: 310px\" class=\"wp-caption aligncenter\"><a href=\"https:\/\/krets.jagareforbundet.se\/haparanda\/files\/2013\/03\/IMG_2859.jpg\"><img loading=\"lazy\" decoding=\"async\" aria-describedby=\"caption-attachment-247\" class=\"size-medium wp-image-247\" title=\"IMG_2859\" src=\"https:\/\/krets.jagareforbundet.se\/haparanda\/files\/2013\/03\/IMG_2859-300x250.jpg\" alt=\"\" width=\"300\" height=\"250\" srcset=\"https:\/\/krets.jagareforbundet.se\/haparanda\/files\/2013\/03\/IMG_2859-300x250.jpg 300w, https:\/\/krets.jagareforbundet.se\/haparanda\/files\/2013\/03\/IMG_2859-1024x853.jpg 1024w\" sizes=\"auto, (max-width: 300px) 100vw, 300px\" \/><\/a><p id=\"caption-attachment-247\" class=\"wp-caption-text\">Provobjekt<\/p><\/div>\n<div id=\"attachment_248\" style=\"width: 310px\" class=\"wp-caption aligncenter\"><a href=\"https:\/\/krets.jagareforbundet.se\/haparanda\/files\/2013\/03\/IMG_2865.jpg\"><img loading=\"lazy\" decoding=\"async\" aria-describedby=\"caption-attachment-248\" class=\"size-medium wp-image-248\" title=\"IMG_2865\" src=\"https:\/\/krets.jagareforbundet.se\/haparanda\/files\/2013\/03\/IMG_2865-300x250.jpg\" alt=\"\" width=\"300\" height=\"250\" srcset=\"https:\/\/krets.jagareforbundet.se\/haparanda\/files\/2013\/03\/IMG_2865-300x250.jpg 300w, https:\/\/krets.jagareforbundet.se\/haparanda\/files\/2013\/03\/IMG_2865-1024x853.jpg 1024w\" sizes=\"auto, (max-width: 300px) 100vw, 300px\" \/><\/a><p id=\"caption-attachment-248\" class=\"wp-caption-text\">Skottplatsunders\u00f6kning<\/p><\/div>\n","protected":false},"excerpt":{"rendered":"<p>Kommande kurser 2026 JAKTLEDARUTBILDNING 27 JUNI J\u00e4garef\u00f6rbundet Norrbotten \u00c4LGOBSUTBILDNING Kommer att ske vid tv\u00e5 tillf\u00e4llen under augusti &nbsp; Vi anordnar olika utbildningar inom jakt. \u00c4r det n\u00e5gon utbildning som du och ditt lag vill att vi anordnar? Oftast kr\u00e4vs det att man samlar ca 10 deltagare f\u00f6r att kursen kan genomf\u00f6ras. Exempel p\u00e5 kurser: Efters\u00f6k, [&hellip;]<\/p>\n","protected":false},"author":74,"featured_media":0,"parent":0,"menu_order":10,"comment_status":"closed","ping_status":"closed","template":"","meta":{"footnotes":""},"class_list":["post-215","page","type-page","status-publish","hentry"],"_links":{"self":[{"href":"https:\/\/krets.jagareforbundet.se\/haparanda\/wp-json\/wp\/v2\/pages\/215","targetHints":{"allow":["GET"]}}],"collection":[{"href":"https:\/\/krets.jagareforbundet.se\/haparanda\/wp-json\/wp\/v2\/pages"}],"about":[{"href":"https:\/\/krets.jagareforbundet.se\/haparanda\/wp-json\/wp\/v2\/types\/page"}],"author":[{"embeddable":true,"href":"https:\/\/krets.jagareforbundet.se\/haparanda\/wp-json\/wp\/v2\/users\/74"}],"replies":[{"embeddable":true,"href":"https:\/\/krets.jagareforbundet.se\/haparanda\/wp-json\/wp\/v2\/comments?post=215"}],"version-history":[{"count":3,"href":"https:\/\/krets.jagareforbundet.se\/haparanda\/wp-json\/wp\/v2\/pages\/215\/revisions"}],"predecessor-version":[{"id":831,"href":"https:\/\/krets.jagareforbundet.se\/haparanda\/wp-json\/wp\/v2\/pages\/215\/revisions\/831"}],"wp:attachment":[{"href":"https:\/\/krets.jagareforbundet.se\/haparanda\/wp-json\/wp\/v2\/media?parent=215"}],"curies":[{"name":"wp","href":"https:\/\/api.w.org\/{rel}","templated":true}]}}