{"id":28,"date":"2011-09-09T08:06:13","date_gmt":"2011-09-09T06:06:13","guid":{"rendered":"https:\/\/krets.jagareforbundet.se\/template\/?page_id=28"},"modified":"2017-03-14T15:17:02","modified_gmt":"2017-03-14T14:17:02","slug":"kontakta-oss","status":"publish","type":"page","link":"https:\/\/krets.jagareforbundet.se\/haparanda\/kontakta-oss\/","title":{"rendered":"Kontakta oss"},"content":{"rendered":"<p>Ordf\u00f6randen G\u00f6ran R\u00f6nnb\u00e4ck\u00a0 \u00a0\u00a0smaldjuret@gmail.com<br \/>\nVice ordf\u00f6randen Bertil Segerlund \u00a0 \u00a0 bertil@segerlund.net \u00a0tel 076-147 95 45<\/p>\n<p>Du kan ocks\u00e5 kontakta oss via meddelanderutan h\u00e4r nedan.<\/p>\n","protected":false},"excerpt":{"rendered":"<p>Ordf\u00f6randen G\u00f6ran R\u00f6nnb\u00e4ck\u00a0 \u00a0\u00a0smaldjuret@gmail.com Vice ordf\u00f6randen Bertil Segerlund \u00a0 \u00a0 bertil@segerlund.net \u00a0tel 076-147 95 45 Du kan ocks\u00e5 kontakta oss via meddelanderutan h\u00e4r nedan.<\/p>\n","protected":false},"author":3,"featured_media":0,"parent":0,"menu_order":5,"comment_status":"closed","ping_status":"closed","template":"template-contact.php","meta":{"footnotes":""},"class_list":["post-28","page","type-page","status-publish","hentry"],"_links":{"self":[{"href":"https:\/\/krets.jagareforbundet.se\/haparanda\/wp-json\/wp\/v2\/pages\/28","targetHints":{"allow":["GET"]}}],"collection":[{"href":"https:\/\/krets.jagareforbundet.se\/haparanda\/wp-json\/wp\/v2\/pages"}],"about":[{"href":"https:\/\/krets.jagareforbundet.se\/haparanda\/wp-json\/wp\/v2\/types\/page"}],"author":[{"embeddable":true,"href":"https:\/\/krets.jagareforbundet.se\/haparanda\/wp-json\/wp\/v2\/users\/3"}],"replies":[{"embeddable":true,"href":"https:\/\/krets.jagareforbundet.se\/haparanda\/wp-json\/wp\/v2\/comments?post=28"}],"version-history":[{"count":0,"href":"https:\/\/krets.jagareforbundet.se\/haparanda\/wp-json\/wp\/v2\/pages\/28\/revisions"}],"wp:attachment":[{"href":"https:\/\/krets.jagareforbundet.se\/haparanda\/wp-json\/wp\/v2\/media?parent=28"}],"curies":[{"name":"wp","href":"https:\/\/api.w.org\/{rel}","templated":true}]}}