{"id":477,"date":"2020-02-15T11:06:50","date_gmt":"2020-02-15T10:06:50","guid":{"rendered":"https:\/\/krets.jagareforbundet.se\/haparanda\/?page_id=477"},"modified":"2021-08-11T16:19:15","modified_gmt":"2021-08-11T14:19:15","slug":"algkalvlotteriet","status":"publish","type":"page","link":"https:\/\/krets.jagareforbundet.se\/haparanda\/jaktlag\/algkalvlotteriet\/","title":{"rendered":"\u00c4lgkalvlotteriet"},"content":{"rendered":"<p>Varje \u00e4r har vi ett lotteri. M\u00e5let \u00e4r att f\u00e5 in pengar till kretsens verksamhet.<br \/>\nEtt jaktlag sk\u00e4nker en \u00e4lgkalv som blir f\u00f6rsta pris. Tv\u00e5an och trean f\u00e5r ett<br \/>\npresentkort p\u00e5 500 kr.<\/p>\n<p>Jaktlag som sk\u00e4nkt \u00e4lgkalv till lotteriet.<\/p>\n<p>2013 \u00a0 Nedre Vojakkala VVO<br \/>\n2014 \u00a0 Mattila VVO<br \/>\n2015 \u00a0 K\u00e4rrb\u00e4ck VVO<br \/>\n2016 \u00a0 Kukkola VVO<br \/>\n2017 \u00a0 Sangij\u00e4rvi Nikkala<br \/>\n2018 \u00a0Korpikyl\u00e4<br \/>\n2019 \u00a0Seskar\u00f6<br \/>\n2020 Haparanda<br \/>\n2021 \u00a0Vuono jakts\u00e4llskap<br \/>\n2022 Nedre Vojakkala VVO (beslut \u00e5rsst\u00e4mma 2021)<\/p>\n","protected":false},"excerpt":{"rendered":"<p>Varje \u00e4r har vi ett lotteri. M\u00e5let \u00e4r att f\u00e5 in pengar till kretsens verksamhet. Ett jaktlag sk\u00e4nker en \u00e4lgkalv som blir f\u00f6rsta pris. Tv\u00e5an och trean f\u00e5r ett presentkort p\u00e5 500 kr. Jaktlag som sk\u00e4nkt \u00e4lgkalv till lotteriet. 2013 \u00a0 Nedre Vojakkala VVO 2014 \u00a0 Mattila VVO 2015 \u00a0 K\u00e4rrb\u00e4ck VVO 2016 \u00a0 Kukkola [&hellip;]<\/p>\n","protected":false},"author":74,"featured_media":0,"parent":149,"menu_order":0,"comment_status":"closed","ping_status":"closed","template":"","meta":{"footnotes":""},"class_list":["post-477","page","type-page","status-publish","hentry"],"_links":{"self":[{"href":"https:\/\/krets.jagareforbundet.se\/haparanda\/wp-json\/wp\/v2\/pages\/477","targetHints":{"allow":["GET"]}}],"collection":[{"href":"https:\/\/krets.jagareforbundet.se\/haparanda\/wp-json\/wp\/v2\/pages"}],"about":[{"href":"https:\/\/krets.jagareforbundet.se\/haparanda\/wp-json\/wp\/v2\/types\/page"}],"author":[{"embeddable":true,"href":"https:\/\/krets.jagareforbundet.se\/haparanda\/wp-json\/wp\/v2\/users\/74"}],"replies":[{"embeddable":true,"href":"https:\/\/krets.jagareforbundet.se\/haparanda\/wp-json\/wp\/v2\/comments?post=477"}],"version-history":[{"count":3,"href":"https:\/\/krets.jagareforbundet.se\/haparanda\/wp-json\/wp\/v2\/pages\/477\/revisions"}],"predecessor-version":[{"id":510,"href":"https:\/\/krets.jagareforbundet.se\/haparanda\/wp-json\/wp\/v2\/pages\/477\/revisions\/510"}],"up":[{"embeddable":true,"href":"https:\/\/krets.jagareforbundet.se\/haparanda\/wp-json\/wp\/v2\/pages\/149"}],"wp:attachment":[{"href":"https:\/\/krets.jagareforbundet.se\/haparanda\/wp-json\/wp\/v2\/media?parent=477"}],"curies":[{"name":"wp","href":"https:\/\/api.w.org\/{rel}","templated":true}]}}