{"id":738,"date":"2025-02-27T13:24:19","date_gmt":"2025-02-27T12:24:19","guid":{"rendered":"https:\/\/krets.jagareforbundet.se\/haparanda\/?page_id=738"},"modified":"2025-05-17T19:45:16","modified_gmt":"2025-05-17T17:45:16","slug":"viltmal-50","status":"publish","type":"page","link":"https:\/\/krets.jagareforbundet.se\/haparanda\/viltmal-50\/","title":{"rendered":"Viltm\u00e5l 50"},"content":{"rendered":"<p>V\u00e4lkommen till banan Viltm\u00e5l 50 m i Vuono.<\/p>\n<p>Kontaktpersoner: Jonas Ylikangas och Mats Hermansson<\/p>\n<p><strong>Avgifter viltm\u00e5l 50 m<\/strong><\/p>\n<p><strong>S\u00e4songsavgift<\/strong><br \/>\nMedlem i Kretsen J\u00e4garef\u00f6rbundet Haparanda:\u00a0 250 kr<br \/>\n\u00d6vriga:\u00a0 600 kr<br \/>\n<strong>Avgift per serie<\/strong><br \/>\n10 kr<br \/>\n<strong>Ungdom till och med 18 \u00e5r boende inom kretsen.<\/strong><br \/>\n0 kr i avgift<\/p>\n<p><strong>Avgiften betalas p\u00e5 konto Swedbank 7981 340 2326 eller SWISH 123140403781<\/strong><\/p>\n<p><strong>Skjutledare: Anton Innala, Mats Hermansson, Joni J\u00e4rvelin, Johan Makslahti, Jonas J\u00e4rvi, Jan-Erik Innala,<br \/>\nHenrik Karkiainen, Ari Jekkonen, Kalle Nilsson, Ari Ylipekkala<\/strong><\/p>\n<p><strong>Torsdagar maj &#8211; augusti\u00a0 kl 18.00 \u2013 20.00\u00a0<\/strong><\/p>\n<table style=\"height: 438px\" width=\"390\">\n<tbody>\n<tr>\n<td width=\"85\">Datum<\/td>\n<td width=\"397\">Skjutledare Viltm\u00e5l 50m.<\/td>\n<\/tr>\n<tr>\n<td width=\"85\"><\/td>\n<td width=\"397\"><\/td>\n<\/tr>\n<tr>\n<td width=\"85\">22 maj<\/td>\n<td width=\"397\">Henrik Karkiainen<\/td>\n<\/tr>\n<tr>\n<td width=\"85\">29 maj<\/td>\n<td width=\"397\">St\u00e4ngt<\/td>\n<\/tr>\n<tr>\n<td width=\"85\">5 juni<\/td>\n<td width=\"397\">Joni J\u00e4rvelin<\/td>\n<\/tr>\n<tr>\n<td width=\"85\">12 juni<\/td>\n<td width=\"397\">Henrik Karkiainen<\/td>\n<\/tr>\n<tr>\n<td width=\"85\">19 juni<\/td>\n<td width=\"397\">Jan-Erik Innala<\/td>\n<\/tr>\n<tr>\n<td width=\"85\">26 juni<\/td>\n<td width=\"397\">Ari Ylipekkala<\/td>\n<\/tr>\n<tr>\n<td width=\"85\">3 juli<\/td>\n<td width=\"397\">Anton Innala<\/td>\n<\/tr>\n<tr>\n<td width=\"85\">10 juli<\/td>\n<td width=\"397\">Kalle Nilsson<\/td>\n<\/tr>\n<tr>\n<td width=\"85\">17 juli<\/td>\n<td width=\"397\">Johan Makslahti<\/td>\n<\/tr>\n<tr>\n<td width=\"85\">24 juli<\/td>\n<td width=\"397\"><\/td>\n<\/tr>\n<tr>\n<td width=\"85\">31 juli<\/td>\n<td width=\"397\">Jonas J\u00e4rvi<\/td>\n<\/tr>\n<tr>\n<td width=\"85\">7 augusti<\/td>\n<td width=\"397\"><\/td>\n<\/tr>\n<tr>\n<td width=\"85\">14 augusti<\/td>\n<td width=\"397\"><\/td>\n<\/tr>\n<\/tbody>\n<\/table>\n","protected":false},"excerpt":{"rendered":"<p>V\u00e4lkommen till banan Viltm\u00e5l 50 m i Vuono. Kontaktpersoner: Jonas Ylikangas och Mats Hermansson Avgifter viltm\u00e5l 50 m S\u00e4songsavgift Medlem i Kretsen J\u00e4garef\u00f6rbundet Haparanda:\u00a0 250 kr \u00d6vriga:\u00a0 600 kr Avgift per serie 10 kr Ungdom till och med 18 \u00e5r boende inom kretsen. 0 kr i avgift Avgiften betalas p\u00e5 konto Swedbank 7981 340 2326 [&hellip;]<\/p>\n","protected":false},"author":74,"featured_media":0,"parent":0,"menu_order":4,"comment_status":"closed","ping_status":"closed","template":"","meta":{"footnotes":""},"class_list":["post-738","page","type-page","status-publish","hentry"],"_links":{"self":[{"href":"https:\/\/krets.jagareforbundet.se\/haparanda\/wp-json\/wp\/v2\/pages\/738","targetHints":{"allow":["GET"]}}],"collection":[{"href":"https:\/\/krets.jagareforbundet.se\/haparanda\/wp-json\/wp\/v2\/pages"}],"about":[{"href":"https:\/\/krets.jagareforbundet.se\/haparanda\/wp-json\/wp\/v2\/types\/page"}],"author":[{"embeddable":true,"href":"https:\/\/krets.jagareforbundet.se\/haparanda\/wp-json\/wp\/v2\/users\/74"}],"replies":[{"embeddable":true,"href":"https:\/\/krets.jagareforbundet.se\/haparanda\/wp-json\/wp\/v2\/comments?post=738"}],"version-history":[{"count":3,"href":"https:\/\/krets.jagareforbundet.se\/haparanda\/wp-json\/wp\/v2\/pages\/738\/revisions"}],"predecessor-version":[{"id":775,"href":"https:\/\/krets.jagareforbundet.se\/haparanda\/wp-json\/wp\/v2\/pages\/738\/revisions\/775"}],"wp:attachment":[{"href":"https:\/\/krets.jagareforbundet.se\/haparanda\/wp-json\/wp\/v2\/media?parent=738"}],"curies":[{"name":"wp","href":"https:\/\/api.w.org\/{rel}","templated":true}]}}