{"id":740,"date":"2025-02-27T13:25:09","date_gmt":"2025-02-27T12:25:09","guid":{"rendered":"https:\/\/krets.jagareforbundet.se\/haparanda\/?page_id=740"},"modified":"2025-05-25T19:41:28","modified_gmt":"2025-05-25T17:41:28","slug":"hagelbana","status":"publish","type":"page","link":"https:\/\/krets.jagareforbundet.se\/haparanda\/hagelbana\/","title":{"rendered":"Hagelbana"},"content":{"rendered":"<p>V\u00e4lkommen till hagelbanan i Vuono.<\/p>\n<p>Kontaktpersoner: Anton Innala<\/p>\n<p><strong>Avgifter hagelbanan.<\/strong><\/p>\n<p><strong>Per serie om 25 duvor: 55 kr<\/strong><br \/>\n<strong>Skyttar till och med 18 \u00e5r: 0 kr\/serie<\/strong><\/p>\n<p><strong>Skyttar tillhandah\u00e5ller egen ammunition.<\/strong><\/p>\n<p><strong>S\u00e4songsstart p\u00e5 hagelbanan<\/strong><\/p>\n<p>Till s\u00e4songs\u00f6ppningen p\u00e5 hagelbanan hade 12 skyttar kommit varav 2 ungdomar.<br \/>\n<a href=\"https:\/\/krets.jagareforbundet.se\/haparanda\/files\/2025\/05\/Messenger_creation_1021023393074148.jpeg\"><br \/>\n<img loading=\"lazy\" decoding=\"async\" class=\"aligncenter size-medium wp-image-779\" src=\"https:\/\/krets.jagareforbundet.se\/haparanda\/files\/2025\/05\/Messenger_creation_1021023393074148-300x225.jpeg\" alt=\"\" width=\"300\" height=\"225\" srcset=\"https:\/\/krets.jagareforbundet.se\/haparanda\/files\/2025\/05\/Messenger_creation_1021023393074148-300x225.jpeg 300w, https:\/\/krets.jagareforbundet.se\/haparanda\/files\/2025\/05\/Messenger_creation_1021023393074148-1024x768.jpeg 1024w, https:\/\/krets.jagareforbundet.se\/haparanda\/files\/2025\/05\/Messenger_creation_1021023393074148-768x576.jpeg 768w, https:\/\/krets.jagareforbundet.se\/haparanda\/files\/2025\/05\/Messenger_creation_1021023393074148-1536x1152.jpeg 1536w, https:\/\/krets.jagareforbundet.se\/haparanda\/files\/2025\/05\/Messenger_creation_1021023393074148.jpeg 2040w\" sizes=\"auto, (max-width: 300px) 100vw, 300px\" \/><\/a><\/p>\n<p><a href=\"https:\/\/krets.jagareforbundet.se\/haparanda\/files\/2025\/05\/a57b5c03-656c-401e-9fa3-07139fc681f0media_editing.tmp_.jpeg\"><img loading=\"lazy\" decoding=\"async\" class=\"aligncenter size-medium wp-image-778\" src=\"https:\/\/krets.jagareforbundet.se\/haparanda\/files\/2025\/05\/a57b5c03-656c-401e-9fa3-07139fc681f0media_editing.tmp_-300x225.jpeg\" alt=\"\" width=\"300\" height=\"225\" srcset=\"https:\/\/krets.jagareforbundet.se\/haparanda\/files\/2025\/05\/a57b5c03-656c-401e-9fa3-07139fc681f0media_editing.tmp_-300x225.jpeg 300w, https:\/\/krets.jagareforbundet.se\/haparanda\/files\/2025\/05\/a57b5c03-656c-401e-9fa3-07139fc681f0media_editing.tmp_-1024x768.jpeg 1024w, https:\/\/krets.jagareforbundet.se\/haparanda\/files\/2025\/05\/a57b5c03-656c-401e-9fa3-07139fc681f0media_editing.tmp_-768x576.jpeg 768w, https:\/\/krets.jagareforbundet.se\/haparanda\/files\/2025\/05\/a57b5c03-656c-401e-9fa3-07139fc681f0media_editing.tmp_-1536x1152.jpeg 1536w, https:\/\/krets.jagareforbundet.se\/haparanda\/files\/2025\/05\/a57b5c03-656c-401e-9fa3-07139fc681f0media_editing.tmp_.jpeg 2040w\" sizes=\"auto, (max-width: 300px) 100vw, 300px\" \/><\/a><\/p>\n","protected":false},"excerpt":{"rendered":"<p>V\u00e4lkommen till hagelbanan i Vuono. Kontaktpersoner: Anton Innala Avgifter hagelbanan. Per serie om 25 duvor: 55 kr Skyttar till och med 18 \u00e5r: 0 kr\/serie Skyttar tillhandah\u00e5ller egen ammunition. S\u00e4songsstart p\u00e5 hagelbanan Till s\u00e4songs\u00f6ppningen p\u00e5 hagelbanan hade 12 skyttar kommit varav 2 ungdomar.<\/p>\n","protected":false},"author":74,"featured_media":0,"parent":0,"menu_order":4,"comment_status":"closed","ping_status":"closed","template":"","meta":{"footnotes":""},"class_list":["post-740","page","type-page","status-publish","hentry"],"_links":{"self":[{"href":"https:\/\/krets.jagareforbundet.se\/haparanda\/wp-json\/wp\/v2\/pages\/740","targetHints":{"allow":["GET"]}}],"collection":[{"href":"https:\/\/krets.jagareforbundet.se\/haparanda\/wp-json\/wp\/v2\/pages"}],"about":[{"href":"https:\/\/krets.jagareforbundet.se\/haparanda\/wp-json\/wp\/v2\/types\/page"}],"author":[{"embeddable":true,"href":"https:\/\/krets.jagareforbundet.se\/haparanda\/wp-json\/wp\/v2\/users\/74"}],"replies":[{"embeddable":true,"href":"https:\/\/krets.jagareforbundet.se\/haparanda\/wp-json\/wp\/v2\/comments?post=740"}],"version-history":[{"count":3,"href":"https:\/\/krets.jagareforbundet.se\/haparanda\/wp-json\/wp\/v2\/pages\/740\/revisions"}],"predecessor-version":[{"id":782,"href":"https:\/\/krets.jagareforbundet.se\/haparanda\/wp-json\/wp\/v2\/pages\/740\/revisions\/782"}],"wp:attachment":[{"href":"https:\/\/krets.jagareforbundet.se\/haparanda\/wp-json\/wp\/v2\/media?parent=740"}],"curies":[{"name":"wp","href":"https:\/\/api.w.org\/{rel}","templated":true}]}}