{"id":146,"date":"2014-02-09T18:55:01","date_gmt":"2014-02-09T17:55:01","guid":{"rendered":"https:\/\/krets.jagareforbundet.se\/heby\/?page_id=146"},"modified":"2026-03-08T15:42:10","modified_gmt":"2026-03-08T14:42:10","slug":"jagareforbundet-heby-kommun","status":"publish","type":"page","link":"https:\/\/krets.jagareforbundet.se\/heby\/","title":{"rendered":"J\u00e4garef\u00f6rbundet    Heby Kommun"},"content":{"rendered":"<p style=\"text-align: left\"><span style=\"color: #008000\">J\u00e4garef\u00f6rbundet i Heby kommun, Heby kommun jaktv\u00e5rdskrets, vill hj\u00e4lpa till att p\u00e5verka myndigheter och inte minst opinion i viltv\u00e5rdsfr\u00e5gor. Utbildning och information, samverkan mellan jaktlag och \u00e4ven andra naturintressen \u00e4r viktigt. \u00a0<\/span><\/p>\n<p style=\"text-align: left\">Jaktv\u00e5rdskretsen omfattar i stort sett hela Heby kommun och \u00e4r en skogs- och glesbygdskommun som skiljer sig fr\u00e5n m\u00e5nga andra kretsar i Uppsala l\u00e4n. Det \u00e4r d\u00e4rf\u00f6r viktigt att Du som medlem g\u00f6r Dig h\u00f6rd till oss i styrelsen med s\u00e5v\u00e4l fr\u00e5gor som \u00e5sikter om hur Du vill att J\u00e4garef\u00f6rbundet skall agera och fungera i v\u00e5r kommun.<br \/>\nSj\u00e4lvklart ska vi vara en l\u00e4nk mellan j\u00e4gare med olika behov och samverkan mellan dessa i olika situationer. Att det inom kretsen finns ett stort kunnande kring jakt f\u00f6rs\u00f6ker vi utnyttja och sprida bland v\u00e5ra medlemmar och d\u00e5 kanske framf\u00f6rallt till den yngre generationen. Vi f\u00f6rs\u00f6ker ocks\u00e5 aktivt verka f\u00f6r ut\u00f6kat samarbete mellan s\u00e5v\u00e4l j\u00e4gare som jaktlag inom kretsen.<\/p>\n","protected":false},"excerpt":{"rendered":"<p>J\u00e4garef\u00f6rbundet i Heby kommun, Heby kommun jaktv\u00e5rdskrets, vill hj\u00e4lpa till att p\u00e5verka myndigheter och inte minst opinion i viltv\u00e5rdsfr\u00e5gor. Utbildning och information, samverkan mellan jaktlag och \u00e4ven andra naturintressen \u00e4r viktigt. \u00a0 Jaktv\u00e5rdskretsen omfattar i stort sett hela Heby kommun och \u00e4r en skogs- och glesbygdskommun som skiljer sig fr\u00e5n m\u00e5nga andra kretsar i Uppsala [&hellip;]<\/p>\n","protected":false},"author":164,"featured_media":0,"parent":0,"menu_order":0,"comment_status":"open","ping_status":"open","template":"","meta":{"footnotes":""},"class_list":["post-146","page","type-page","status-publish","hentry"],"_links":{"self":[{"href":"https:\/\/krets.jagareforbundet.se\/heby\/wp-json\/wp\/v2\/pages\/146","targetHints":{"allow":["GET"]}}],"collection":[{"href":"https:\/\/krets.jagareforbundet.se\/heby\/wp-json\/wp\/v2\/pages"}],"about":[{"href":"https:\/\/krets.jagareforbundet.se\/heby\/wp-json\/wp\/v2\/types\/page"}],"author":[{"embeddable":true,"href":"https:\/\/krets.jagareforbundet.se\/heby\/wp-json\/wp\/v2\/users\/164"}],"replies":[{"embeddable":true,"href":"https:\/\/krets.jagareforbundet.se\/heby\/wp-json\/wp\/v2\/comments?post=146"}],"version-history":[{"count":3,"href":"https:\/\/krets.jagareforbundet.se\/heby\/wp-json\/wp\/v2\/pages\/146\/revisions"}],"predecessor-version":[{"id":567,"href":"https:\/\/krets.jagareforbundet.se\/heby\/wp-json\/wp\/v2\/pages\/146\/revisions\/567"}],"wp:attachment":[{"href":"https:\/\/krets.jagareforbundet.se\/heby\/wp-json\/wp\/v2\/media?parent=146"}],"curies":[{"name":"wp","href":"https:\/\/api.w.org\/{rel}","templated":true}]}}