{"id":339,"date":"2022-04-16T15:05:45","date_gmt":"2022-04-16T13:05:45","guid":{"rendered":"https:\/\/krets.jagareforbundet.se\/heby\/?page_id=339"},"modified":"2026-03-08T16:00:41","modified_gmt":"2026-03-08T15:00:41","slug":"styrelsen-jagareforbundet-heby-kommun-2","status":"publish","type":"page","link":"https:\/\/krets.jagareforbundet.se\/heby\/jagareforbundet-heby-kommun\/styrelsen-jagareforbundet-heby-kommun-2\/","title":{"rendered":"Styrelsen J\u00e4garef\u00f6rbundet Heby kommun"},"content":{"rendered":"<p>&nbsp;<\/p>\n<p>P\u00e5 grund av bedr\u00e4gerif\u00f6rs\u00f6k m\u00e5ste vi ta bort kontaktuppgifterna till styrelse, revisorer och valberedning. Samtliga n\u00e5s antingen via gemensam e-postadress heby@jagareforbundetuppsala.se eller ordf\u00f6randens telefonnummer 0703259735.<\/p>\n<table width=\"755\">\n<tbody>\n<tr>\n<td colspan=\"4\" width=\"659\"><strong>Styrelse J\u00e4garef\u00f6rbundet Heby kommun\u00a0 2026<\/strong><\/td>\n<\/tr>\n<tr>\n<td><strong>Styrelse<\/strong><\/td>\n<td><strong>Namn<\/strong><\/td>\n<td><strong>Ansvarsomr\u00e5den<\/strong><\/td>\n<td><\/td>\n<\/tr>\n<tr>\n<td>Ordf\u00f6rande<\/td>\n<td>Peter Ahlgren<\/td>\n<td>Medlemsfr\u00e5gor, JAQT, kl\u00f6vvilt, rovdjur, vilt\u00f6vervakning, provtagning och kommunikation.<\/td>\n<td><\/td>\n<\/tr>\n<tr>\n<td>Vice ordf\u00f6rande<\/td>\n<td>Arne Lindstr\u00f6m<\/td>\n<td>Kl\u00f6vvilt, rovdjur, vilt\u00f6vervakning och efters\u00f6k.<\/td>\n<td><\/td>\n<\/tr>\n<tr>\n<td>Sekreterare<\/td>\n<td>Erik Andersson<\/td>\n<td>Unga j\u00e4gare och hundar.<\/td>\n<td><\/td>\n<\/tr>\n<tr>\n<td>Kass\u00f6r<\/td>\n<td>Fredrik Andersson<\/td>\n<td>Skytte.<\/td>\n<td><\/td>\n<\/tr>\n<tr>\n<td>Ledamot<\/td>\n<td>Sven-Olov Wallin<\/td>\n<td><\/td>\n<td><\/td>\n<\/tr>\n<tr>\n<td>Ledamot<\/td>\n<td>Jan-Erik Olsson<\/td>\n<td><\/td>\n<td><\/td>\n<\/tr>\n<tr>\n<td>Suppleant<\/td>\n<td>Sivert Bertilsson<\/td>\n<td>Hundar och efters\u00f6k.<\/td>\n<td><\/td>\n<\/tr>\n<tr>\n<td><\/td>\n<td><\/td>\n<\/tr>\n<tr>\n<td><strong>Revisorer<\/strong><\/td>\n<td><strong>Namn<\/strong><\/td>\n<td><\/td>\n<td><\/td>\n<\/tr>\n<tr>\n<td>Revisor sammankallande<\/td>\n<td>Lars Erik Alexsson<\/td>\n<td><\/td>\n<td><\/td>\n<\/tr>\n<tr>\n<td>Revisor<\/td>\n<td>Hans S\u00e4vneby<\/td>\n<td><\/td>\n<td><\/td>\n<\/tr>\n<tr>\n<td>Revisorsuppleant<\/td>\n<td>Sven Olov Segelsbo<\/td>\n<td><\/td>\n<td><\/td>\n<\/tr>\n<tr>\n<td>Revisorsuppleant<\/td>\n<td>Viktor Jansson<\/td>\n<td><\/td>\n<\/tr>\n<tr>\n<td><strong>Valberedning<\/strong><\/td>\n<td><strong>Namn<\/strong><\/td>\n<td><\/td>\n<td><\/td>\n<\/tr>\n<tr>\n<td>Sammankallande<\/td>\n<td>Per M\u00f6ller<\/td>\n<td><\/td>\n<td><\/td>\n<\/tr>\n<tr>\n<td>Ledamot<\/td>\n<td>Bengt G\u00e5rdenborg<\/td>\n<td><\/td>\n<td><\/td>\n<\/tr>\n<\/tbody>\n<\/table>\n<p>&nbsp;<\/p>\n","protected":false},"excerpt":{"rendered":"<p>&nbsp; P\u00e5 grund av bedr\u00e4gerif\u00f6rs\u00f6k m\u00e5ste vi ta bort kontaktuppgifterna till styrelse, revisorer och valberedning. Samtliga n\u00e5s antingen via gemensam e-postadress heby@jagareforbundetuppsala.se eller ordf\u00f6randens telefonnummer 0703259735. Styrelse J\u00e4garef\u00f6rbundet Heby kommun\u00a0 2026 Styrelse Namn Ansvarsomr\u00e5den Ordf\u00f6rande Peter Ahlgren Medlemsfr\u00e5gor, JAQT, kl\u00f6vvilt, rovdjur, vilt\u00f6vervakning, provtagning och kommunikation. Vice ordf\u00f6rande Arne Lindstr\u00f6m Kl\u00f6vvilt, rovdjur, vilt\u00f6vervakning och efters\u00f6k. Sekreterare [&hellip;]<\/p>\n","protected":false},"author":164,"featured_media":0,"parent":146,"menu_order":0,"comment_status":"closed","ping_status":"closed","template":"","meta":{"footnotes":""},"class_list":["post-339","page","type-page","status-publish","hentry"],"_links":{"self":[{"href":"https:\/\/krets.jagareforbundet.se\/heby\/wp-json\/wp\/v2\/pages\/339","targetHints":{"allow":["GET"]}}],"collection":[{"href":"https:\/\/krets.jagareforbundet.se\/heby\/wp-json\/wp\/v2\/pages"}],"about":[{"href":"https:\/\/krets.jagareforbundet.se\/heby\/wp-json\/wp\/v2\/types\/page"}],"author":[{"embeddable":true,"href":"https:\/\/krets.jagareforbundet.se\/heby\/wp-json\/wp\/v2\/users\/164"}],"replies":[{"embeddable":true,"href":"https:\/\/krets.jagareforbundet.se\/heby\/wp-json\/wp\/v2\/comments?post=339"}],"version-history":[{"count":3,"href":"https:\/\/krets.jagareforbundet.se\/heby\/wp-json\/wp\/v2\/pages\/339\/revisions"}],"predecessor-version":[{"id":570,"href":"https:\/\/krets.jagareforbundet.se\/heby\/wp-json\/wp\/v2\/pages\/339\/revisions\/570"}],"up":[{"embeddable":true,"href":"https:\/\/krets.jagareforbundet.se\/heby\/wp-json\/wp\/v2\/pages\/146"}],"wp:attachment":[{"href":"https:\/\/krets.jagareforbundet.se\/heby\/wp-json\/wp\/v2\/media?parent=339"}],"curies":[{"name":"wp","href":"https:\/\/api.w.org\/{rel}","templated":true}]}}