{"id":561,"date":"2026-03-08T15:39:05","date_gmt":"2026-03-08T14:39:05","guid":{"rendered":"https:\/\/krets.jagareforbundet.se\/heby\/?page_id=561"},"modified":"2026-03-08T15:40:45","modified_gmt":"2026-03-08T14:40:45","slug":"arsmotesprotokoll-verksamhetsaret-2025","status":"publish","type":"page","link":"https:\/\/krets.jagareforbundet.se\/heby\/jagareforbundet-heby-kommun\/arsmotesprotokoll-verksamhetsaret-2025\/","title":{"rendered":"\u00c5rsm\u00f6tesprotokoll verksamhets\u00e5ret 2025"},"content":{"rendered":"<p>H\u00e4r \u00e4r \u00e5rsm\u00f6tesprotokollet f\u00f6r verksamhets\u00e5ret 2025. Det originalprotokollet f\u00f6rvaras hos kretsens sekreterare Erik Andersson som n\u00e5s via e-postadress heby@jagareforbundetuppsala.se.<\/p>\n<p>&nbsp;<\/p>\n<p><a href=\"https:\/\/krets.jagareforbundet.se\/heby\/files\/2026\/03\/Arsmotesprotokoll-med-bilagor-Heby-JVK-2025-1.pdf\">\u00c5rsm\u00f6tesprotokoll verksamhets\u00e5ret 2025 med bilagor<\/a><\/p>\n","protected":false},"excerpt":{"rendered":"<p>H\u00e4r \u00e4r \u00e5rsm\u00f6tesprotokollet f\u00f6r verksamhets\u00e5ret 2025. Det originalprotokollet f\u00f6rvaras hos kretsens sekreterare Erik Andersson som n\u00e5s via e-postadress heby@jagareforbundetuppsala.se. &nbsp; \u00c5rsm\u00f6tesprotokoll verksamhets\u00e5ret 2025 med bilagor<\/p>\n","protected":false},"author":164,"featured_media":0,"parent":146,"menu_order":1,"comment_status":"closed","ping_status":"closed","template":"","meta":{"footnotes":""},"class_list":["post-561","page","type-page","status-publish","hentry"],"_links":{"self":[{"href":"https:\/\/krets.jagareforbundet.se\/heby\/wp-json\/wp\/v2\/pages\/561","targetHints":{"allow":["GET"]}}],"collection":[{"href":"https:\/\/krets.jagareforbundet.se\/heby\/wp-json\/wp\/v2\/pages"}],"about":[{"href":"https:\/\/krets.jagareforbundet.se\/heby\/wp-json\/wp\/v2\/types\/page"}],"author":[{"embeddable":true,"href":"https:\/\/krets.jagareforbundet.se\/heby\/wp-json\/wp\/v2\/users\/164"}],"replies":[{"embeddable":true,"href":"https:\/\/krets.jagareforbundet.se\/heby\/wp-json\/wp\/v2\/comments?post=561"}],"version-history":[{"count":3,"href":"https:\/\/krets.jagareforbundet.se\/heby\/wp-json\/wp\/v2\/pages\/561\/revisions"}],"predecessor-version":[{"id":566,"href":"https:\/\/krets.jagareforbundet.se\/heby\/wp-json\/wp\/v2\/pages\/561\/revisions\/566"}],"up":[{"embeddable":true,"href":"https:\/\/krets.jagareforbundet.se\/heby\/wp-json\/wp\/v2\/pages\/146"}],"wp:attachment":[{"href":"https:\/\/krets.jagareforbundet.se\/heby\/wp-json\/wp\/v2\/media?parent=561"}],"curies":[{"name":"wp","href":"https:\/\/api.w.org\/{rel}","templated":true}]}}