{"id":153,"date":"2014-02-19T15:50:16","date_gmt":"2014-02-19T14:50:16","guid":{"rendered":"https:\/\/krets.jagareforbundet.se\/hovagullspang\/?page_id=153"},"modified":"2016-02-19T11:05:35","modified_gmt":"2016-02-19T10:05:35","slug":"eftersoks-jagare","status":"publish","type":"page","link":"https:\/\/krets.jagareforbundet.se\/hovagullspang\/eftersoks-jagare\/","title":{"rendered":"Efters\u00f6ksj\u00e4gare"},"content":{"rendered":"<p>\u00c4lg<\/p>\n<p>R\u00e5djur : Gills Persson 0733-789918<\/p>\n<p>Vildsvin<\/p>\n<p>Varg<\/p>\n<p>LO<\/p>\n<p>Bj\u00f6rn<\/p>\n<p>Ordf\u00f6rande :<\/p>\n","protected":false},"excerpt":{"rendered":"<p>\u00c4lg R\u00e5djur : Gills Persson 0733-789918 Vildsvin Varg LO Bj\u00f6rn Ordf\u00f6rande :<\/p>\n","protected":false},"author":165,"featured_media":0,"parent":0,"menu_order":0,"comment_status":"open","ping_status":"open","template":"","meta":{"footnotes":""},"class_list":["post-153","page","type-page","status-publish","hentry"],"_links":{"self":[{"href":"https:\/\/krets.jagareforbundet.se\/hovagullspang\/wp-json\/wp\/v2\/pages\/153","targetHints":{"allow":["GET"]}}],"collection":[{"href":"https:\/\/krets.jagareforbundet.se\/hovagullspang\/wp-json\/wp\/v2\/pages"}],"about":[{"href":"https:\/\/krets.jagareforbundet.se\/hovagullspang\/wp-json\/wp\/v2\/types\/page"}],"author":[{"embeddable":true,"href":"https:\/\/krets.jagareforbundet.se\/hovagullspang\/wp-json\/wp\/v2\/users\/165"}],"replies":[{"embeddable":true,"href":"https:\/\/krets.jagareforbundet.se\/hovagullspang\/wp-json\/wp\/v2\/comments?post=153"}],"version-history":[{"count":0,"href":"https:\/\/krets.jagareforbundet.se\/hovagullspang\/wp-json\/wp\/v2\/pages\/153\/revisions"}],"wp:attachment":[{"href":"https:\/\/krets.jagareforbundet.se\/hovagullspang\/wp-json\/wp\/v2\/media?parent=153"}],"curies":[{"name":"wp","href":"https:\/\/api.w.org\/{rel}","templated":true}]}}