{"id":160,"date":"2026-04-25T14:00:48","date_gmt":"2026-04-25T12:00:48","guid":{"rendered":"https:\/\/krets.jagareforbundet.se\/hovagullspang\/?page_id=160"},"modified":"2026-04-25T14:01:03","modified_gmt":"2026-04-25T12:01:03","slug":"rovdjur-varg","status":"publish","type":"page","link":"https:\/\/krets.jagareforbundet.se\/hovagullspang\/rovdjur-varg\/","title":{"rendered":"Rovdjur Varg"},"content":{"rendered":"<h2>Sidor d\u00e4r man ser observationer och tagna prover p\u00e5 varg i V\u00e4stra g\u00f6taland<\/h2>\n<p><a href=\"https:\/\/rovbase.se\/filter?Carnivore=1&amp;CarnivoreDamage=1,2,3,4,5&amp;County=2-14&amp;Evaluation=1,2,3&amp;FromDate=2024-01-19&amp;Observation=1,2,3,12,11&amp;Offspring=false&amp;ToDate=2025-01-19\">Rovbase<\/a><\/p>\n<p><a href=\"https:\/\/www.skandobs.se\/\">Skandobs<\/a><\/p>\n<h2>Vargobservationer 2026<\/h2>\n<p>Dalbo\u00e5sen 260415<br \/>\n<a href=\"https:\/\/krets.jagareforbundet.se\/hovagullspang\/files\/2026\/04\/varg-2.jpg\"><img loading=\"lazy\" decoding=\"async\" class=\"alignnone wp-image-537\" src=\"https:\/\/krets.jagareforbundet.se\/hovagullspang\/files\/2026\/04\/varg-2-300x169.jpg\" alt=\"\" width=\"460\" height=\"259\" srcset=\"https:\/\/krets.jagareforbundet.se\/hovagullspang\/files\/2026\/04\/varg-2-300x169.jpg 300w, https:\/\/krets.jagareforbundet.se\/hovagullspang\/files\/2026\/04\/varg-2-1024x576.jpg 1024w, https:\/\/krets.jagareforbundet.se\/hovagullspang\/files\/2026\/04\/varg-2-768x432.jpg 768w, https:\/\/krets.jagareforbundet.se\/hovagullspang\/files\/2026\/04\/varg-2-1536x864.jpg 1536w, https:\/\/krets.jagareforbundet.se\/hovagullspang\/files\/2026\/04\/varg-2.jpg 1920w\" sizes=\"auto, (max-width: 460px) 100vw, 460px\" \/><\/a> <a href=\"https:\/\/krets.jagareforbundet.se\/hovagullspang\/files\/2026\/04\/varg-4.jpg\"><img loading=\"lazy\" decoding=\"async\" class=\"alignnone wp-image-538\" src=\"https:\/\/krets.jagareforbundet.se\/hovagullspang\/files\/2026\/04\/varg-4-300x169.jpg\" alt=\"\" width=\"462\" height=\"260\" srcset=\"https:\/\/krets.jagareforbundet.se\/hovagullspang\/files\/2026\/04\/varg-4-300x169.jpg 300w, https:\/\/krets.jagareforbundet.se\/hovagullspang\/files\/2026\/04\/varg-4-1024x576.jpg 1024w, https:\/\/krets.jagareforbundet.se\/hovagullspang\/files\/2026\/04\/varg-4-768x432.jpg 768w, https:\/\/krets.jagareforbundet.se\/hovagullspang\/files\/2026\/04\/varg-4-1536x864.jpg 1536w, https:\/\/krets.jagareforbundet.se\/hovagullspang\/files\/2026\/04\/varg-4.jpg 1920w\" sizes=\"auto, (max-width: 462px) 100vw, 462px\" \/><\/a><\/p>\n<p>260407 Varg p\u00e5 Hults skogsbilsv\u00e4g f\u00e5ngades p\u00e5 film men den g\u00e5r inte ladda upp h\u00e4r<\/p>\n<p>Dalbo\u00e5sen 260406<br \/>\n<a href=\"https:\/\/krets.jagareforbundet.se\/hovagullspang\/files\/2026\/04\/varg3.jpg\"><img loading=\"lazy\" decoding=\"async\" class=\"alignnone wp-image-539\" src=\"https:\/\/krets.jagareforbundet.se\/hovagullspang\/files\/2026\/04\/varg3-300x169.jpg\" alt=\"\" width=\"515\" height=\"290\" srcset=\"https:\/\/krets.jagareforbundet.se\/hovagullspang\/files\/2026\/04\/varg3-300x169.jpg 300w, https:\/\/krets.jagareforbundet.se\/hovagullspang\/files\/2026\/04\/varg3-1024x576.jpg 1024w, https:\/\/krets.jagareforbundet.se\/hovagullspang\/files\/2026\/04\/varg3-768x432.jpg 768w, https:\/\/krets.jagareforbundet.se\/hovagullspang\/files\/2026\/04\/varg3-1536x864.jpg 1536w, https:\/\/krets.jagareforbundet.se\/hovagullspang\/files\/2026\/04\/varg3.jpg 1920w\" sizes=\"auto, (max-width: 515px) 100vw, 515px\" \/><\/a><\/p>\n<p>Dalbo\u00e5sen 260219<\/p>\n<p><a href=\"https:\/\/krets.jagareforbundet.se\/hovagullspang\/files\/2026\/04\/Varg-1.jpg\"><img loading=\"lazy\" decoding=\"async\" class=\"alignnone wp-image-536\" src=\"https:\/\/krets.jagareforbundet.se\/hovagullspang\/files\/2026\/04\/Varg-1-300x169.jpg\" alt=\"\" width=\"511\" height=\"288\" srcset=\"https:\/\/krets.jagareforbundet.se\/hovagullspang\/files\/2026\/04\/Varg-1-300x169.jpg 300w, https:\/\/krets.jagareforbundet.se\/hovagullspang\/files\/2026\/04\/Varg-1-1024x576.jpg 1024w, https:\/\/krets.jagareforbundet.se\/hovagullspang\/files\/2026\/04\/Varg-1-768x432.jpg 768w, https:\/\/krets.jagareforbundet.se\/hovagullspang\/files\/2026\/04\/Varg-1-1536x864.jpg 1536w, https:\/\/krets.jagareforbundet.se\/hovagullspang\/files\/2026\/04\/Varg-1.jpg 1920w\" sizes=\"auto, (max-width: 511px) 100vw, 511px\" \/><\/a><\/p>\n<h2>Vargobservationer 2025<\/h2>\n<p><a href=\"https:\/\/krets.jagareforbundet.se\/hovagullspang\/files\/2025\/05\/Hult.jpg\"><img loading=\"lazy\" decoding=\"async\" class=\"alignnone wp-image-520\" src=\"https:\/\/krets.jagareforbundet.se\/hovagullspang\/files\/2025\/05\/Hult.jpg\" alt=\"\" width=\"515\" height=\"289\" srcset=\"https:\/\/krets.jagareforbundet.se\/hovagullspang\/files\/2025\/05\/Hult.jpg 1920w, https:\/\/krets.jagareforbundet.se\/hovagullspang\/files\/2025\/05\/Hult-300x169.jpg 300w, https:\/\/krets.jagareforbundet.se\/hovagullspang\/files\/2025\/05\/Hult-1024x576.jpg 1024w, https:\/\/krets.jagareforbundet.se\/hovagullspang\/files\/2025\/05\/Hult-768x432.jpg 768w, https:\/\/krets.jagareforbundet.se\/hovagullspang\/files\/2025\/05\/Hult-1536x864.jpg 1536w\" sizes=\"auto, (max-width: 515px) 100vw, 515px\" \/><\/a><\/p>\n<p>2 vargar, Hult skogsbilv\u00e4g<\/p>\n<div id=\"attachment_511\" style=\"width: 310px\" class=\"wp-caption alignnone\"><a href=\"https:\/\/krets.jagareforbundet.se\/hovagullspang\/files\/2025\/02\/2025-02-25T04_34_6b14eaa7-ebfd-43db-a1cb-aecb900168fe_832x624.jpeg\"><img loading=\"lazy\" decoding=\"async\" aria-describedby=\"caption-attachment-511\" class=\"wp-image-511 size-medium\" src=\"https:\/\/krets.jagareforbundet.se\/hovagullspang\/files\/2025\/02\/2025-02-25T04_34_6b14eaa7-ebfd-43db-a1cb-aecb900168fe_832x624-300x225.jpeg\" alt=\"\" width=\"300\" height=\"225\" srcset=\"https:\/\/krets.jagareforbundet.se\/hovagullspang\/files\/2025\/02\/2025-02-25T04_34_6b14eaa7-ebfd-43db-a1cb-aecb900168fe_832x624-300x225.jpeg 300w, https:\/\/krets.jagareforbundet.se\/hovagullspang\/files\/2025\/02\/2025-02-25T04_34_6b14eaa7-ebfd-43db-a1cb-aecb900168fe_832x624-768x576.jpeg 768w, https:\/\/krets.jagareforbundet.se\/hovagullspang\/files\/2025\/02\/2025-02-25T04_34_6b14eaa7-ebfd-43db-a1cb-aecb900168fe_832x624.jpeg 832w\" sizes=\"auto, (max-width: 300px) 100vw, 300px\" \/><\/a><p id=\"caption-attachment-511\" class=\"wp-caption-text\">B-v\u00e4gen 250225 kl 5.33<\/p><\/div>\n<div id=\"attachment_509\" style=\"width: 305px\" class=\"wp-caption alignnone\"><a href=\"https:\/\/krets.jagareforbundet.se\/hovagullspang\/files\/2025\/02\/Screenshot_20250225_175550_PicCollage.jpg\"><img loading=\"lazy\" decoding=\"async\" aria-describedby=\"caption-attachment-509\" class=\"wp-image-509 size-medium\" src=\"https:\/\/krets.jagareforbundet.se\/hovagullspang\/files\/2025\/02\/Screenshot_20250225_175550_PicCollage-295x300.jpg\" alt=\"\" width=\"295\" height=\"300\" srcset=\"https:\/\/krets.jagareforbundet.se\/hovagullspang\/files\/2025\/02\/Screenshot_20250225_175550_PicCollage-295x300.jpg 295w, https:\/\/krets.jagareforbundet.se\/hovagullspang\/files\/2025\/02\/Screenshot_20250225_175550_PicCollage-768x782.jpg 768w, https:\/\/krets.jagareforbundet.se\/hovagullspang\/files\/2025\/02\/Screenshot_20250225_175550_PicCollage.jpg 942w\" sizes=\"auto, (max-width: 295px) 100vw, 295px\" \/><\/a><p id=\"caption-attachment-509\" class=\"wp-caption-text\">Spillning tagen vid Dalbo\u00e5sen<\/p><\/div>\n<div id=\"attachment_510\" style=\"width: 310px\" class=\"wp-caption alignnone\"><a href=\"https:\/\/krets.jagareforbundet.se\/hovagullspang\/files\/2025\/02\/2025-02-05T08_54_bb5999b5-382f-4c3e-a9ca-eea43d7ed33d_832x624.jpeg\"><img loading=\"lazy\" decoding=\"async\" aria-describedby=\"caption-attachment-510\" class=\"wp-image-510 size-medium\" src=\"https:\/\/krets.jagareforbundet.se\/hovagullspang\/files\/2025\/02\/2025-02-05T08_54_bb5999b5-382f-4c3e-a9ca-eea43d7ed33d_832x624-300x225.jpeg\" alt=\"\" width=\"300\" height=\"225\" srcset=\"https:\/\/krets.jagareforbundet.se\/hovagullspang\/files\/2025\/02\/2025-02-05T08_54_bb5999b5-382f-4c3e-a9ca-eea43d7ed33d_832x624-300x225.jpeg 300w, https:\/\/krets.jagareforbundet.se\/hovagullspang\/files\/2025\/02\/2025-02-05T08_54_bb5999b5-382f-4c3e-a9ca-eea43d7ed33d_832x624-768x576.jpeg 768w, https:\/\/krets.jagareforbundet.se\/hovagullspang\/files\/2025\/02\/2025-02-05T08_54_bb5999b5-382f-4c3e-a9ca-eea43d7ed33d_832x624.jpeg 832w\" sizes=\"auto, (max-width: 300px) 100vw, 300px\" \/><\/a><p id=\"caption-attachment-510\" class=\"wp-caption-text\">B-v\u00e4gen 250205 kl 9.53<\/p><\/div>\n<p>&nbsp;<\/p>\n<hr \/>\n<h2>Varg varit synlig p\u00e5 \u00e5telkamera och DNA \u00e4r taget Sj\u00f6torp oktober 2023<\/h2>\n<p>Svar p\u00e5 DNA-prover visar att det \u00e4r en hane och en hona som \u00e4r f\u00f6dda i reviret Vargavidderna-1 och att de har samma f\u00f6r\u00e4ldrar.<br \/>\nHanen \u00e4r individ <a href=\"https:\/\/rovbase.se\/individ?IndividualNameOrID=UI415317\">UI415317 G55-21 <\/a>och tiken som det inte finns tidigare DNA fr\u00e5n \u00e4r individ <a href=\"https:\/\/rovbase.se\/individ?IndividualNameOrID=UI420450\">UI420450 G135-23<\/a><\/p>\n<p>&nbsp;<\/p>\n<h2>Vargen som h\u00e5llit till i v\u00e5ra trakter (2018)<\/h2>\n<p>En varghane\u00a0 (<em>Individ UI406187 G17-17 \u00e4r en varg f\u00f6dd i Pr\u00e4stskogen 3-reviret. Djuret \u00e4r en f\u00f6rsta generationens avkomma (F1:a) till en invandrad finsk-rysk varg<\/em>.) har uppeh\u00e5llit sig i v\u00e5rt omr\u00e5de under en l\u00e4ngre tid och det har tagits ett antal DNA prover som visar att det \u00e4r en och samma varg p\u00e5 alla prover.<\/p>\n<p>Nu har det kommit resultat p\u00e5 DNA prover tagna s\u00f6der om Degerfors, \u00f6ster om Let\u00e4lven som visar att hanen befann sig d\u00e4r 180308, p\u00e5 samma plats har DNA hittats fr\u00e5n en tik ocks\u00e5 (<em>Individ UI408576 G260-17 \u00e4r en varghona f\u00f6dd i Aspafallet 2-reviret<\/em>.)<\/p>\n<p>K\u00e4lla: <a href=\"http:\/\/www.rovbase.se\/?type=1&amp;rovdyr=2&amp;fylker=2-14&amp;fylker=2-18&amp;tidsperiode=\u00e5r\">Rovbase<\/a><\/p>\n<p><a href=\"https:\/\/krets.jagareforbundet.se\/hovagullspang\/files\/2018\/03\/varg-lyrestad.jpg\"><img loading=\"lazy\" decoding=\"async\" class=\"alignnone wp-image-424\" src=\"https:\/\/krets.jagareforbundet.se\/hovagullspang\/files\/2018\/03\/varg-lyrestad.jpg\" alt=\"\" width=\"720\" height=\"542\" srcset=\"https:\/\/krets.jagareforbundet.se\/hovagullspang\/files\/2018\/03\/varg-lyrestad.jpg 987w, https:\/\/krets.jagareforbundet.se\/hovagullspang\/files\/2018\/03\/varg-lyrestad-300x226.jpg 300w, https:\/\/krets.jagareforbundet.se\/hovagullspang\/files\/2018\/03\/varg-lyrestad-768x579.jpg 768w\" sizes=\"auto, (max-width: 720px) 100vw, 720px\" \/><\/a><a href=\"https:\/\/krets.jagareforbundet.se\/hovagullspang\/files\/2018\/03\/vargar-degerfors.jpg\"><img loading=\"lazy\" decoding=\"async\" class=\"alignnone wp-image-425\" src=\"https:\/\/krets.jagareforbundet.se\/hovagullspang\/files\/2018\/03\/vargar-degerfors.jpg\" alt=\"\" width=\"717\" height=\"471\" srcset=\"https:\/\/krets.jagareforbundet.se\/hovagullspang\/files\/2018\/03\/vargar-degerfors.jpg 1130w, https:\/\/krets.jagareforbundet.se\/hovagullspang\/files\/2018\/03\/vargar-degerfors-300x197.jpg 300w, https:\/\/krets.jagareforbundet.se\/hovagullspang\/files\/2018\/03\/vargar-degerfors-768x505.jpg 768w, https:\/\/krets.jagareforbundet.se\/hovagullspang\/files\/2018\/03\/vargar-degerfors-1024x673.jpg 1024w\" sizes=\"auto, (max-width: 717px) 100vw, 717px\" \/><\/a><\/p>\n<p>&nbsp;<\/p>\n<p><a href=\"https:\/\/krets.jagareforbundet.se\/hovagullspang\/files\/2014\/02\/Varg1-06.jpg\"><img loading=\"lazy\" decoding=\"async\" class=\"alignnone size-medium wp-image-159\" src=\"https:\/\/krets.jagareforbundet.se\/hovagullspang\/files\/2014\/02\/Varg1-06-300x225.jpg\" alt=\"Varg1 -06\" width=\"300\" height=\"225\" srcset=\"https:\/\/krets.jagareforbundet.se\/hovagullspang\/files\/2014\/02\/Varg1-06-300x225.jpg 300w, https:\/\/krets.jagareforbundet.se\/hovagullspang\/files\/2014\/02\/Varg1-06.jpg 640w\" sizes=\"auto, (max-width: 300px) 100vw, 300px\" \/><\/a><\/p>\n<p>Varg Gullsp\u00e5ng 2006<\/p>\n<p>fotograf\u00a0 Peter Hj\u00e4lm<\/p>\n","protected":false},"excerpt":{"rendered":"<p>Sidor d\u00e4r man ser observationer och tagna prover p\u00e5 varg i V\u00e4stra g\u00f6taland Rovbase Skandobs Vargobservationer 2026 Dalbo\u00e5sen 260415 260407 Varg p\u00e5 Hults skogsbilsv\u00e4g f\u00e5ngades p\u00e5 film men den g\u00e5r inte ladda upp h\u00e4r Dalbo\u00e5sen 260406 Dalbo\u00e5sen 260219 Vargobservationer 2025 2 vargar, Hult skogsbilv\u00e4g &nbsp; Varg varit synlig p\u00e5 \u00e5telkamera och DNA \u00e4r taget Sj\u00f6torp [&hellip;]<\/p>\n","protected":false},"author":165,"featured_media":0,"parent":0,"menu_order":0,"comment_status":"open","ping_status":"open","template":"","meta":{"footnotes":""},"class_list":["post-160","page","type-page","status-publish","hentry"],"_links":{"self":[{"href":"https:\/\/krets.jagareforbundet.se\/hovagullspang\/wp-json\/wp\/v2\/pages\/160","targetHints":{"allow":["GET"]}}],"collection":[{"href":"https:\/\/krets.jagareforbundet.se\/hovagullspang\/wp-json\/wp\/v2\/pages"}],"about":[{"href":"https:\/\/krets.jagareforbundet.se\/hovagullspang\/wp-json\/wp\/v2\/types\/page"}],"author":[{"embeddable":true,"href":"https:\/\/krets.jagareforbundet.se\/hovagullspang\/wp-json\/wp\/v2\/users\/165"}],"replies":[{"embeddable":true,"href":"https:\/\/krets.jagareforbundet.se\/hovagullspang\/wp-json\/wp\/v2\/comments?post=160"}],"version-history":[{"count":3,"href":"https:\/\/krets.jagareforbundet.se\/hovagullspang\/wp-json\/wp\/v2\/pages\/160\/revisions"}],"predecessor-version":[{"id":540,"href":"https:\/\/krets.jagareforbundet.se\/hovagullspang\/wp-json\/wp\/v2\/pages\/160\/revisions\/540"}],"wp:attachment":[{"href":"https:\/\/krets.jagareforbundet.se\/hovagullspang\/wp-json\/wp\/v2\/media?parent=160"}],"curies":[{"name":"wp","href":"https:\/\/api.w.org\/{rel}","templated":true}]}}