{"id":199,"date":"2018-09-19T14:49:49","date_gmt":"2018-09-19T12:49:49","guid":{"rendered":"https:\/\/krets.jagareforbundet.se\/hovagullspang\/?page_id=199"},"modified":"2018-09-19T14:49:21","modified_gmt":"2018-09-19T12:49:21","slug":"rovdjursobsen","status":"publish","type":"page","link":"https:\/\/krets.jagareforbundet.se\/hovagullspang\/rovdjursobsen\/","title":{"rendered":"Rovdjursobsen"},"content":{"rendered":"<h4 style=\"text-align: justify\">Rovdjursobservationer fr\u00e5n allm\u00e4nheten och j\u00e4gare (kv= kvalitetss\u00e4krad rapport)<\/h4>\n<p><a href=\"https:\/\/krets.jagareforbundet.se\/hovagullspang\/files\/2018\/09\/rovdjursobs-inlagd-180919.jpg\"><img loading=\"lazy\" decoding=\"async\" class=\"alignnone  wp-image-451\" src=\"https:\/\/krets.jagareforbundet.se\/hovagullspang\/files\/2018\/09\/rovdjursobs-inlagd-180919.jpg\" alt=\"\" width=\"711\" height=\"267\" srcset=\"https:\/\/krets.jagareforbundet.se\/hovagullspang\/files\/2018\/09\/rovdjursobs-inlagd-180919.jpg 666w, https:\/\/krets.jagareforbundet.se\/hovagullspang\/files\/2018\/09\/rovdjursobs-inlagd-180919-300x113.jpg 300w\" sizes=\"auto, (max-width: 711px) 100vw, 711px\" \/><\/a><\/p>\n<p><a href=\"https:\/\/krets.jagareforbundet.se\/hovagullspang\/files\/2018\/05\/rovdjursobs-inlagd-180501.jpg\"><img loading=\"lazy\" decoding=\"async\" class=\"alignnone  wp-image-431\" src=\"https:\/\/krets.jagareforbundet.se\/hovagullspang\/files\/2018\/05\/rovdjursobs-inlagd-180501.jpg\" alt=\"\" width=\"671\" height=\"743\" srcset=\"https:\/\/krets.jagareforbundet.se\/hovagullspang\/files\/2018\/05\/rovdjursobs-inlagd-180501.jpg 652w, https:\/\/krets.jagareforbundet.se\/hovagullspang\/files\/2018\/05\/rovdjursobs-inlagd-180501-271x300.jpg 271w\" sizes=\"auto, (max-width: 671px) 100vw, 671px\" \/><\/a><\/p>\n<p><a href=\"https:\/\/krets.jagareforbundet.se\/hovagullspang\/files\/2017\/12\/rovdjursobs-inlagd-171225.jpg\"><img loading=\"lazy\" decoding=\"async\" class=\"alignnone size-full wp-image-403\" src=\"https:\/\/krets.jagareforbundet.se\/hovagullspang\/files\/2017\/12\/rovdjursobs-inlagd-171225.jpg\" alt=\"\" width=\"675\" height=\"268\" srcset=\"https:\/\/krets.jagareforbundet.se\/hovagullspang\/files\/2017\/12\/rovdjursobs-inlagd-171225.jpg 675w, https:\/\/krets.jagareforbundet.se\/hovagullspang\/files\/2017\/12\/rovdjursobs-inlagd-171225-300x119.jpg 300w\" sizes=\"auto, (max-width: 675px) 100vw, 675px\" \/><\/a><br \/>\n<a href=\"https:\/\/krets.jagareforbundet.se\/hovagullspang\/files\/2017\/11\/rovdjursobs-inlagd-171120-1.jpg\"><img loading=\"lazy\" decoding=\"async\" class=\"alignnone size-full wp-image-401\" src=\"https:\/\/krets.jagareforbundet.se\/hovagullspang\/files\/2017\/11\/rovdjursobs-inlagd-171120-1.jpg\" alt=\"\" width=\"664\" height=\"410\" srcset=\"https:\/\/krets.jagareforbundet.se\/hovagullspang\/files\/2017\/11\/rovdjursobs-inlagd-171120-1.jpg 664w, https:\/\/krets.jagareforbundet.se\/hovagullspang\/files\/2017\/11\/rovdjursobs-inlagd-171120-1-300x185.jpg 300w\" sizes=\"auto, (max-width: 664px) 100vw, 664px\" \/><\/a> <a href=\"https:\/\/krets.jagareforbundet.se\/hovagullspang\/files\/2017\/10\/rovdjursobs-jan_juni.jpg\"><img loading=\"lazy\" decoding=\"async\" class=\"alignnone size-full wp-image-396\" src=\"https:\/\/krets.jagareforbundet.se\/hovagullspang\/files\/2017\/10\/rovdjursobs-jan_juni.jpg\" alt=\"\" width=\"646\" height=\"892\" srcset=\"https:\/\/krets.jagareforbundet.se\/hovagullspang\/files\/2017\/10\/rovdjursobs-jan_juni.jpg 646w, https:\/\/krets.jagareforbundet.se\/hovagullspang\/files\/2017\/10\/rovdjursobs-jan_juni-217x300.jpg 217w\" sizes=\"auto, (max-width: 646px) 100vw, 646px\" \/><\/a><\/p>\n<p>&nbsp;<\/p>\n<p>&nbsp;<\/p>\n<p>2016-12-01\u00a0\u00a0\u00a0\u00a0\u00a0\u00a0\u00a0 17.51\u00a0\u00a0\u00a0\u00a0\u00a0\u00a0\u00a0\u00a0\u00a0\u00a0\u00a0\u00a0\u00a0\u00a0 1 lo syn obs Molaggen M\u00f6lltorp Karlsborg<\/p>\n<p>2016-11-11\u00a0\u00a0\u00a0\u00a0\u00a0\u00a0\u00a0\u00a0\u00a0\u00a0\u00a0\u00a0\u00a0\u00a0\u00a0\u00a0\u00a0\u00a0\u00a0\u00a0\u00a0\u00a0\u00a0\u00a0\u00a0\u00a0\u00a0\u00a0\u00a0\u00a0\u00a0\u00a0 1 lo sp\u00e5r sn\u00f6 kv Skagersholm Lax\u00e5<\/p>\n<p>2016-11-07\u00a0\u00a0\u00a0\u00a0\u00a0\u00a0\u00a0\u00a0 09.00\u00a0\u00a0\u00a0\u00a0\u00a0\u00a0\u00a0\u00a0\u00a0\u00a0\u00a0\u00a0 1 lo sp\u00e5r sn\u00f6 foto Solbacken Hova Gullsp\u00e5ng<\/p>\n<p>2016-11-06\u00a0\u00a0\u00a0\u00a0\u00a0\u00a0\u00a0 05.04\u00a0\u00a0\u00a0\u00a0\u00a0\u00a0\u00a0\u00a0\u00a0\u00a0\u00a0\u00a0\u00a0 1 lo syn obs kamera L\u00f6gsten T\u00f6reboda<\/p>\n<p>2016-11-04\u00a0\u00a0\u00a0\u00a0\u00a0\u00a0\u00a0 18.20\u00a0\u00a0\u00a0\u00a0\u00a0\u00a0\u00a0\u00a0\u00a0\u00a0\u00a0\u00a0\u00a0 1 varg syn obs Kronk\u00e4rr, S\u00f6dra R\u00e5da, Gullsp\u00e5ng<\/p>\n<p>2016-10-29\u00a0\u00a0\u00a0\u00a0\u00a0\u00a0\u00a0 19.30\u00a0\u00a0\u00a0\u00a0\u00a0\u00a0\u00a0\u00a0\u00a0\u00a0\u00a0\u00a0\u00a0 1 lo syn obs M\u00f6lltorp Karlsborg<\/p>\n<p>2016-09-08\u00a0\u00a0\u00a0\u00a0\u00a0\u00a0 21.23\u00a0\u00a0\u00a0\u00a0\u00a0\u00a0\u00a0\u00a0\u00a0\u00a0\u00a0\u00a0\u00a0 1 varg syn obs Bronserud \u00c4lvstorp Gullsp\u00e5ng<\/p>\n<p>2016-09-06\u00a0\u00a0\u00a0\u00a0\u00a0\u00a0\u00a0\u00a0\u00a0\u00a0\u00a0\u00a0\u00a0\u00a0\u00a0\u00a0\u00a0\u00a0\u00a0\u00a0\u00a0\u00a0\u00a0\u00a0\u00a0\u00a0\u00a0\u00a0\u00a0\u00a0 1 r\u00e5djur taget av lo Storhult Hova<\/p>\n<p>2016-08-18\u00a0\u00a0\u00a0\u00a0\u00a0\u00a0\u00a0\u00a0\u00a0\u00a0\u00a0\u00a0\u00a0\u00a0\u00a0\u00a0\u00a0\u00a0\u00a0\u00a0\u00a0\u00a0\u00a0\u00a0\u00a0\u00a0\u00a0\u00a0\u00a0\u00a0 1 r\u00e5bock tagen av lo Knekterud Gullsp\u00e5ng<\/p>\n<p>2016-08-18\u00a0\u00a0\u00a0\u00a0\u00a0\u00a0\u00a0\u00a0\u00a0\u00a0\u00a0\u00a0\u00a0\u00a0\u00a0\u00a0\u00a0\u00a0\u00a0\u00a0\u00a0\u00a0\u00a0\u00a0\u00a0\u00a0\u00a0\u00a0\u00a0\u00a0\u00a0 1 lo syn obs Ljungstorp Sk\u00f6vde<\/p>\n<p>2016-08-16\u00a0\u00a0\u00a0\u00a0\u00a0\u00a0\u00a0 20.50\u00a0\u00a0\u00a0\u00a0\u00a0\u00a0\u00a0\u00a0\u00a0\u00a0\u00a0\u00a0\u00a0 1 lo syn obs foto 1,6km s\u00f6der Olshammar<\/p>\n<p>2016-05-22\u00a0\u00a0\u00a0\u00a0\u00a0\u00a0\u00a0 19.05\u00a0\u00a0\u00a0\u00a0\u00a0\u00a0\u00a0\u00a0\u00a0\u00a0\u00a0\u00a0\u00a0 1 varg syn obs Annelund Baskarp Hjo<\/p>\n<p>2016-05-18\u00a0\u00a0\u00a0\u00a0\u00a0\u00a0\u00a0 06.00\u00a0\u00a0\u00a0\u00a0\u00a0\u00a0\u00a0\u00a0\u00a0\u00a0\u00a0\u00a0 1 varg syn obs M\u00f6lltorp Karlsborg<\/p>\n<p>2016-05-16\u00a0\u00a0\u00a0\u00a0\u00a0\u00a0\u00a0 05.10\u00a0\u00a0\u00a0\u00a0\u00a0\u00a0\u00a0\u00a0\u00a0\u00a0\u00a0\u00a0\u00a0 1 bj\u00f6rn 3 ungar syn obs v\u00e4g 49 Boksj\u00f6 Karlsborg<\/p>\n<p>2016-05-12\u00a0\u00a0\u00a0\u00a0\u00a0\u00a0\u00a0 02.00\u00a0\u00a0\u00a0\u00a0\u00a0\u00a0\u00a0\u00a0\u00a0\u00a0\u00a0\u00a0 1 varg syn obs H\u00e5kantorp Vara<\/p>\n<p>2016-05-06\u00a0\u00a0\u00a0\u00a0\u00a0\u00a0 23.13\u00a0\u00a0\u00a0\u00a0\u00a0\u00a0\u00a0\u00a0\u00a0\u00a0\u00a0\u00a0\u00a0 1 varg syn obs v\u00e4g 49 Mickelstorp Sk\u00f6vde mot Tibro<\/p>\n<p>2016-05-05\u00a0\u00a0\u00a0\u00a0\u00a0\u00a0\u00a0 03.50\u00a0\u00a0\u00a0\u00a0\u00a0\u00a0\u00a0\u00a0\u00a0\u00a0\u00a0\u00a0\u00a0 1 varg syn obs Tumleberg, Vara<\/p>\n<p>2016-05-04\u00a0\u00a0\u00a0\u00a0\u00a0\u00a0\u00a0 23.00\u00a0\u00a0\u00a0\u00a0\u00a0\u00a0\u00a0\u00a0\u00a0\u00a0\u00a0\u00a0 1 varg syn obs Tranum, Lidk\u00f6ping<\/p>\n<p>2016-05-04\u00a0\u00a0\u00a0\u00a0\u00a0\u00a0\u00a0 01.00\u00a0\u00a0\u00a0\u00a0\u00a0\u00a0\u00a0\u00a0\u00a0\u00a0\u00a0\u00a0\u00a0 1 varg syn obs Lidk\u00f6ping<\/p>\n<p>2016-05-03\u00a0\u00a0\u00a0\u00a0\u00a0\u00a0\u00a0 08.00\u00a0\u00a0\u00a0\u00a0\u00a0\u00a0\u00a0\u00a0\u00a0\u00a0\u00a0\u00a0 1 varg syn obs, foto Ledsj\u00f6 st\u00e4ngsel E20, G\u00f6tene<\/p>\n<p>2016-05-03\u00a0\u00a0\u00a0\u00a0\u00a0\u00a0\u00a0 07.09\u00a0\u00a0\u00a0\u00a0\u00a0\u00a0\u00a0\u00a0\u00a0\u00a0\u00a0\u00a0\u00a0 1 varg syn obs Sk\u00e5nings \u00c5saka Karlsl\u00e4tt, Skara<\/p>\n<p>2016-05-03\u00a0\u00a0\u00a0\u00a0\u00a0\u00a0\u00a0 06.00\u00a0\u00a0\u00a0\u00a0\u00a0\u00a0\u00a0\u00a0\u00a0\u00a0\u00a0\u00a0 1 varg syn obs Eggby H\u00f6jestorp, Skara<\/p>\n<p>2016-05-03\u00a0\u00a0\u00a0\u00a0\u00a0\u00a0\u00a0 04.30\u00a0\u00a0\u00a0\u00a0\u00a0\u00a0\u00a0\u00a0\u00a0\u00a0\u00a0\u00a0 1 varg syn obs mellan Varnhem och \u00d6glunda, Skara<\/p>\n<p>2016-05-02\u00a0\u00a0\u00a0\u00a0\u00a0\u00a0\u00a0 10.30\u00a0\u00a0\u00a0\u00a0\u00a0\u00a0\u00a0\u00a0\u00a0\u00a0\u00a0\u00a0 1 varg syn obs mellan Tidan och V\u00e4ring<\/p>\n<p>2016-03-02\u00a0\u00a0\u00a0\u00a0\u00a0\u00a0\u00a0\u00a0\u00a0\u00a0\u00a0\u00a0\u00a0\u00a0\u00a0\u00a0\u00a0\u00a0\u00a0\u00a0\u00a0\u00a0\u00a0\u00a0\u00a0\u00a0\u00a0\u00a0\u00a0\u00a0 1 lo sp\u00e5r sn\u00f6 kv Ingelstad Karlsborg<\/p>\n<p>2016-03-02\u00a0\u00a0\u00a0\u00a0\u00a0\u00a0\u00a0\u00a0\u00a0\u00a0\u00a0\u00a0\u00a0\u00a0\u00a0\u00a0\u00a0\u00a0\u00a0\u00a0\u00a0\u00a0\u00a0\u00a0\u00a0\u00a0\u00a0\u00a0\u00a0\u00a0 1 lo sp\u00e5r sn\u00f6 kv Saxhult Gullsp\u00e5ng<\/p>\n<p>2016-02-27\u00a0\u00a0\u00a0\u00a0\u00a0\u00a0\u00a0\u00a0\u00a0\u00a0\u00a0\u00a0\u00a0\u00a0\u00a0\u00a0\u00a0\u00a0\u00a0\u00a0\u00a0\u00a0\u00a0\u00a0\u00a0\u00a0\u00a0\u00a0\u00a0\u00a0 1 varg syn obs kv \u00d6rkaggen Askersund<\/p>\n<p>2016-02-26\u00a0\u00a0\u00a0\u00a0\u00a0\u00a0\u00a0\u00a0\u00a0\u00a0\u00a0\u00a0\u00a0\u00a0\u00a0\u00a0\u00a0\u00a0\u00a0\u00a0\u00a0\u00a0\u00a0\u00a0\u00a0\u00a0\u00a0\u00a0\u00a0\u00a0 1 varg sp\u00e5r kv \u00d6stra Laxsj\u00f6n Askersund<\/p>\n<p>2016-02-22\u00a0\u00a0\u00a0\u00a0\u00a0\u00a0\u00a0\u00a0\u00a0\u00a0\u00a0\u00a0\u00a0\u00a0\u00a0\u00a0\u00a0\u00a0\u00a0\u00a0\u00a0\u00a0\u00a0\u00a0\u00a0\u00a0\u00a0\u00a0\u00a0\u00a0 1 lo sp\u00e5r sn\u00f6 kv \u00d6stra Laxsj\u00f6n Askersund<\/p>\n<p>2016-02-16\u00a0\u00a0\u00a0\u00a0\u00a0\u00a0\u00a0\u00a0\u00a0\u00a0\u00a0\u00a0\u00a0\u00a0\u00a0\u00a0\u00a0\u00a0\u00a0\u00a0\u00a0\u00a0\u00a0\u00a0\u00a0\u00a0\u00a0\u00a0\u00a0\u00a0\u00a0 1 lo syn obs Ekabolet Karlsborg<\/p>\n<p>2016-02-15\u00a0\u00a0\u00a0\u00a0\u00a0\u00a0\u00a0\u00a0\u00a0\u00a0\u00a0\u00a0\u00a0\u00a0\u00a0\u00a0\u00a0\u00a0\u00a0\u00a0\u00a0\u00a0\u00a0\u00a0\u00a0\u00a0\u00a0\u00a0\u00a0\u00a0\u00a0 1 lo sp\u00e5r sn\u00f6 kv Hanhult Karlsborg<\/p>\n<p>2016-02-14\u00a0\u00a0\u00a0\u00a0\u00a0\u00a0\u00a0\u00a0\u00a0\u00a0\u00a0\u00a0\u00a0\u00a0\u00a0\u00a0\u00a0\u00a0\u00a0\u00a0\u00a0\u00a0\u00a0\u00a0\u00a0\u00a0\u00a0\u00a0\u00a0\u00a0\u00a0 1 lo sp\u00e5r sn\u00f6 Vikaskogen Karlsborg<\/p>\n<p>2016-02-13\u00a0\u00a0\u00a0\u00a0\u00a0\u00a0\u00a0\u00a0\u00a0\u00a0\u00a0\u00a0\u00a0\u00a0\u00a0\u00a0\u00a0\u00a0\u00a0\u00a0\u00a0\u00a0\u00a0\u00a0\u00a0\u00a0\u00a0\u00a0\u00a0\u00a0\u00a0 1 lo sp\u00e5r sn\u00f6 Rosendala Karlsborg<\/p>\n<p>2016-02-12\u00a0\u00a0\u00a0\u00a0\u00a0\u00a0\u00a0 20.50\u00a0\u00a0\u00a0\u00a0\u00a0\u00a0\u00a0\u00a0\u00a0\u00a0\u00a0\u00a0\u00a0 1 lo unge E20 Lundsbrunn G\u00f6tene<\/p>\n<p>2016-02-07\u00a0\u00a0\u00a0\u00a0\u00a0\u00a0 21.00\u00a0\u00a0\u00a0\u00a0\u00a0\u00a0\u00a0\u00a0\u00a0\u00a0\u00a0\u00a0\u00a0 1 lo syn obs Forsviks herrg\u00e5rd Karlsborg<\/p>\n<p>2016-01-31\u00a0\u00a0\u00a0\u00a0\u00a0\u00a0\u00a0 11.15\u00a0\u00a0\u00a0\u00a0\u00a0\u00a0\u00a0\u00a0\u00a0\u00a0\u00a0\u00a0\u00a0\u00a0\u00a0 1 varg syn obs Stomk\u00e4rr Tidan ?<\/p>\n<p>2016-01-26\u00a0\u00a0\u00a0\u00a0\u00a0\u00a0 18.40\u00a0\u00a0\u00a0\u00a0\u00a0\u00a0\u00a0\u00a0\u00a0\u00a0\u00a0\u00a0\u00a0 1 lounge syn obs G\u00e4llsebo Karlsborg<\/p>\n<p>2016-01-25\u00a0\u00a0\u00a0\u00a0\u00a0\u00a0 \u00a0\u00a0\u00a0\u00a0\u00a0\u00a0\u00a0\u00a0\u00a0\u00a0\u00a0\u00a0\u00a0\u00a0\u00a0\u00a0\u00a0\u00a0\u00a0\u00a0\u00a0\u00a0\u00a0\u00a0 1 lo sp\u00e5r sn\u00f6 Abberud T\u00f6reboda<\/p>\n<p>2016-01-25\u00a0\u00a0\u00a0\u00a0\u00a0\u00a0\u00a0\u00a0\u00a0\u00a0\u00a0\u00a0\u00a0\u00a0\u00a0\u00a0\u00a0\u00a0\u00a0\u00a0\u00a0\u00a0\u00a0\u00a0\u00a0\u00a0\u00a0\u00a0\u00a0\u00a0\u00a0 1 lo sp\u00e5r sn\u00f6 kv Solbacken Saxhult Gullsp\u00e5ng<\/p>\n<p>2016-01-23\u00a0\u00a0\u00a0\u00a0\u00a0\u00a0 24.00\u00a0\u00a0\u00a0\u00a0\u00a0\u00a0\u00a0\u00a0\u00a0\u00a0\u00a0\u00a0 1 lo syn obs v\u00e4g 201 S\u00f6der om infart Lagerfors T\u00f6reboda<\/p>\n<p>2016-01-22\u00a0\u00a0\u00a0\u00a0\u00a0\u00a0 10.17\u00a0\u00a0\u00a0\u00a0\u00a0\u00a0\u00a0\u00a0\u00a0\u00a0\u00a0\u00a0\u00a0\u00a0 1 lo syn obs Stenstorp Falk\u00f6ping<\/p>\n<p>2016-01-15\u00a0\u00a0\u00a0\u00a0\u00a0\u00a0\u00a0\u00a0\u00a0\u00a0\u00a0\u00a0\u00a0\u00a0\u00a0\u00a0\u00a0\u00a0\u00a0\u00a0\u00a0\u00a0\u00a0\u00a0\u00a0\u00a0\u00a0\u00a0\u00a0\u00a0\u00a0 1 lo sp\u00e5r sn\u00f6 kv Skinnf\u00e4llen Tibro<\/p>\n<p>2016-01-15\u00a0\u00a0\u00a0\u00a0\u00a0\u00a0\u00a0\u00a0\u00a0\u00a0\u00a0\u00a0\u00a0\u00a0\u00a0\u00a0\u00a0\u00a0\u00a0\u00a0\u00a0\u00a0\u00a0\u00a0\u00a0\u00a0\u00a0\u00a0\u00a0\u00a0\u00a0 1 lo sp\u00e5r sn\u00f6 kv N Svinnerstad Askersund<\/p>\n<p>2016-01-15\u00a0\u00a0\u00a0\u00a0\u00a0\u00a0\u00a0\u00a0\u00a0\u00a0\u00a0\u00a0\u00a0\u00a0\u00a0\u00a0\u00a0\u00a0\u00a0\u00a0\u00a0\u00a0\u00a0\u00a0\u00a0\u00a0\u00a0\u00a0\u00a0\u00a0\u00a0 1 lo sp\u00e5r sn\u00f6 N Torp Askersund<\/p>\n<p>2016-01-15\u00a0\u00a0\u00a0\u00a0\u00a0\u00a0\u00a0\u00a0\u00a0\u00a0\u00a0\u00a0\u00a0\u00a0\u00a0\u00a0\u00a0\u00a0\u00a0\u00a0\u00a0\u00a0\u00a0\u00a0\u00a0\u00a0\u00a0\u00a0\u00a0\u00a0\u00a0 1 varg sp\u00e5r sn\u00f6 v\u00e4ster om Lax\u00e5<\/p>\n<p>2016-01-15\u00a0\u00a0\u00a0\u00a0\u00a0\u00a0 \u00a0 20.00\u00a0\u00a0\u00a0\u00a0\u00a0\u00a0\u00a0\u00a0\u00a0\u00a0\u00a0\u00a0 1 lo syn obs Ekabolet Karlsborg<\/p>\n<p>2016-01-14\u00a0\u00a0\u00a0\u00a0\u00a0\u00a0\u00a0\u00a0\u00a0\u00a0\u00a0\u00a0\u00a0\u00a0\u00a0\u00a0\u00a0\u00a0\u00a0\u00a0\u00a0\u00a0\u00a0\u00a0\u00a0\u00a0\u00a0\u00a0\u00a0\u00a0\u00a0 1 lo sp\u00e5r sn\u00f6 Norra Billingen kv Sk\u00f6vde<\/p>\n<p>2016-01-13\u00a0\u00a0\u00a0\u00a0\u00a0\u00a0\u00a0\u00a0\u00a0\u00a0\u00a0\u00a0\u00a0\u00a0\u00a0\u00a0\u00a0\u00a0\u00a0\u00a0\u00a0\u00a0\u00a0\u00a0\u00a0\u00a0\u00a0\u00a0\u00a0\u00a0\u00a0 1 lo sp\u00e5r sn\u00f6 Solbacken kv Gullsp\u00e5ng<\/p>\n<p>2016-01-09\u00a0\u00a0\u00a0\u00a0\u00a0\u00a0\u00a0\u00a0\u00a0\u00a0\u00a0\u00a0\u00a0\u00a0\u00a0\u00a0\u00a0\u00a0\u00a0\u00a0\u00a0\u00a0\u00a0\u00a0\u00a0\u00a0\u00a0\u00a0\u00a0\u00a0 1 lo sp\u00e5r sn\u00f6 Munkab\u00e4cken Lax\u00e5<\/p>\n<p>2016-01-06\u00a0\u00a0\u00a0\u00a0\u00a0\u00a0\u00a0\u00a0\u00a0\u00a0\u00a0\u00a0\u00a0\u00a0\u00a0\u00a0\u00a0\u00a0\u00a0\u00a0\u00a0\u00a0\u00a0\u00a0\u00a0\u00a0\u00a0\u00a0\u00a0\u00a0 1 lo sp\u00e5r sn\u00f6 Solbacken Gullsp\u00e5ng<\/p>\n<p>2015-12-30\u00a0\u00a0\u00a0\u00a0\u00a0\u00a0\u00a0\u00a0\u00a0\u00a0\u00a0\u00a0\u00a0\u00a0\u00a0\u00a0\u00a0\u00a0\u00a0\u00a0\u00a0\u00a0\u00a0\u00a0\u00a0\u00a0\u00a0\u00a0\u00a0\u00a0\u00a0 1 lo sp\u00e5r sn\u00f6 s\u00f6der klippan Degerfors<\/p>\n<p>2015-12-30\u00a0\u00a0\u00a0\u00a0\u00a0\u00a0\u00a0\u00a0\u00a0\u00a0\u00a0\u00a0\u00a0\u00a0\u00a0\u00a0\u00a0\u00a0\u00a0\u00a0\u00a0\u00a0\u00a0\u00a0\u00a0\u00a0\u00a0\u00a0\u00a0\u00a0\u00a0 1 lo + 1 unge sp\u00e5r sn\u00f6 s\u00f6der klippan Degerfors<\/p>\n<p>2015-12-30\u00a0\u00a0\u00a0\u00a0\u00a0\u00a0\u00a0\u00a0\u00a0\u00a0\u00a0\u00a0\u00a0\u00a0\u00a0\u00a0\u00a0\u00a0\u00a0\u00a0\u00a0\u00a0\u00a0\u00a0\u00a0\u00a0\u00a0\u00a0\u00a0\u00a0\u00a0 1 lo sp\u00e5r sn\u00f6 Solbacken Saxhult Gullsp\u00e5ng<\/p>\n<p>2015-12-29\u00a0\u00a0\u00a0\u00a0\u00a0\u00a0\u00a0\u00a0\u00a0\u00a0\u00a0\u00a0\u00a0\u00a0\u00a0\u00a0\u00a0\u00a0\u00a0\u00a0\u00a0\u00a0\u00a0\u00a0\u00a0\u00a0\u00a0\u00a0\u00a0\u00a0\u00a0 1 lo sp\u00e5r sn\u00f6 Stenberget kvalitet\u00a0 Laxe<\/p>\n<p>2015-12-29\u00a0\u00a0\u00a0\u00a0\u00a0\u00a0\u00a0\u00a0\u00a0\u00a0\u00a0\u00a0\u00a0\u00a0\u00a0\u00a0\u00a0\u00a0\u00a0\u00a0\u00a0\u00a0\u00a0\u00a0\u00a0\u00a0\u00a0\u00a0\u00a0\u00a0\u00a0 1 lo sp\u00e5r sn\u00f6 Smedsbolet kvalitet Gullsp\u00e5ng<\/p>\n<p>2015-12-29\u00a0\u00a0\u00a0\u00a0\u00a0\u00a0\u00a0\u00a0\u00a0\u00a0\u00a0\u00a0\u00a0\u00a0\u00a0\u00a0\u00a0\u00a0\u00a0\u00a0\u00a0\u00a0\u00a0\u00a0\u00a0\u00a0\u00a0\u00a0\u00a0\u00a0\u00a0 1 lo sp\u00e5r sn\u00f6 B\u00f6ksn\u00e4s kvalitet T\u00f6reboda<\/p>\n<p>2015-12-29\u00a0\u00a0\u00a0\u00a0\u00a0\u00a0\u00a0\u00a0\u00a0\u00a0\u00a0\u00a0\u00a0\u00a0\u00a0\u00a0\u00a0\u00a0\u00a0\u00a0\u00a0\u00a0\u00a0\u00a0\u00a0\u00a0\u00a0\u00a0\u00a0\u00a0\u00a0 1 lo +1 unge Beateberg sp\u00e5r sn\u00f6 kvalitet T\u00f6reboda<\/p>\n<p>2015-12-29\u00a0\u00a0\u00a0\u00a0\u00a0\u00a0\u00a0\u00a0\u00a0\u00a0\u00a0\u00a0\u00a0\u00a0\u00a0\u00a0\u00a0\u00a0\u00a0\u00a0\u00a0\u00a0\u00a0\u00a0\u00a0\u00a0\u00a0\u00a0\u00a0\u00a0\u00a0 1 lo sp\u00e5r sn\u00f6 Vikaskogen kvalitetss\u00e4krat T\u00f6reboda<\/p>\n<p>2015-12-28\u00a0\u00a0\u00a0\u00a0\u00a0\u00a0\u00a0\u00a0\u00a0\u00a0\u00a0\u00a0\u00a0\u00a0\u00a0\u00a0\u00a0\u00a0\u00a0\u00a0\u00a0\u00a0\u00a0\u00a0\u00a0\u00a0\u00a0\u00a0\u00a0\u00a0\u00a0 1 lo sp\u00e5r sn\u00f6 Gerums berget\u00a0 kvalitetss\u00e4krat Falk\u00f6ping<\/p>\n<p>2015-12-28\u00a0\u00a0\u00a0\u00a0\u00a0\u00a0\u00a0\u00a0\u00a0\u00a0\u00a0\u00a0\u00a0\u00a0\u00a0\u00a0\u00a0\u00a0\u00a0\u00a0\u00a0\u00a0\u00a0\u00a0\u00a0\u00a0\u00a0\u00a0\u00a0\u00a0\u00a0 1 r\u00e5djur taget av lo kvalitetss\u00e4krat G\u00e5rdsj\u00f6 kvarn Gullsp\u00e5ng<\/p>\n<p>2015-12-11\u00a0\u00a0\u00a0\u00a0\u00a0\u00a0\u00a0\u00a0 17.48\u00a0\u00a0\u00a0\u00a0\u00a0\u00a0\u00a0\u00a0\u00a0\u00a0\u00a0\u00a0\u00a0 1 varg syn obs S\u00f6der om Forsvik Karlsborg<\/p>\n<p>2015-12-06\u00a0\u00a0\u00a0\u00a0 \u00a0\u00a0 18.00\u00a0\u00a0\u00a0\u00a0\u00a0\u00a0\u00a0\u00a0\u00a0\u00a0\u00a0\u00a0\u00a0 2 lo ungar syn obs Spethult Tibro<\/p>\n<p>2015-12-06\u00a0\u00a0\u00a0\u00a0\u00a0\u00a0\u00a0 13.00\u00a0\u00a0\u00a0\u00a0\u00a0\u00a0\u00a0\u00a0\u00a0\u00a0\u00a0\u00a0\u00a0 2 lo ungar syn obs Spethult Tibro<\/p>\n<p>2015-12-02\u00a0\u00a0\u00a0\u00a0 \u00a0\u00a0 20.00\u00a0\u00a0\u00a0\u00a0\u00a0\u00a0\u00a0\u00a0\u00a0\u00a0\u00a0\u00a0 1 varg syn obs s\u00f6der Unden\u00e4s Karlsborg<\/p>\n<p>2015-12-01\u00a0\u00a0\u00a0\u00a0\u00a0\u00a0\u00a0\u00a0\u00a0\u00a0\u00a0\u00a0\u00a0\u00a0\u00a0\u00a0\u00a0\u00a0\u00a0\u00a0\u00a0\u00a0\u00a0\u00a0\u00a0\u00a0\u00a0\u00a0\u00a0\u00a0\u00a0 1 lo sp\u00e5r sn\u00f6 kvalitets\u00e4krad Ramsn\u00e4s Ullsand badet Lax\u00e5<\/p>\n<p>2015-12-01\u00a0\u00a0\u00a0\u00a0\u00a0\u00a0\u00a0\u00a0\u00a0\u00a0\u00a0\u00a0\u00a0\u00a0\u00a0\u00a0\u00a0\u00a0\u00a0\u00a0\u00a0\u00a0\u00a0\u00a0\u00a0\u00a0\u00a0\u00a0\u00a0\u00a0\u00a0 1 lo sp\u00e5r sn\u00f6 kvalitets\u00e4krad Ramsn\u00e4s lax\u00e5<\/p>\n<p>2015-12-01\u00a0\u00a0\u00a0\u00a0\u00a0\u00a0\u00a0\u00a0\u00a0\u00a0\u00a0\u00a0\u00a0\u00a0\u00a0\u00a0\u00a0\u00a0\u00a0\u00a0\u00a0\u00a0\u00a0\u00a0\u00a0\u00a0\u00a0\u00a0\u00a0\u00a0\u00a0 1 varg sp\u00e5r sn\u00f6 kvalitets\u00e4krad Ramsn\u00e4s Lax\u00e5<\/p>\n<p>&nbsp;<\/p>\n<p>&nbsp;<\/p>\n<p>&nbsp;<\/p>\n<p>&nbsp;<\/p>\n<p>&nbsp;<\/p>\n<p>&nbsp;<\/p>\n<p>&nbsp;<\/p>\n<p>&nbsp;<\/p>\n<p>&nbsp;<\/p>\n<p>&nbsp;<\/p>\n<p>&nbsp;<\/p>\n<p>&nbsp;<\/p>\n<p>&nbsp;<\/p>\n<p>&nbsp;<\/p>\n<p>&nbsp;<\/p>\n<p>&nbsp;<\/p>\n<p>&nbsp;<\/p>\n<p>&nbsp;<\/p>\n<p>&nbsp;<\/p>\n<p>&nbsp;<\/p>\n<p>&nbsp;<\/p>\n<p>&nbsp;<\/p>\n<p>&nbsp;<\/p>\n<p>&nbsp;<\/p>\n<p>&nbsp;<\/p>\n<p>&nbsp;<\/p>\n<p>&nbsp;<\/p>\n<p>&nbsp;<\/p>\n<p>&nbsp;<\/p>\n<p>&nbsp;<\/p>\n<p>&nbsp;<\/p>\n<p>&nbsp;<\/p>\n<p>&nbsp;<\/p>\n<p>&nbsp;<\/p>\n<p>&nbsp;<\/p>\n<p>&nbsp;<\/p>\n<p>&nbsp;<\/p>\n<p>&nbsp;<\/p>\n<p>&nbsp;<\/p>\n","protected":false},"excerpt":{"rendered":"<p>Rovdjursobservationer fr\u00e5n allm\u00e4nheten och j\u00e4gare (kv= kvalitetss\u00e4krad rapport) &nbsp; &nbsp; 2016-12-01\u00a0\u00a0\u00a0\u00a0\u00a0\u00a0\u00a0 17.51\u00a0\u00a0\u00a0\u00a0\u00a0\u00a0\u00a0\u00a0\u00a0\u00a0\u00a0\u00a0\u00a0\u00a0 1 lo syn obs Molaggen M\u00f6lltorp Karlsborg 2016-11-11\u00a0\u00a0\u00a0\u00a0\u00a0\u00a0\u00a0\u00a0\u00a0\u00a0\u00a0\u00a0\u00a0\u00a0\u00a0\u00a0\u00a0\u00a0\u00a0\u00a0\u00a0\u00a0\u00a0\u00a0\u00a0\u00a0\u00a0\u00a0\u00a0\u00a0\u00a0\u00a0 1 lo sp\u00e5r sn\u00f6 kv Skagersholm Lax\u00e5 2016-11-07\u00a0\u00a0\u00a0\u00a0\u00a0\u00a0\u00a0\u00a0 09.00\u00a0\u00a0\u00a0\u00a0\u00a0\u00a0\u00a0\u00a0\u00a0\u00a0\u00a0\u00a0 1 lo sp\u00e5r sn\u00f6 foto Solbacken Hova Gullsp\u00e5ng 2016-11-06\u00a0\u00a0\u00a0\u00a0\u00a0\u00a0\u00a0 05.04\u00a0\u00a0\u00a0\u00a0\u00a0\u00a0\u00a0\u00a0\u00a0\u00a0\u00a0\u00a0\u00a0 1 lo syn obs kamera L\u00f6gsten T\u00f6reboda 2016-11-04\u00a0\u00a0\u00a0\u00a0\u00a0\u00a0\u00a0 18.20\u00a0\u00a0\u00a0\u00a0\u00a0\u00a0\u00a0\u00a0\u00a0\u00a0\u00a0\u00a0\u00a0 1 varg syn obs Kronk\u00e4rr, S\u00f6dra R\u00e5da, [&hellip;]<\/p>\n","protected":false},"author":165,"featured_media":0,"parent":0,"menu_order":0,"comment_status":"open","ping_status":"open","template":"","meta":{"footnotes":""},"class_list":["post-199","page","type-page","status-publish","hentry"],"_links":{"self":[{"href":"https:\/\/krets.jagareforbundet.se\/hovagullspang\/wp-json\/wp\/v2\/pages\/199","targetHints":{"allow":["GET"]}}],"collection":[{"href":"https:\/\/krets.jagareforbundet.se\/hovagullspang\/wp-json\/wp\/v2\/pages"}],"about":[{"href":"https:\/\/krets.jagareforbundet.se\/hovagullspang\/wp-json\/wp\/v2\/types\/page"}],"author":[{"embeddable":true,"href":"https:\/\/krets.jagareforbundet.se\/hovagullspang\/wp-json\/wp\/v2\/users\/165"}],"replies":[{"embeddable":true,"href":"https:\/\/krets.jagareforbundet.se\/hovagullspang\/wp-json\/wp\/v2\/comments?post=199"}],"version-history":[{"count":1,"href":"https:\/\/krets.jagareforbundet.se\/hovagullspang\/wp-json\/wp\/v2\/pages\/199\/revisions"}],"predecessor-version":[{"id":310,"href":"https:\/\/krets.jagareforbundet.se\/hovagullspang\/wp-json\/wp\/v2\/pages\/199\/revisions\/310"}],"wp:attachment":[{"href":"https:\/\/krets.jagareforbundet.se\/hovagullspang\/wp-json\/wp\/v2\/media?parent=199"}],"curies":[{"name":"wp","href":"https:\/\/api.w.org\/{rel}","templated":true}]}}