{"id":2,"date":"2026-04-25T14:03:43","date_gmt":"2026-04-25T12:03:43","guid":{"rendered":"https:\/\/krets.jagareforbundet.se\/template\/?page_id=2"},"modified":"2026-04-25T14:03:17","modified_gmt":"2026-04-25T12:03:17","slug":"exempelsida","status":"publish","type":"page","link":"https:\/\/krets.jagareforbundet.se\/hovagullspang\/","title":{"rendered":"J\u00e4garef\u00f6rbundet Gullsp\u00e5ng"},"content":{"rendered":"<p>&nbsp;<\/p>\n<hr \/>\n<p style=\"text-align: center\"><a href=\"https:\/\/krets.jagareforbundet.se\/hovagullspang\/files\/2020\/01\/72637927_2804751999537209_9097873496192581632_n-scaled.jpg\"><img loading=\"lazy\" decoding=\"async\" class=\"alignnone wp-image-471\" src=\"https:\/\/krets.jagareforbundet.se\/hovagullspang\/files\/2020\/01\/72637927_2804751999537209_9097873496192581632_n-scaled.jpg\" alt=\"\" width=\"661\" height=\"441\" srcset=\"https:\/\/krets.jagareforbundet.se\/hovagullspang\/files\/2020\/01\/72637927_2804751999537209_9097873496192581632_n-scaled.jpg 2560w, https:\/\/krets.jagareforbundet.se\/hovagullspang\/files\/2020\/01\/72637927_2804751999537209_9097873496192581632_n-300x200.jpg 300w, https:\/\/krets.jagareforbundet.se\/hovagullspang\/files\/2020\/01\/72637927_2804751999537209_9097873496192581632_n-1024x684.jpg 1024w, https:\/\/krets.jagareforbundet.se\/hovagullspang\/files\/2020\/01\/72637927_2804751999537209_9097873496192581632_n-768x513.jpg 768w, https:\/\/krets.jagareforbundet.se\/hovagullspang\/files\/2020\/01\/72637927_2804751999537209_9097873496192581632_n-1536x1025.jpg 1536w, https:\/\/krets.jagareforbundet.se\/hovagullspang\/files\/2020\/01\/72637927_2804751999537209_9097873496192581632_n-2048x1367.jpg 2048w\" sizes=\"auto, (max-width: 661px) 100vw, 661px\" \/><\/a><\/p>\n<h6 style=\"text-align: center\">Foto: \u00d6rjan Bertilsson<\/h6>\n<p>260425<br \/>\nVargobservationer med foton finns under Rovdjur Varg<\/p>\n<p>&nbsp;<\/p>\n<p>260111<\/p>\n<p>Svar p\u00e5 spillningsprover tagna vid Dalbo\u00e5sen visar p\u00e5 tv\u00e5 individer, hona f\u00f6dd i Vargavidderna och hane f\u00f6dd i Hjortemossen<\/p>\n<p><a href=\"https:\/\/krets.jagareforbundet.se\/hovagullspang\/files\/2026\/01\/Screenshot_20260111_113116_Samsung-Internet.jpg\"><img loading=\"lazy\" decoding=\"async\" class=\"alignnone size-medium wp-image-527\" src=\"https:\/\/krets.jagareforbundet.se\/hovagullspang\/files\/2026\/01\/Screenshot_20260111_113116_Samsung-Internet-300x266.jpg\" alt=\"\" width=\"300\" height=\"266\" srcset=\"https:\/\/krets.jagareforbundet.se\/hovagullspang\/files\/2026\/01\/Screenshot_20260111_113116_Samsung-Internet-300x266.jpg 300w, https:\/\/krets.jagareforbundet.se\/hovagullspang\/files\/2026\/01\/Screenshot_20260111_113116_Samsung-Internet-1024x907.jpg 1024w, https:\/\/krets.jagareforbundet.se\/hovagullspang\/files\/2026\/01\/Screenshot_20260111_113116_Samsung-Internet-768x681.jpg 768w, https:\/\/krets.jagareforbundet.se\/hovagullspang\/files\/2026\/01\/Screenshot_20260111_113116_Samsung-Internet.jpg 1080w\" sizes=\"auto, (max-width: 300px) 100vw, 300px\" \/><\/a><a href=\"https:\/\/krets.jagareforbundet.se\/hovagullspang\/files\/2026\/01\/Screenshot_20260111_114208_Samsung-Internet.jpg\"><img loading=\"lazy\" decoding=\"async\" class=\"alignnone size-medium wp-image-528\" src=\"https:\/\/krets.jagareforbundet.se\/hovagullspang\/files\/2026\/01\/Screenshot_20260111_114208_Samsung-Internet-278x300.jpg\" alt=\"\" width=\"278\" height=\"300\" srcset=\"https:\/\/krets.jagareforbundet.se\/hovagullspang\/files\/2026\/01\/Screenshot_20260111_114208_Samsung-Internet-278x300.jpg 278w, https:\/\/krets.jagareforbundet.se\/hovagullspang\/files\/2026\/01\/Screenshot_20260111_114208_Samsung-Internet-950x1024.jpg 950w, https:\/\/krets.jagareforbundet.se\/hovagullspang\/files\/2026\/01\/Screenshot_20260111_114208_Samsung-Internet-768x828.jpg 768w, https:\/\/krets.jagareforbundet.se\/hovagullspang\/files\/2026\/01\/Screenshot_20260111_114208_Samsung-Internet.jpg 1080w\" sizes=\"auto, (max-width: 278px) 100vw, 278px\" \/><\/a><\/p>\n<p>251120<br \/>\nMinst tre vargar sp\u00e5rade vid Dalbo\u00e5sen<br \/>\n<a href=\"https:\/\/krets.jagareforbundet.se\/hovagullspang\/files\/2025\/11\/dalboasen.png\"><img loading=\"lazy\" decoding=\"async\" class=\"alignnone size-full wp-image-523\" src=\"https:\/\/krets.jagareforbundet.se\/hovagullspang\/files\/2025\/11\/dalboasen.png\" alt=\"\" width=\"687\" height=\"387\" srcset=\"https:\/\/krets.jagareforbundet.se\/hovagullspang\/files\/2025\/11\/dalboasen.png 687w, https:\/\/krets.jagareforbundet.se\/hovagullspang\/files\/2025\/11\/dalboasen-300x169.png 300w\" sizes=\"auto, (max-width: 687px) 100vw, 687px\" \/><\/a><\/p>\n<p>&nbsp;<\/p>\n<p>250426<\/p>\n<p>Kretsen bj\u00f6d in till sp\u00e5rtr\u00e4ning, 5st nappade p\u00e5 erbjudandet. Vi samlades vid Amneh\u00e4rad sockens jaktv\u00e5rdsf\u00f6renings vindskydd p\u00e5 B-v\u00e4gen.<br \/>\n6 hundar fick g\u00e5 blodsp\u00e5r, det var duktiga hundar med blandad erfarenhet av blodsp\u00e5r. I v\u00e4ntan p\u00e5 att sp\u00e5ren skulle ligga till sig kokade vi korv. Tror att alla var n\u00f6jda med dagen<\/p>\n<p><a href=\"https:\/\/krets.jagareforbundet.se\/hovagullspang\/files\/2025\/04\/20250426_121231-scaled.jpg\"><img loading=\"lazy\" decoding=\"async\" class=\"alignnone size-full wp-image-517\" src=\"https:\/\/krets.jagareforbundet.se\/hovagullspang\/files\/2025\/04\/20250426_121231-scaled.jpg\" alt=\"\" width=\"2560\" height=\"1440\" srcset=\"https:\/\/krets.jagareforbundet.se\/hovagullspang\/files\/2025\/04\/20250426_121231-scaled.jpg 2560w, https:\/\/krets.jagareforbundet.se\/hovagullspang\/files\/2025\/04\/20250426_121231-300x169.jpg 300w, https:\/\/krets.jagareforbundet.se\/hovagullspang\/files\/2025\/04\/20250426_121231-1024x576.jpg 1024w, https:\/\/krets.jagareforbundet.se\/hovagullspang\/files\/2025\/04\/20250426_121231-768x432.jpg 768w, https:\/\/krets.jagareforbundet.se\/hovagullspang\/files\/2025\/04\/20250426_121231-1536x864.jpg 1536w, https:\/\/krets.jagareforbundet.se\/hovagullspang\/files\/2025\/04\/20250426_121231-2048x1152.jpg 2048w\" sizes=\"auto, (max-width: 2560px) 100vw, 2560px\" \/><\/a><\/p>\n<p>250225<\/p>\n<p>Den som f\u00e5r bilder p\u00e5 rovdjur p\u00e5 sina \u00e5tel\/viltkameror f\u00e5r g\u00e4rna dela med sig av dem till kretsens hemsida, skicka dem till hovgulljaktkrets@gmail.com s\u00e5 l\u00e4gger vi ut dem p\u00e5 sidan Rovdjur Varg h\u00e4r.<\/p>\n<p>Hittar ni spillning efter varg kontakta Gillis Persson gpersson30@gmail.com eller 0733- 78 99 18<\/p>\n<p>&nbsp;<\/p>\n<hr \/>\n<p>Webbansvarig Ami Lundvall Eriksson<\/p>\n<p>Mail:\u00a0hovgulljaktkrets@gmail.com<\/p>\n<p>&nbsp;<\/p>\n<p>&nbsp;<\/p>\n","protected":false},"excerpt":{"rendered":"<p>&nbsp; Foto: \u00d6rjan Bertilsson 260425 Vargobservationer med foton finns under Rovdjur Varg &nbsp; 260111 Svar p\u00e5 spillningsprover tagna vid Dalbo\u00e5sen visar p\u00e5 tv\u00e5 individer, hona f\u00f6dd i Vargavidderna och hane f\u00f6dd i Hjortemossen 251120 Minst tre vargar sp\u00e5rade vid Dalbo\u00e5sen &nbsp; 250426 Kretsen bj\u00f6d in till sp\u00e5rtr\u00e4ning, 5st nappade p\u00e5 erbjudandet. Vi samlades vid Amneh\u00e4rad [&hellip;]<\/p>\n","protected":false},"author":3,"featured_media":0,"parent":0,"menu_order":0,"comment_status":"open","ping_status":"open","template":"","meta":{"footnotes":""},"class_list":["post-2","page","type-page","status-publish","hentry"],"_links":{"self":[{"href":"https:\/\/krets.jagareforbundet.se\/hovagullspang\/wp-json\/wp\/v2\/pages\/2","targetHints":{"allow":["GET"]}}],"collection":[{"href":"https:\/\/krets.jagareforbundet.se\/hovagullspang\/wp-json\/wp\/v2\/pages"}],"about":[{"href":"https:\/\/krets.jagareforbundet.se\/hovagullspang\/wp-json\/wp\/v2\/types\/page"}],"author":[{"embeddable":true,"href":"https:\/\/krets.jagareforbundet.se\/hovagullspang\/wp-json\/wp\/v2\/users\/3"}],"replies":[{"embeddable":true,"href":"https:\/\/krets.jagareforbundet.se\/hovagullspang\/wp-json\/wp\/v2\/comments?post=2"}],"version-history":[{"count":3,"href":"https:\/\/krets.jagareforbundet.se\/hovagullspang\/wp-json\/wp\/v2\/pages\/2\/revisions"}],"predecessor-version":[{"id":542,"href":"https:\/\/krets.jagareforbundet.se\/hovagullspang\/wp-json\/wp\/v2\/pages\/2\/revisions\/542"}],"wp:attachment":[{"href":"https:\/\/krets.jagareforbundet.se\/hovagullspang\/wp-json\/wp\/v2\/media?parent=2"}],"curies":[{"name":"wp","href":"https:\/\/api.w.org\/{rel}","templated":true}]}}