{"id":245,"date":"2015-01-30T21:04:39","date_gmt":"2015-01-30T20:04:39","guid":{"rendered":"https:\/\/krets.jagareforbundet.se\/hovagullspang\/?page_id=245"},"modified":"2015-01-30T21:09:10","modified_gmt":"2015-01-30T20:09:10","slug":"vildsvinsakuten","status":"publish","type":"page","link":"https:\/\/krets.jagareforbundet.se\/hovagullspang\/vildsvinsakuten\/","title":{"rendered":"Vildsvinsakuten"},"content":{"rendered":"<p>P\u00e5 bilden \u00e4r det Gillis Persson Och uno Karlsson som m\u00e5lar kojan<\/p>\n<p>kojan \u00e4r bygd av en gammal h\u00e4sttransport<\/p>\n<div id=\"attachment_246\" style=\"width: 310px\" class=\"wp-caption alignnone\"><a href=\"https:\/\/krets.jagareforbundet.se\/hovagullspang\/files\/2015\/01\/IMG_0794.jpg\"><img loading=\"lazy\" decoding=\"async\" aria-describedby=\"caption-attachment-246\" class=\"size-medium wp-image-246\" src=\"https:\/\/krets.jagareforbundet.se\/hovagullspang\/files\/2015\/01\/IMG_0794-300x225.jpg\" alt=\"detta \u00e4r den vak koja som vi sitter i n\u00e4r vi blir utkallade p\u00e5 uppdrag\" width=\"300\" height=\"225\" srcset=\"https:\/\/krets.jagareforbundet.se\/hovagullspang\/files\/2015\/01\/IMG_0794-300x225.jpg 300w, https:\/\/krets.jagareforbundet.se\/hovagullspang\/files\/2015\/01\/IMG_0794.jpg 640w\" sizes=\"auto, (max-width: 300px) 100vw, 300px\" \/><\/a><p id=\"caption-attachment-246\" class=\"wp-caption-text\">detta \u00e4r den vak koja som vi sitter i n\u00e4r vi blir utkallade p\u00e5 uppdrag<\/p><\/div>\n<p>I dags l\u00e4get har vi varit ute p\u00e5 30 stycken uppdrag och dessa \u00e4r koncentrerade till Midskog \u00a0och Deleb\u00e4ck .<\/p>\n<p>vi har f\u00e4llt 32 st grisar som varit p\u00e5 och omkring tomterna.<\/p>\n<p><a href=\"https:\/\/krets.jagareforbundet.se\/hovagullspang\/files\/2015\/01\/Sk\u00e4rmavbild-2013-10-09-kl.-19.35.59.png\"><img loading=\"lazy\" decoding=\"async\" class=\"alignnone size-medium wp-image-248\" src=\"https:\/\/krets.jagareforbundet.se\/hovagullspang\/files\/2015\/01\/Sk\u00e4rmavbild-2013-10-09-kl.-19.35.59-213x300.png\" alt=\"Sk\u00e4rmavbild 2013-10-09 kl. 19.35.59\" width=\"213\" height=\"300\" srcset=\"https:\/\/krets.jagareforbundet.se\/hovagullspang\/files\/2015\/01\/Sk\u00e4rmavbild-2013-10-09-kl.-19.35.59-213x300.png 213w, https:\/\/krets.jagareforbundet.se\/hovagullspang\/files\/2015\/01\/Sk\u00e4rmavbild-2013-10-09-kl.-19.35.59.png 361w\" sizes=\"auto, (max-width: 213px) 100vw, 213px\" \/><\/a><\/p>\n","protected":false},"excerpt":{"rendered":"<p>P\u00e5 bilden \u00e4r det Gillis Persson Och uno Karlsson som m\u00e5lar kojan kojan \u00e4r bygd av en gammal h\u00e4sttransport I dags l\u00e4get har vi varit ute p\u00e5 30 stycken uppdrag och dessa \u00e4r koncentrerade till Midskog \u00a0och Deleb\u00e4ck . vi har f\u00e4llt 32 st grisar som varit p\u00e5 och omkring tomterna.<\/p>\n","protected":false},"author":165,"featured_media":0,"parent":0,"menu_order":0,"comment_status":"open","ping_status":"open","template":"","meta":{"footnotes":""},"class_list":["post-245","page","type-page","status-publish","hentry"],"_links":{"self":[{"href":"https:\/\/krets.jagareforbundet.se\/hovagullspang\/wp-json\/wp\/v2\/pages\/245","targetHints":{"allow":["GET"]}}],"collection":[{"href":"https:\/\/krets.jagareforbundet.se\/hovagullspang\/wp-json\/wp\/v2\/pages"}],"about":[{"href":"https:\/\/krets.jagareforbundet.se\/hovagullspang\/wp-json\/wp\/v2\/types\/page"}],"author":[{"embeddable":true,"href":"https:\/\/krets.jagareforbundet.se\/hovagullspang\/wp-json\/wp\/v2\/users\/165"}],"replies":[{"embeddable":true,"href":"https:\/\/krets.jagareforbundet.se\/hovagullspang\/wp-json\/wp\/v2\/comments?post=245"}],"version-history":[{"count":0,"href":"https:\/\/krets.jagareforbundet.se\/hovagullspang\/wp-json\/wp\/v2\/pages\/245\/revisions"}],"wp:attachment":[{"href":"https:\/\/krets.jagareforbundet.se\/hovagullspang\/wp-json\/wp\/v2\/media?parent=245"}],"curies":[{"name":"wp","href":"https:\/\/api.w.org\/{rel}","templated":true}]}}