{"id":272,"date":"2019-03-28T18:10:55","date_gmt":"2019-03-28T17:10:55","guid":{"rendered":"https:\/\/krets.jagareforbundet.se\/hovagullspang\/?page_id=272"},"modified":"2019-03-28T18:10:09","modified_gmt":"2019-03-28T17:10:09","slug":"vildsvin","status":"publish","type":"page","link":"https:\/\/krets.jagareforbundet.se\/hovagullspang\/vildsvin\/","title":{"rendered":"Vildsvin"},"content":{"rendered":"<p><a href=\"https:\/\/krets.jagareforbundet.se\/hovagullspang\/files\/2019\/03\/vildsvinet-och-hunden-002.jpg\"><img loading=\"lazy\" decoding=\"async\" class=\"alignnone size-full wp-image-464\" src=\"https:\/\/krets.jagareforbundet.se\/hovagullspang\/files\/2019\/03\/vildsvinet-och-hunden-002.jpg\" alt=\"\" width=\"1240\" height=\"1754\" srcset=\"https:\/\/krets.jagareforbundet.se\/hovagullspang\/files\/2019\/03\/vildsvinet-och-hunden-002.jpg 1240w, https:\/\/krets.jagareforbundet.se\/hovagullspang\/files\/2019\/03\/vildsvinet-och-hunden-002-212x300.jpg 212w, https:\/\/krets.jagareforbundet.se\/hovagullspang\/files\/2019\/03\/vildsvinet-och-hunden-002-768x1086.jpg 768w, https:\/\/krets.jagareforbundet.se\/hovagullspang\/files\/2019\/03\/vildsvinet-och-hunden-002-724x1024.jpg 724w\" sizes=\"auto, (max-width: 1240px) 100vw, 1240px\" \/><\/a><\/p>\n<h2>Vildsvinsh\u00e4gn<\/h2>\n<p>Tiveds jakt har startat upp vildsvinsh\u00e4gn f\u00f6r hundtr\u00e4ning, mer info <a href=\"http:\/\/www.tivedsjakt.se\">h\u00e4r<\/a><\/p>\n<h2>Skyddsjakt p\u00e5 vildsvin &#8211; S\u00e5 lyckas du b\u00e4ttre<\/h2>\n<p>Sp\u00e4nning och kunskap n\u00e4r Leif Fredriksson och Martin Liljeholm visar hur j\u00e4garna kan agera f\u00f6r att hj\u00e4lpa lantbrukaren att minska de skador som vildsvinen orsakar i s\u00e4desf\u00e4lten. Jaktsekvenser blandas med handfasta tips om samverkan med mark\u00e4gare och lantbrukare samt hur j\u00e4garen ska bete sig f\u00f6r att lyckas maximalt.<\/p>\n<p><a href=\"https:\/\/www.youtube.com\/watch?v=9WNV-Pr9PvA\" target=\"_blank\" rel=\"noopener noreferrer\">Film<\/a><\/p>\n","protected":false},"excerpt":{"rendered":"<p>Vildsvinsh\u00e4gn Tiveds jakt har startat upp vildsvinsh\u00e4gn f\u00f6r hundtr\u00e4ning, mer info h\u00e4r Skyddsjakt p\u00e5 vildsvin &#8211; S\u00e5 lyckas du b\u00e4ttre Sp\u00e4nning och kunskap n\u00e4r Leif Fredriksson och Martin Liljeholm visar hur j\u00e4garna kan agera f\u00f6r att hj\u00e4lpa lantbrukaren att minska de skador som vildsvinen orsakar i s\u00e4desf\u00e4lten. Jaktsekvenser blandas med handfasta tips om samverkan med [&hellip;]<\/p>\n","protected":false},"author":165,"featured_media":0,"parent":0,"menu_order":0,"comment_status":"open","ping_status":"open","template":"","meta":{"footnotes":""},"class_list":["post-272","page","type-page","status-publish","hentry"],"_links":{"self":[{"href":"https:\/\/krets.jagareforbundet.se\/hovagullspang\/wp-json\/wp\/v2\/pages\/272","targetHints":{"allow":["GET"]}}],"collection":[{"href":"https:\/\/krets.jagareforbundet.se\/hovagullspang\/wp-json\/wp\/v2\/pages"}],"about":[{"href":"https:\/\/krets.jagareforbundet.se\/hovagullspang\/wp-json\/wp\/v2\/types\/page"}],"author":[{"embeddable":true,"href":"https:\/\/krets.jagareforbundet.se\/hovagullspang\/wp-json\/wp\/v2\/users\/165"}],"replies":[{"embeddable":true,"href":"https:\/\/krets.jagareforbundet.se\/hovagullspang\/wp-json\/wp\/v2\/comments?post=272"}],"version-history":[{"count":1,"href":"https:\/\/krets.jagareforbundet.se\/hovagullspang\/wp-json\/wp\/v2\/pages\/272\/revisions"}],"predecessor-version":[{"id":340,"href":"https:\/\/krets.jagareforbundet.se\/hovagullspang\/wp-json\/wp\/v2\/pages\/272\/revisions\/340"}],"wp:attachment":[{"href":"https:\/\/krets.jagareforbundet.se\/hovagullspang\/wp-json\/wp\/v2\/media?parent=272"}],"curies":[{"name":"wp","href":"https:\/\/api.w.org\/{rel}","templated":true}]}}