{"id":28,"date":"2023-10-17T17:00:13","date_gmt":"2023-10-17T15:00:13","guid":{"rendered":"https:\/\/krets.jagareforbundet.se\/template\/?page_id=28"},"modified":"2023-10-17T16:18:47","modified_gmt":"2023-10-17T14:18:47","slug":"kontakta-oss","status":"publish","type":"page","link":"https:\/\/krets.jagareforbundet.se\/hovagullspang\/kontakta-oss\/","title":{"rendered":"Kontakta oss"},"content":{"rendered":"<p>Det h\u00e4r \u00e4r en kontaktsida till er<\/p>\n<p>Obs! \u00c4r det hj\u00e4lp med gr\u00e4vlingar ni beh\u00f6ver s\u00e5 \u00e4r det kommunj\u00e4garen som ska kontaktas, ta kontakt via Gullsp\u00e5ngs kommun<\/p>\n<p><span style=\"color: #ff0000\">\u00a0<\/span><\/p>\n<p><span style=\"color: #ff0000\">\u00a0<\/span><\/p>\n<p>&nbsp;<\/p>\n","protected":false},"excerpt":{"rendered":"<p>Det h\u00e4r \u00e4r en kontaktsida till er Obs! \u00c4r det hj\u00e4lp med gr\u00e4vlingar ni beh\u00f6ver s\u00e5 \u00e4r det kommunj\u00e4garen som ska kontaktas, ta kontakt via Gullsp\u00e5ngs kommun \u00a0 \u00a0 &nbsp;<\/p>\n","protected":false},"author":3,"featured_media":0,"parent":0,"menu_order":0,"comment_status":"open","ping_status":"open","template":"template-contact.php","meta":{"footnotes":""},"class_list":["post-28","page","type-page","status-publish","hentry"],"_links":{"self":[{"href":"https:\/\/krets.jagareforbundet.se\/hovagullspang\/wp-json\/wp\/v2\/pages\/28","targetHints":{"allow":["GET"]}}],"collection":[{"href":"https:\/\/krets.jagareforbundet.se\/hovagullspang\/wp-json\/wp\/v2\/pages"}],"about":[{"href":"https:\/\/krets.jagareforbundet.se\/hovagullspang\/wp-json\/wp\/v2\/types\/page"}],"author":[{"embeddable":true,"href":"https:\/\/krets.jagareforbundet.se\/hovagullspang\/wp-json\/wp\/v2\/users\/3"}],"replies":[{"embeddable":true,"href":"https:\/\/krets.jagareforbundet.se\/hovagullspang\/wp-json\/wp\/v2\/comments?post=28"}],"version-history":[{"count":2,"href":"https:\/\/krets.jagareforbundet.se\/hovagullspang\/wp-json\/wp\/v2\/pages\/28\/revisions"}],"predecessor-version":[{"id":494,"href":"https:\/\/krets.jagareforbundet.se\/hovagullspang\/wp-json\/wp\/v2\/pages\/28\/revisions\/494"}],"wp:attachment":[{"href":"https:\/\/krets.jagareforbundet.se\/hovagullspang\/wp-json\/wp\/v2\/media?parent=28"}],"curies":[{"name":"wp","href":"https:\/\/api.w.org\/{rel}","templated":true}]}}