{"id":379,"date":"2017-03-26T18:55:14","date_gmt":"2017-03-26T16:55:14","guid":{"rendered":"https:\/\/krets.jagareforbundet.se\/hovagullspang\/?page_id=379"},"modified":"2017-03-26T18:55:14","modified_gmt":"2017-03-26T16:55:14","slug":"dokument","status":"publish","type":"page","link":"https:\/\/krets.jagareforbundet.se\/hovagullspang\/dokument\/","title":{"rendered":"Dokument"},"content":{"rendered":"<p><a href=\"https:\/\/krets.jagareforbundet.se\/hovagullspang\/files\/2017\/03\/skadeanmalan-trafikeftersok.pdf\">Skadeanm\u00e4lan Trafikefters\u00f6k<\/a><\/p>\n<p><a href=\"https:\/\/krets.jagareforbundet.se\/hovagullspang\/files\/2017\/03\/villkor-trafikeftersoksforsakr_2.pdf\">Villkor Trafikefters\u00f6ksf\u00f6rs\u00e4kr_2<\/a><\/p>\n","protected":false},"excerpt":{"rendered":"<p>Skadeanm\u00e4lan Trafikefters\u00f6k Villkor Trafikefters\u00f6ksf\u00f6rs\u00e4kr_2<\/p>\n","protected":false},"author":165,"featured_media":0,"parent":0,"menu_order":0,"comment_status":"closed","ping_status":"closed","template":"","meta":{"footnotes":""},"class_list":["post-379","page","type-page","status-publish","hentry"],"_links":{"self":[{"href":"https:\/\/krets.jagareforbundet.se\/hovagullspang\/wp-json\/wp\/v2\/pages\/379","targetHints":{"allow":["GET"]}}],"collection":[{"href":"https:\/\/krets.jagareforbundet.se\/hovagullspang\/wp-json\/wp\/v2\/pages"}],"about":[{"href":"https:\/\/krets.jagareforbundet.se\/hovagullspang\/wp-json\/wp\/v2\/types\/page"}],"author":[{"embeddable":true,"href":"https:\/\/krets.jagareforbundet.se\/hovagullspang\/wp-json\/wp\/v2\/users\/165"}],"replies":[{"embeddable":true,"href":"https:\/\/krets.jagareforbundet.se\/hovagullspang\/wp-json\/wp\/v2\/comments?post=379"}],"version-history":[{"count":0,"href":"https:\/\/krets.jagareforbundet.se\/hovagullspang\/wp-json\/wp\/v2\/pages\/379\/revisions"}],"wp:attachment":[{"href":"https:\/\/krets.jagareforbundet.se\/hovagullspang\/wp-json\/wp\/v2\/media?parent=379"}],"curies":[{"name":"wp","href":"https:\/\/api.w.org\/{rel}","templated":true}]}}