{"id":38,"date":"2016-03-04T15:53:57","date_gmt":"2016-03-04T14:53:57","guid":{"rendered":"https:\/\/krets.jagareforbundet.se\/template\/?page_id=38"},"modified":"2016-03-04T15:53:33","modified_gmt":"2016-03-04T14:53:33","slug":"bildgalleri","status":"publish","type":"page","link":"https:\/\/krets.jagareforbundet.se\/hovagullspang\/bildgalleri\/","title":{"rendered":"Bildgalleri"},"content":{"rendered":"\n\t\t<style type=\"text\/css\">\n\t\t\t#gallery-1 {\n\t\t\t\tmargin: auto;\n\t\t\t}\n\t\t\t#gallery-1 .gallery-item {\n\t\t\t\tfloat: left;\n\t\t\t\tmargin-top: 10px;\n\t\t\t\ttext-align: center;\n\t\t\t\twidth: 33%;\n\t\t\t}\n\t\t\t#gallery-1 img {\n\t\t\t\tborder: 2px solid #cfcfcf;\n\t\t\t}\n\t\t\t#gallery-1 .gallery-caption {\n\t\t\t\tmargin-left: 0;\n\t\t\t}\n\t\t\t\/* see gallery_shortcode() in wp-includes\/media.php *\/\n\t\t<\/style>\n\t\t<div id='gallery-1' class='gallery galleryid-38 gallery-columns-3 gallery-size-thumbnail'><dl class='gallery-item'>\n\t\t\t<dt class='gallery-icon portrait'>\n\t\t\t\t<a href='https:\/\/krets.jagareforbundet.se\/hovagullspang\/exempelsida\/edvins-lo\/'><img loading=\"lazy\" decoding=\"async\" width=\"150\" height=\"150\" src=\"https:\/\/krets.jagareforbundet.se\/hovagullspang\/files\/2014\/02\/edvins-lo-150x150.jpg\" class=\"attachment-thumbnail size-thumbnail\" alt=\"\" aria-describedby=\"gallery-1-317\" srcset=\"https:\/\/krets.jagareforbundet.se\/hovagullspang\/files\/2014\/02\/edvins-lo-150x150.jpg 150w, https:\/\/krets.jagareforbundet.se\/hovagullspang\/files\/2014\/02\/edvins-lo-300x300.jpg 300w, https:\/\/krets.jagareforbundet.se\/hovagullspang\/files\/2014\/02\/edvins-lo.jpg 958w\" sizes=\"auto, (max-width: 150px) 100vw, 150px\" \/><\/a>\n\t\t\t<\/dt>\n\t\t\t\t<dd class='wp-caption-text gallery-caption' id='gallery-1-317'>\n\t\t\t\tLodjur vid Beateberg dec-15\n\t\t\t\t<\/dd><\/dl><dl class='gallery-item'>\n\t\t\t<dt class='gallery-icon landscape'>\n\t\t\t\t<a href='https:\/\/krets.jagareforbundet.se\/hovagullspang\/rovdjur-lo\/2015-12-28-beateberg\/'><img loading=\"lazy\" decoding=\"async\" width=\"150\" height=\"150\" src=\"https:\/\/krets.jagareforbundet.se\/hovagullspang\/files\/2014\/02\/2015-12-28-beateberg-150x150.jpg\" class=\"attachment-thumbnail size-thumbnail\" alt=\"\" aria-describedby=\"gallery-1-306\" \/><\/a>\n\t\t\t<\/dt>\n\t\t\t\t<dd class='wp-caption-text gallery-caption' id='gallery-1-306'>\n\t\t\t\t151228 Beateberg\n\t\t\t\t<\/dd><\/dl><dl class='gallery-item'>\n\t\t\t<dt class='gallery-icon landscape'>\n\t\t\t\t<a href='https:\/\/krets.jagareforbundet.se\/hovagullspang\/bildgalleri\/hudskada\/'><img loading=\"lazy\" decoding=\"async\" width=\"150\" height=\"150\" src=\"https:\/\/krets.jagareforbundet.se\/hovagullspang\/files\/2016\/02\/hudskada-150x150.jpg\" class=\"attachment-thumbnail size-thumbnail\" alt=\"\" aria-describedby=\"gallery-1-320\" \/><\/a>\n\t\t\t<\/dt>\n\t\t\t\t<dd class='wp-caption-text gallery-caption' id='gallery-1-320'>\n\t\t\t\tDenna tjur utan horn sk\u00f6ts i korsningen C-v\u00e4gen\/Blomsterhultsv\u00e4gen 151024\n\n\t\t\t\t<\/dd><\/dl><br style=\"clear: both\" \/><dl class='gallery-item'>\n\t\t\t<dt class='gallery-icon landscape'>\n\t\t\t\t<a href='https:\/\/krets.jagareforbundet.se\/hovagullspang\/exempelsida\/rav\/'><img loading=\"lazy\" decoding=\"async\" width=\"150\" height=\"150\" src=\"https:\/\/krets.jagareforbundet.se\/hovagullspang\/files\/2014\/02\/r\u00e4v-150x150.jpg\" class=\"attachment-thumbnail size-thumbnail\" alt=\"\" \/><\/a>\n\t\t\t<\/dt><\/dl><dl class='gallery-item'>\n\t\t\t<dt class='gallery-icon landscape'>\n\t\t\t\t<a href='https:\/\/krets.jagareforbundet.se\/hovagullspang\/exempelsida\/beateberg-abberud-prastebacka-2\/'><img loading=\"lazy\" decoding=\"async\" width=\"150\" height=\"150\" src=\"https:\/\/krets.jagareforbundet.se\/hovagullspang\/files\/2014\/02\/Beateberg-abberud-Pr\u00e4stebacka1-150x150.jpg\" class=\"attachment-thumbnail size-thumbnail\" alt=\"\" \/><\/a>\n\t\t\t<\/dt><\/dl><dl class='gallery-item'>\n\t\t\t<dt class='gallery-icon landscape'>\n\t\t\t\t<a href='https:\/\/krets.jagareforbundet.se\/hovagullspang\/bildgalleri\/vildsvin-styckshema\/'><img loading=\"lazy\" decoding=\"async\" width=\"150\" height=\"150\" src=\"https:\/\/krets.jagareforbundet.se\/hovagullspang\/files\/2011\/09\/Vildsvin-styckshema-150x150.jpg\" class=\"attachment-thumbnail size-thumbnail\" alt=\"\" \/><\/a>\n\t\t\t<\/dt><\/dl><br style=\"clear: both\" \/><dl class='gallery-item'>\n\t\t\t<dt class='gallery-icon portrait'>\n\t\t\t\t<a href='https:\/\/krets.jagareforbundet.se\/hovagullspang\/bildgalleri\/radjur_stykning\/'><img loading=\"lazy\" decoding=\"async\" width=\"150\" height=\"150\" src=\"https:\/\/krets.jagareforbundet.se\/hovagullspang\/files\/2011\/09\/Radjur_stykning-150x150.jpg\" class=\"attachment-thumbnail size-thumbnail\" alt=\"\" \/><\/a>\n\t\t\t<\/dt><\/dl><dl class='gallery-item'>\n\t\t\t<dt class='gallery-icon portrait'>\n\t\t\t\t<a href='https:\/\/krets.jagareforbundet.se\/hovagullspang\/bildgalleri\/alg-stykning\/'><img loading=\"lazy\" decoding=\"async\" width=\"150\" height=\"150\" src=\"https:\/\/krets.jagareforbundet.se\/hovagullspang\/files\/2011\/09\/Alg-stykning-150x150.jpg\" class=\"attachment-thumbnail size-thumbnail\" alt=\"\" \/><\/a>\n\t\t\t<\/dt><\/dl><dl class='gallery-item'>\n\t\t\t<dt class='gallery-icon landscape'>\n\t\t\t\t<a href='https:\/\/krets.jagareforbundet.se\/hovagullspang\/rovdjur-lo\/beateberg-abberud-prastebacka\/'><img loading=\"lazy\" decoding=\"async\" width=\"150\" height=\"150\" src=\"https:\/\/krets.jagareforbundet.se\/hovagullspang\/files\/2014\/02\/Beateberg-abberud-Pr\u00e4stebacka-150x150.jpg\" class=\"attachment-thumbnail size-thumbnail\" alt=\"\" \/><\/a>\n\t\t\t<\/dt><\/dl><br style=\"clear: both\" \/><dl class='gallery-item'>\n\t\t\t<dt class='gallery-icon landscape'>\n\t\t\t\t<a href='https:\/\/krets.jagareforbundet.se\/hovagullspang\/rovdjur-varg\/varg1-06\/'><img loading=\"lazy\" decoding=\"async\" width=\"150\" height=\"150\" src=\"https:\/\/krets.jagareforbundet.se\/hovagullspang\/files\/2014\/02\/Varg1-06-150x150.jpg\" class=\"attachment-thumbnail size-thumbnail\" alt=\"\" \/><\/a>\n\t\t\t<\/dt><\/dl><dl class='gallery-item'>\n\t\t\t<dt class='gallery-icon landscape'>\n\t\t\t\t<a href='https:\/\/krets.jagareforbundet.se\/hovagullspang\/2014\/02\/11\/hova-gullspang-jaktvardkrets\/vintevag\/'><img loading=\"lazy\" decoding=\"async\" width=\"150\" height=\"150\" src=\"https:\/\/krets.jagareforbundet.se\/hovagullspang\/files\/2014\/02\/vintev\u00e4g-150x150.jpg\" class=\"attachment-thumbnail size-thumbnail\" alt=\"taget av Thomas Johansson\" aria-describedby=\"gallery-1-140\" \/><\/a>\n\t\t\t<\/dt>\n\t\t\t\t<dd class='wp-caption-text gallery-caption' id='gallery-1-140'>\n\t\t\t\tsn\u00f6v\u00e4g hult torvid skogsbyv\u00e4g\n\t\t\t\t<\/dd><\/dl>\n\t\t\t<br style='clear: both' \/>\n\t\t<\/div>\n\n","protected":false},"excerpt":{"rendered":"","protected":false},"author":3,"featured_media":0,"parent":0,"menu_order":0,"comment_status":"open","ping_status":"open","template":"","meta":{"footnotes":""},"class_list":["post-38","page","type-page","status-publish","hentry"],"_links":{"self":[{"href":"https:\/\/krets.jagareforbundet.se\/hovagullspang\/wp-json\/wp\/v2\/pages\/38","targetHints":{"allow":["GET"]}}],"collection":[{"href":"https:\/\/krets.jagareforbundet.se\/hovagullspang\/wp-json\/wp\/v2\/pages"}],"about":[{"href":"https:\/\/krets.jagareforbundet.se\/hovagullspang\/wp-json\/wp\/v2\/types\/page"}],"author":[{"embeddable":true,"href":"https:\/\/krets.jagareforbundet.se\/hovagullspang\/wp-json\/wp\/v2\/users\/3"}],"replies":[{"embeddable":true,"href":"https:\/\/krets.jagareforbundet.se\/hovagullspang\/wp-json\/wp\/v2\/comments?post=38"}],"version-history":[{"count":1,"href":"https:\/\/krets.jagareforbundet.se\/hovagullspang\/wp-json\/wp\/v2\/pages\/38\/revisions"}],"predecessor-version":[{"id":321,"href":"https:\/\/krets.jagareforbundet.se\/hovagullspang\/wp-json\/wp\/v2\/pages\/38\/revisions\/321"}],"wp:attachment":[{"href":"https:\/\/krets.jagareforbundet.se\/hovagullspang\/wp-json\/wp\/v2\/media?parent=38"}],"curies":[{"name":"wp","href":"https:\/\/api.w.org\/{rel}","templated":true}]}}