{"id":457,"date":"2019-02-20T12:14:14","date_gmt":"2019-02-20T11:14:14","guid":{"rendered":"https:\/\/krets.jagareforbundet.se\/hovagullspang\/?page_id=457"},"modified":"2019-02-20T12:14:14","modified_gmt":"2019-02-20T11:14:14","slug":"utbildning","status":"publish","type":"page","link":"https:\/\/krets.jagareforbundet.se\/hovagullspang\/utbildning\/","title":{"rendered":"Utbildning"},"content":{"rendered":"<p>H\u00e4r finns utbildningar som ordnas av J\u00e4garef\u00f6rbundet och Studiefr\u00e4mjandet i V\u00e4stra G\u00f6taland under v\u00e5ren 2019<\/p>\n<p><a href=\"https:\/\/krets.jagareforbundet.se\/hovagullspang\/files\/2019\/02\/utbildningskalender-2019-del-1.pdf\">Utbildningskalender 2019 del 1<\/a><\/p>\n","protected":false},"excerpt":{"rendered":"<p>H\u00e4r finns utbildningar som ordnas av J\u00e4garef\u00f6rbundet och Studiefr\u00e4mjandet i V\u00e4stra G\u00f6taland under v\u00e5ren 2019 Utbildningskalender 2019 del 1<\/p>\n","protected":false},"author":165,"featured_media":0,"parent":0,"menu_order":0,"comment_status":"closed","ping_status":"closed","template":"","meta":{"footnotes":""},"class_list":["post-457","page","type-page","status-publish","hentry"],"_links":{"self":[{"href":"https:\/\/krets.jagareforbundet.se\/hovagullspang\/wp-json\/wp\/v2\/pages\/457","targetHints":{"allow":["GET"]}}],"collection":[{"href":"https:\/\/krets.jagareforbundet.se\/hovagullspang\/wp-json\/wp\/v2\/pages"}],"about":[{"href":"https:\/\/krets.jagareforbundet.se\/hovagullspang\/wp-json\/wp\/v2\/types\/page"}],"author":[{"embeddable":true,"href":"https:\/\/krets.jagareforbundet.se\/hovagullspang\/wp-json\/wp\/v2\/users\/165"}],"replies":[{"embeddable":true,"href":"https:\/\/krets.jagareforbundet.se\/hovagullspang\/wp-json\/wp\/v2\/comments?post=457"}],"version-history":[{"count":0,"href":"https:\/\/krets.jagareforbundet.se\/hovagullspang\/wp-json\/wp\/v2\/pages\/457\/revisions"}],"wp:attachment":[{"href":"https:\/\/krets.jagareforbundet.se\/hovagullspang\/wp-json\/wp\/v2\/media?parent=457"}],"curies":[{"name":"wp","href":"https:\/\/api.w.org\/{rel}","templated":true}]}}