{"id":122,"date":"2013-09-05T14:24:21","date_gmt":"2013-09-05T12:24:21","guid":{"rendered":"https:\/\/krets.jagareforbundet.se\/jonkopingssodra\/?page_id=122"},"modified":"2020-12-15T19:50:31","modified_gmt":"2020-12-15T18:50:31","slug":"eftersok","status":"publish","type":"page","link":"https:\/\/krets.jagareforbundet.se\/jonkopingssodra\/eftersok\/","title":{"rendered":"Efters\u00f6k"},"content":{"rendered":"<p>Efters\u00f6k av skadat vilt \u00e4r nog den viktigaste uppgift vi har som j\u00e4gare. Alla kan misslyckas i skogen, vare sig vi jagat i 1 \u00e5r eller skjutit hundratals \u00e4lgar. Men n\u00e4r det v\u00e4l h\u00e4nder s\u00e5 \u00e4r det av yttersta vikt att efters\u00f6ket sker av kompetenta ekipage. Efters\u00f6ken p\u00e5 trafikskadat vilt ing\u00e5r i dag under det s\u00e5 kallade\u00a0<strong><a href=\"http:\/\/viltolycka.se\">Nationella viltolycksr\u00e5det<\/a>\u00a0<\/strong>och \u00e4r direktverkande under respektive polismyndighet som samordnar och organiserar tillsammans med j\u00e4garorganisationerna bland annat.<\/p>\n<p>Jaktliga efters\u00f6k \u00e4r n\u00e5got som vi m\u00e5ste bli b\u00e4st p\u00e5! Skulle det intr\u00e4ffa en situation och ni sj\u00e4lva inte har egna ekipage f\u00f6r \u00e4ndam\u00e5let s\u00e5 kontakta g\u00e4rna ekipage i din n\u00e4rhet innan jakten f\u00f6r en liten presentation.<\/p>\n<p>&nbsp;<\/p>\n<p><strong>Jaktf\u00f6rordningen 17 \u00a7, andra stycket<\/strong>\u00a0:<br \/>\n<em>Vid jakt efter bj\u00f6rn, lo, \u00e4lg, hjort, r\u00e5djur, mufflonf\u00e5r, eller vildsvin skall en hund som \u00e4r s\u00e4rskilt tr\u00e4nad i att sp\u00e5ra upp skadat vilt kunna finnas p\u00e5 skottplatsen inom h\u00f6gst tv\u00e5 timmar fr\u00e5n p\u00e5skjutningen<\/em><\/p>\n","protected":false},"excerpt":{"rendered":"<p>Efters\u00f6k av skadat vilt \u00e4r nog den viktigaste uppgift vi har som j\u00e4gare. Alla kan misslyckas i skogen, vare sig vi jagat i 1 \u00e5r eller skjutit hundratals \u00e4lgar. Men n\u00e4r det v\u00e4l h\u00e4nder s\u00e5 \u00e4r det av yttersta vikt att efters\u00f6ket sker av kompetenta ekipage. Efters\u00f6ken p\u00e5 trafikskadat vilt ing\u00e5r i dag under det [&hellip;]<\/p>\n","protected":false},"author":92,"featured_media":0,"parent":0,"menu_order":0,"comment_status":"open","ping_status":"open","template":"","meta":{"footnotes":""},"class_list":["post-122","page","type-page","status-publish","hentry"],"_links":{"self":[{"href":"https:\/\/krets.jagareforbundet.se\/jonkopingssodra\/wp-json\/wp\/v2\/pages\/122","targetHints":{"allow":["GET"]}}],"collection":[{"href":"https:\/\/krets.jagareforbundet.se\/jonkopingssodra\/wp-json\/wp\/v2\/pages"}],"about":[{"href":"https:\/\/krets.jagareforbundet.se\/jonkopingssodra\/wp-json\/wp\/v2\/types\/page"}],"author":[{"embeddable":true,"href":"https:\/\/krets.jagareforbundet.se\/jonkopingssodra\/wp-json\/wp\/v2\/users\/92"}],"replies":[{"embeddable":true,"href":"https:\/\/krets.jagareforbundet.se\/jonkopingssodra\/wp-json\/wp\/v2\/comments?post=122"}],"version-history":[{"count":2,"href":"https:\/\/krets.jagareforbundet.se\/jonkopingssodra\/wp-json\/wp\/v2\/pages\/122\/revisions"}],"predecessor-version":[{"id":383,"href":"https:\/\/krets.jagareforbundet.se\/jonkopingssodra\/wp-json\/wp\/v2\/pages\/122\/revisions\/383"}],"wp:attachment":[{"href":"https:\/\/krets.jagareforbundet.se\/jonkopingssodra\/wp-json\/wp\/v2\/media?parent=122"}],"curies":[{"name":"wp","href":"https:\/\/api.w.org\/{rel}","templated":true}]}}