{"id":125,"date":"2013-09-05T14:25:12","date_gmt":"2013-09-05T12:25:12","guid":{"rendered":"https:\/\/krets.jagareforbundet.se\/jonkopingssodra\/?page_id=125"},"modified":"2019-01-23T20:47:32","modified_gmt":"2019-01-23T19:47:32","slug":"algjakt","status":"publish","type":"page","link":"https:\/\/krets.jagareforbundet.se\/jonkopingssodra\/algjakt\/","title":{"rendered":"\u00c4lgjakt"},"content":{"rendered":"<div>H\u00e4r finns information om v\u00e5rat nationalvilt \u00c4lgen! S\u00f6dra Jaktv\u00e5rdkretsen ing\u00e5r i dag i olika \u00e4lgf\u00f6rvaltningsomr\u00e5den.<\/div>\n<div>F\u00f6r aktuell information rekommenderas ett bes\u00f6k p\u00e5 L\u00e4nsstyrelsens hemsida.<\/div>\n<div><\/div>\n<div><\/div>\n<div><a href=\"https:\/\/www.lansstyrelsen.se\/jonkoping\/privat\/jakt-och-fiske\/jakt-och-viltvard\/algjakt.html\">L\u00e4nsstyrelsen J\u00f6nk\u00f6ping \u00c4lgjakt<\/a><\/div>\n<div><\/div>\n<div><\/div>\n<div><\/div>\n","protected":false},"excerpt":{"rendered":"<p>H\u00e4r finns information om v\u00e5rat nationalvilt \u00c4lgen! S\u00f6dra Jaktv\u00e5rdkretsen ing\u00e5r i dag i olika \u00e4lgf\u00f6rvaltningsomr\u00e5den. F\u00f6r aktuell information rekommenderas ett bes\u00f6k p\u00e5 L\u00e4nsstyrelsens hemsida. L\u00e4nsstyrelsen J\u00f6nk\u00f6ping \u00c4lgjakt<\/p>\n","protected":false},"author":92,"featured_media":0,"parent":0,"menu_order":0,"comment_status":"open","ping_status":"open","template":"","meta":{"footnotes":""},"class_list":["post-125","page","type-page","status-publish","hentry"],"_links":{"self":[{"href":"https:\/\/krets.jagareforbundet.se\/jonkopingssodra\/wp-json\/wp\/v2\/pages\/125","targetHints":{"allow":["GET"]}}],"collection":[{"href":"https:\/\/krets.jagareforbundet.se\/jonkopingssodra\/wp-json\/wp\/v2\/pages"}],"about":[{"href":"https:\/\/krets.jagareforbundet.se\/jonkopingssodra\/wp-json\/wp\/v2\/types\/page"}],"author":[{"embeddable":true,"href":"https:\/\/krets.jagareforbundet.se\/jonkopingssodra\/wp-json\/wp\/v2\/users\/92"}],"replies":[{"embeddable":true,"href":"https:\/\/krets.jagareforbundet.se\/jonkopingssodra\/wp-json\/wp\/v2\/comments?post=125"}],"version-history":[{"count":0,"href":"https:\/\/krets.jagareforbundet.se\/jonkopingssodra\/wp-json\/wp\/v2\/pages\/125\/revisions"}],"wp:attachment":[{"href":"https:\/\/krets.jagareforbundet.se\/jonkopingssodra\/wp-json\/wp\/v2\/media?parent=125"}],"curies":[{"name":"wp","href":"https:\/\/api.w.org\/{rel}","templated":true}]}}