{"id":143,"date":"2013-09-05T14:58:36","date_gmt":"2013-09-05T12:58:36","guid":{"rendered":"https:\/\/krets.jagareforbundet.se\/jonkopingssodra\/?page_id=143"},"modified":"2019-01-23T21:10:07","modified_gmt":"2019-01-23T20:10:07","slug":"startsida","status":"publish","type":"page","link":"https:\/\/krets.jagareforbundet.se\/jonkopingssodra\/","title":{"rendered":"J\u00e4garef\u00f6rbundet J\u00f6nk\u00f6ping S\u00f6dra"},"content":{"rendered":"<h3 align=\"center\"><strong>H\u00e4r finns information och nyheter om vilt och jakt som ber\u00f6r J\u00f6nk\u00f6pings S\u00f6dra Jaktv\u00e5rdskrets<\/strong><\/h3>\n<p>F\u00f6rutom hemsidan som du nu bes\u00f6ker s\u00e5 finns vi \u00e4ven p\u00e5 facebook.<\/p>\n<div data-tabs=\"timeline\" class=\"fb-page\" data-href=\"https:\/\/www.facebook.com\/JagareforbundetJonkopingJVK\" data-width=\"500\" data-height=\"600\" data-small-header=\"false\" data-adapt-container-width=\"true\" data-hide-cover=\"false\" data-show-facepile=\"false\">\n<div class=\"fb-xfbml-parse-ignore\">\n<blockquote cite=\"https:\/\/www.facebook.com\/JagareforbundetJonkopingJVK\"><p><a href=\"https:\/\/www.facebook.com\/JagareforbundetJonkopingJVK\">J\u00e4garef\u00f6rbundet J\u00f6nk\u00f6ping S\u00f6dra JVK<\/a><\/p><\/blockquote>\n<\/div>\n<\/div>\n","protected":false},"excerpt":{"rendered":"<p>H\u00e4r finns information och nyheter om vilt och jakt som ber\u00f6r J\u00f6nk\u00f6pings S\u00f6dra Jaktv\u00e5rdskrets F\u00f6rutom hemsidan som du nu bes\u00f6ker s\u00e5 finns vi \u00e4ven p\u00e5 facebook. J\u00e4garef\u00f6rbundet J\u00f6nk\u00f6ping S\u00f6dra JVK<\/p>\n","protected":false},"author":92,"featured_media":187,"parent":0,"menu_order":0,"comment_status":"open","ping_status":"open","template":"","meta":{"footnotes":""},"class_list":["post-143","page","type-page","status-publish","has-post-thumbnail","hentry"],"_links":{"self":[{"href":"https:\/\/krets.jagareforbundet.se\/jonkopingssodra\/wp-json\/wp\/v2\/pages\/143","targetHints":{"allow":["GET"]}}],"collection":[{"href":"https:\/\/krets.jagareforbundet.se\/jonkopingssodra\/wp-json\/wp\/v2\/pages"}],"about":[{"href":"https:\/\/krets.jagareforbundet.se\/jonkopingssodra\/wp-json\/wp\/v2\/types\/page"}],"author":[{"embeddable":true,"href":"https:\/\/krets.jagareforbundet.se\/jonkopingssodra\/wp-json\/wp\/v2\/users\/92"}],"replies":[{"embeddable":true,"href":"https:\/\/krets.jagareforbundet.se\/jonkopingssodra\/wp-json\/wp\/v2\/comments?post=143"}],"version-history":[{"count":1,"href":"https:\/\/krets.jagareforbundet.se\/jonkopingssodra\/wp-json\/wp\/v2\/pages\/143\/revisions"}],"predecessor-version":[{"id":361,"href":"https:\/\/krets.jagareforbundet.se\/jonkopingssodra\/wp-json\/wp\/v2\/pages\/143\/revisions\/361"}],"wp:featuredmedia":[{"embeddable":true,"href":"https:\/\/krets.jagareforbundet.se\/jonkopingssodra\/wp-json\/wp\/v2\/media\/187"}],"wp:attachment":[{"href":"https:\/\/krets.jagareforbundet.se\/jonkopingssodra\/wp-json\/wp\/v2\/media?parent=143"}],"curies":[{"name":"wp","href":"https:\/\/api.w.org\/{rel}","templated":true}]}}