{"id":151,"date":"2013-09-07T11:47:18","date_gmt":"2013-09-07T09:47:18","guid":{"rendered":"https:\/\/krets.jagareforbundet.se\/jonkopingssodra\/?page_id=151"},"modified":"2020-12-15T19:56:01","modified_gmt":"2020-12-15T18:56:01","slug":"viltvard","status":"publish","type":"page","link":"https:\/\/krets.jagareforbundet.se\/jonkopingssodra\/viltvard\/","title":{"rendered":"Viltv\u00e5rd"},"content":{"rendered":"<header>\n<h1>VILTV\u00c5RD<\/h1>\n<p>F\u00f6r att viltet skall trivas i den allt mer produktionsinriktade milj\u00f6n de lever i s\u00e5 \u00e4r det viktigt att bedriva viltv\u00e5rd. H\u00e4r \u00e4r lite samlade tips fr\u00e5n fr\u00e4mst J\u00e4garef\u00f6rbundet.<\/p>\n<p><a href=\"https:\/\/krets.jagareforbundet.se\/jonkopingssodra\/files\/2015\/01\/viltvard_for_ett_rikare_landskap.pdf\">Viltv\u00e5rd_f\u00f6r_ett_rikare_landskap<\/a><\/p>\n<p><a href=\"https:\/\/krets.jagareforbundet.se\/jonkopingssodra\/files\/2015\/01\/viltvard_i_skogen_081018.pdf\">Viltv\u00e5rd_i_skogen<\/a><\/p>\n<p><a href=\"https:\/\/krets.jagareforbundet.se\/jonkopingssodra\/files\/2015\/01\/viltvard_i_odlingslandskapet.pdf\">Viltv\u00e5rd_i_odlingslandskapet<\/a><\/p>\n<p><a href=\"https:\/\/krets.jagareforbundet.se\/jonkopingssodra\/files\/2015\/01\/viltvard_for_klovvilt.pdf\">Viltv\u00e5rd_f\u00f6r_kl\u00f6vvilt<\/a><\/p>\n<p>V<a href=\"https:\/\/krets.jagareforbundet.se\/jonkopingssodra\/files\/2015\/01\/viltvard_for_faltvilt.pdf\">iltv\u00e5rd_f\u00f6r_f\u00e4ltvilt<\/a><\/p>\n<p><a href=\"https:\/\/krets.jagareforbundet.se\/jonkopingssodra\/files\/2015\/01\/Betydelsen_predation_for_viltstammarna_2008.pdf\">Betydelsen_predation_for_viltstammarna<\/a><\/p>\n<p><a href=\"https:\/\/krets.jagareforbundet.se\/jonkopingssodra\/files\/2015\/01\/tema_viltvard_i_skogslandskapet_1.pdf\">Tema_viltvard_i_skogslandskapet<\/a><\/p>\n<p><a href=\"https:\/\/krets.jagareforbundet.se\/jonkopingssodra\/files\/2015\/01\/T\u00e4nk-vilt-n\u00e4r-du-sk\u00f6ter-skog-ver.1.0.pdf\">T\u00e4nk vilt n\u00e4r du sk\u00f6ter skog<\/a><\/p>\n<p><a href=\"https:\/\/krets.jagareforbundet.se\/jonkopingssodra\/files\/2015\/01\/Viltv\u00e5rdstips-blandat.pdf\">Viltv\u00e5rdstips blandat<\/a><\/p>\n<p><a href=\"https:\/\/krets.jagareforbundet.se\/jonkopingssodra\/files\/2015\/01\/UtfodringsFolder.pdf\">Utfodringsfolder<\/a><\/p>\n<p><a href=\"https:\/\/krets.jagareforbundet.se\/jonkopingssodra\/files\/2015\/01\/stodutfodring_av_vilt.pdf\">St\u00f6dutfodring_av_vilt<\/a><\/p>\n<p><a href=\"https:\/\/krets.jagareforbundet.se\/jonkopingssodra\/files\/2015\/01\/foderhackar-radjur.pdf\">Foderh\u00e4ckar r\u00e5djur<\/a><\/p>\n<p><a href=\"https:\/\/krets.jagareforbundet.se\/jonkopingssodra\/files\/2015\/01\/varda_och_anlagga_vatmarker.pdf\">V\u00e5rda_och_anl\u00e4gga_v\u00e5tmarker<\/a><\/p>\n<p><a href=\"https:\/\/krets.jagareforbundet.se\/jonkopingssodra\/files\/2015\/01\/foderautomater-for-faglar.pdf\">Foderautomater f\u00f6r f\u00e5glar<\/a><\/p>\n<p><a href=\"https:\/\/krets.jagareforbundet.se\/jonkopingssodra\/files\/2015\/01\/Bygg-andflottar-Svenska-J\u00e4garef\u00f6rbundet.pdf\">Bygg andflottar<\/a><\/p>\n<p><a href=\"https:\/\/krets.jagareforbundet.se\/jonkopingssodra\/files\/2015\/01\/holkar-for-knipa.pdf\">Holkar f\u00f6r knipa<\/a><\/p>\n<p><a href=\"https:\/\/krets.jagareforbundet.se\/jonkopingssodra\/files\/2015\/01\/Projekt_sakrare_jakt_projektbeskrivning.pdf\">Projekt_s\u00e4krare_jakt<\/a><\/p>\n<p>&nbsp;<\/p>\n<\/header>\n<section>\n<h1>Vilt\u00f6vervakning<\/h1>\n<p>Viltf\u00f6rvaltningen \u00e4r m\u00e4nniskans medvetna str\u00e4van att l\u00e5ngsiktigt nyttja, bevara, \u00f6ka eller minska den f\u00f6rnyelsebara resursen som viltbest\u00e5nden utg\u00f6r. Viltf\u00f6rvaltning inneb\u00e4r att man fortl\u00f6pande f\u00f6ljer viltstammarnas utveckling och tillst\u00e5nd. Den \u00e4r en mycket viktig del i Svenska J\u00e4garef\u00f6rbundets verksamhet eftersom den utg\u00f6r ett betydelsefullt kunskapsunderlag f\u00f6r viltsk\u00f6tseln.<\/p>\n<div>\n<h2>Vilt\u00f6vervakning &#8211; Den viktiga viltrapporteringen<\/h2>\n<h3>Bakgrund<\/h3>\n<p>Svenska J\u00e4garef\u00f6rbundet har samlat in avskjutningsstatistik sedan 1939. Den bygger p\u00e5 rapporter fr\u00e5n j\u00e4garna i olika jaktlag, jaktv\u00e5rdsomr\u00e5den, jaktklubbar och liknande. Statistiken samlas in l\u00e4nsvis. F\u00f6r varje l\u00e4n ber\u00e4knas, med utg\u00e5ngspunkt fr\u00e5n den areal som rapporteringen t\u00e4cker, den l\u00e4nsvisa totala avskjutningen av varje jaktbar viltart.<\/p>\n<h3>Varf\u00f6r en avskjutningsrapport?<\/h3>\n<p>Avskjutningsstatistiken \u00e4r ett index och visar f\u00f6r\u00e4ndringar i avskjutningen mellan \u00e5r. F\u00f6r de flesta arter speglar f\u00f6r\u00e4ndringar i avskjutningsstatistiken ocks\u00e5 f\u00f6r\u00e4ndringar i best\u00e5ndens storlek. Resultaten fr\u00e5n vilt\u00f6vervakningen anv\u00e4nds p\u00e5 flera olika niv\u00e5er. Lokalt kr\u00e4vs uppgifter \u00f6ver framf\u00f6rallt kl\u00f6vviltets utveckling f\u00f6r att anpassa jakten efter r\u00e5dande f\u00f6rh\u00e5llanden. P\u00e5 nationell niv\u00e5 kan vilt\u00f6vervakningen f\u00e5nga upp f\u00f6r\u00e4ndringar hos viltstammarna som kan leda till \u00e4ndrade jakttider eller specifika sk\u00f6tsel\u00e5tg\u00e4rder.<\/p>\n<p>Rapporteringsperioden \u00e4r 1 april &#8211; 31 mars.<\/p>\n<p>Hur man rapporterar med mera finns tillg\u00e4ngligt<a style=\"font-size: 13px\" href=\"http:\/\/jagareforbundet.se\/vilt\/viltovervakning\/\">\u00a0p\u00e5 Svenska J\u00e4garef\u00f6rbundets webbplats<\/a><\/p>\n<h3>J\u00e4garen &#8211; den viktigaste l\u00e4nken<\/h3>\n<p>Ingen har b\u00e4ttre kunskap \u00e4n j\u00e4garen och mark\u00e4garen om f\u00f6rekomst och utveckling av flora och fauna i hans n\u00e4rhet. Med denna kunskap som grund bidrar j\u00e4garen till vilt\u00f6vervakningen med sina avskjutningsrapporter och olika typer av inventeringar. J\u00e4garnas frivilliga insatser &#8211; som kanske inte alltid uppm\u00e4rksammas som de borde &#8211; \u00e4r ov\u00e4rderliga f\u00f6r en medveten str\u00e4van att l\u00e5ngsiktigt nyttja, bevara, \u00f6ka eller minska den f\u00f6rnyelsebara naturresurs som viltbest\u00e5nden utg\u00f6r.<\/p>\n<\/div>\n<p>&nbsp;<\/p>\n<\/section>\n","protected":false},"excerpt":{"rendered":"<p>VILTV\u00c5RD F\u00f6r att viltet skall trivas i den allt mer produktionsinriktade milj\u00f6n de lever i s\u00e5 \u00e4r det viktigt att bedriva viltv\u00e5rd. H\u00e4r \u00e4r lite samlade tips fr\u00e5n fr\u00e4mst J\u00e4garef\u00f6rbundet. Viltv\u00e5rd_f\u00f6r_ett_rikare_landskap Viltv\u00e5rd_i_skogen Viltv\u00e5rd_i_odlingslandskapet Viltv\u00e5rd_f\u00f6r_kl\u00f6vvilt Viltv\u00e5rd_f\u00f6r_f\u00e4ltvilt Betydelsen_predation_for_viltstammarna Tema_viltvard_i_skogslandskapet T\u00e4nk vilt n\u00e4r du sk\u00f6ter skog Viltv\u00e5rdstips blandat Utfodringsfolder St\u00f6dutfodring_av_vilt Foderh\u00e4ckar r\u00e5djur V\u00e5rda_och_anl\u00e4gga_v\u00e5tmarker Foderautomater f\u00f6r f\u00e5glar Bygg andflottar [&hellip;]<\/p>\n","protected":false},"author":92,"featured_media":0,"parent":0,"menu_order":0,"comment_status":"open","ping_status":"open","template":"","meta":{"footnotes":""},"class_list":["post-151","page","type-page","status-publish","hentry"],"_links":{"self":[{"href":"https:\/\/krets.jagareforbundet.se\/jonkopingssodra\/wp-json\/wp\/v2\/pages\/151","targetHints":{"allow":["GET"]}}],"collection":[{"href":"https:\/\/krets.jagareforbundet.se\/jonkopingssodra\/wp-json\/wp\/v2\/pages"}],"about":[{"href":"https:\/\/krets.jagareforbundet.se\/jonkopingssodra\/wp-json\/wp\/v2\/types\/page"}],"author":[{"embeddable":true,"href":"https:\/\/krets.jagareforbundet.se\/jonkopingssodra\/wp-json\/wp\/v2\/users\/92"}],"replies":[{"embeddable":true,"href":"https:\/\/krets.jagareforbundet.se\/jonkopingssodra\/wp-json\/wp\/v2\/comments?post=151"}],"version-history":[{"count":1,"href":"https:\/\/krets.jagareforbundet.se\/jonkopingssodra\/wp-json\/wp\/v2\/pages\/151\/revisions"}],"predecessor-version":[{"id":385,"href":"https:\/\/krets.jagareforbundet.se\/jonkopingssodra\/wp-json\/wp\/v2\/pages\/151\/revisions\/385"}],"wp:attachment":[{"href":"https:\/\/krets.jagareforbundet.se\/jonkopingssodra\/wp-json\/wp\/v2\/media?parent=151"}],"curies":[{"name":"wp","href":"https:\/\/api.w.org\/{rel}","templated":true}]}}