{"id":216,"date":"2014-04-01T22:03:52","date_gmt":"2014-04-01T20:03:52","guid":{"rendered":"https:\/\/krets.jagareforbundet.se\/jonkopingssodra\/?page_id=216"},"modified":"2020-11-17T20:18:07","modified_gmt":"2020-11-17T19:18:07","slug":"arsmoten","status":"publish","type":"page","link":"https:\/\/krets.jagareforbundet.se\/jonkopingssodra\/arsmoten\/","title":{"rendered":"\u00c5rsm\u00f6ten"},"content":{"rendered":"<p>P\u00e5 denna sida \u00e4r det t\u00e4nkt att \u00e5rsm\u00f6tesprotokoll skall l\u00e4ggas upp<\/p>\n<p><strong>\u00c5rsm\u00f6te 2020<\/strong>\u00a0&#8211;\u00a0<a href=\"https:\/\/krets.jagareforbundet.se\/jonkopingssodra\/files\/2020\/11\/Arsmote-2020-Jagareforbundet-Jonkopings-Sodra-JVK.pdf\">JVK \u00c5rsm\u00f6tesprotokoll 2020<\/a><\/p>\n<p><strong>\u00c5rsm\u00f6te 2019<\/strong>\u00a0&#8211;\u00a0<a href=\"https:\/\/krets.jagareforbundet.se\/jonkopingssodra\/files\/2020\/11\/JVK-Arsmote-2019.pdf\">JVK \u00c5rsm\u00f6tesprotokoll 2019<\/a><\/p>\n<p><strong>\u00c5rsm\u00f6te 2017<\/strong>\u00a0&#8211;\u00a0<a href=\"https:\/\/krets.jagareforbundet.se\/jonkopingssodra\/files\/2014\/04\/jvk-arsmote-2017.pdf\">JVK \u00c5rsm\u00f6tesprotokoll 2017<\/a><\/p>\n<p><strong>\u00c5rsm\u00f6te 2016<\/strong>\u00a0&#8211;\u00a0<a href=\"https:\/\/krets.jagareforbundet.se\/jonkopingssodra\/files\/2016\/03\/jvk-arsmote-2016.pdf\">JVK \u00c5rsm\u00f6tesprotokoll 2016<\/a><\/p>\n<p><strong>\u00c5rsm\u00f6te 2015<\/strong>\u00a0&#8211;<a href=\"https:\/\/krets.jagareforbundet.se\/jonkopingssodra\/files\/2015\/03\/Jvk-\u00c5rsm\u00f6tesprotokoll-2015.pdf\"> JVK \u00c5rsm\u00f6tesprotokoll 2015<\/a><\/p>\n<p><strong>\u00c5rsm\u00f6te 2014<\/strong> &#8211;\u00a0<a href=\"https:\/\/krets.jagareforbundet.se\/jonkopingssodra\/files\/2014\/04\/JVK-\u00c5rsm\u00f6te-2014-Hemsidan.pdf\">JVK \u00c5rsm\u00f6tesprotokoll 2014<\/a><\/p>\n","protected":false},"excerpt":{"rendered":"<p>P\u00e5 denna sida \u00e4r det t\u00e4nkt att \u00e5rsm\u00f6tesprotokoll skall l\u00e4ggas upp \u00c5rsm\u00f6te 2020\u00a0&#8211;\u00a0JVK \u00c5rsm\u00f6tesprotokoll 2020 \u00c5rsm\u00f6te 2019\u00a0&#8211;\u00a0JVK \u00c5rsm\u00f6tesprotokoll 2019 \u00c5rsm\u00f6te 2017\u00a0&#8211;\u00a0JVK \u00c5rsm\u00f6tesprotokoll 2017 \u00c5rsm\u00f6te 2016\u00a0&#8211;\u00a0JVK \u00c5rsm\u00f6tesprotokoll 2016 \u00c5rsm\u00f6te 2015\u00a0&#8211; JVK \u00c5rsm\u00f6tesprotokoll 2015 \u00c5rsm\u00f6te 2014 &#8211;\u00a0JVK \u00c5rsm\u00f6tesprotokoll 2014<\/p>\n","protected":false},"author":92,"featured_media":0,"parent":0,"menu_order":0,"comment_status":"open","ping_status":"open","template":"","meta":{"footnotes":""},"class_list":["post-216","page","type-page","status-publish","hentry"],"_links":{"self":[{"href":"https:\/\/krets.jagareforbundet.se\/jonkopingssodra\/wp-json\/wp\/v2\/pages\/216","targetHints":{"allow":["GET"]}}],"collection":[{"href":"https:\/\/krets.jagareforbundet.se\/jonkopingssodra\/wp-json\/wp\/v2\/pages"}],"about":[{"href":"https:\/\/krets.jagareforbundet.se\/jonkopingssodra\/wp-json\/wp\/v2\/types\/page"}],"author":[{"embeddable":true,"href":"https:\/\/krets.jagareforbundet.se\/jonkopingssodra\/wp-json\/wp\/v2\/users\/92"}],"replies":[{"embeddable":true,"href":"https:\/\/krets.jagareforbundet.se\/jonkopingssodra\/wp-json\/wp\/v2\/comments?post=216"}],"version-history":[{"count":2,"href":"https:\/\/krets.jagareforbundet.se\/jonkopingssodra\/wp-json\/wp\/v2\/pages\/216\/revisions"}],"predecessor-version":[{"id":378,"href":"https:\/\/krets.jagareforbundet.se\/jonkopingssodra\/wp-json\/wp\/v2\/pages\/216\/revisions\/378"}],"wp:attachment":[{"href":"https:\/\/krets.jagareforbundet.se\/jonkopingssodra\/wp-json\/wp\/v2\/media?parent=216"}],"curies":[{"name":"wp","href":"https:\/\/api.w.org\/{rel}","templated":true}]}}