{"id":28,"date":"2011-09-09T08:06:13","date_gmt":"2011-09-09T08:06:13","guid":{"rendered":"https:\/\/krets.jagareforbundet.se\/template\/?page_id=28"},"modified":"2023-05-10T11:22:21","modified_gmt":"2023-05-10T09:22:21","slug":"kontakta-oss","status":"publish","type":"page","link":"https:\/\/krets.jagareforbundet.se\/kil_forshaga\/kontakta-oss\/","title":{"rendered":"Kontakta oss"},"content":{"rendered":"<p>Kil-Forshaga <span style=\"text-decoration: underline\">Jaktv\u00e5rdskrets<\/span><br \/>\nOrdf\u00f6rande: P\u00e5hl Forslund 070-397 67 69 pahl0503@gmail.com<br \/>\nSekreterare: Susanne Nordh 070-587 39 85 susanne.nordh@forshaga.se<br \/>\nKass\u00f6r: Christina Kilhage 070-453 56 72 <span style=\"color: #000000\"><a style=\"color: #000000\" href=\"mailto:kilhage@telia.com\"><span style=\"text-decoration: underline\">kilhage@telia.com<\/span><\/a><\/span><\/p>\n<p>&nbsp;<\/p>\n","protected":false},"excerpt":{"rendered":"<p>Kil-Forshaga Jaktv\u00e5rdskrets Ordf\u00f6rande: P\u00e5hl Forslund 070-397 67 69 pahl0503@gmail.com Sekreterare: Susanne Nordh 070-587 39 85 susanne.nordh@forshaga.se Kass\u00f6r: Christina Kilhage 070-453 56 72 kilhage@telia.com &nbsp;<\/p>\n","protected":false},"author":3,"featured_media":0,"parent":0,"menu_order":0,"comment_status":"open","ping_status":"open","template":"template-contact.php","meta":{"footnotes":""},"class_list":["post-28","page","type-page","status-publish","hentry"],"_links":{"self":[{"href":"https:\/\/krets.jagareforbundet.se\/kil_forshaga\/wp-json\/wp\/v2\/pages\/28","targetHints":{"allow":["GET"]}}],"collection":[{"href":"https:\/\/krets.jagareforbundet.se\/kil_forshaga\/wp-json\/wp\/v2\/pages"}],"about":[{"href":"https:\/\/krets.jagareforbundet.se\/kil_forshaga\/wp-json\/wp\/v2\/types\/page"}],"author":[{"embeddable":true,"href":"https:\/\/krets.jagareforbundet.se\/kil_forshaga\/wp-json\/wp\/v2\/users\/3"}],"replies":[{"embeddable":true,"href":"https:\/\/krets.jagareforbundet.se\/kil_forshaga\/wp-json\/wp\/v2\/comments?post=28"}],"version-history":[{"count":4,"href":"https:\/\/krets.jagareforbundet.se\/kil_forshaga\/wp-json\/wp\/v2\/pages\/28\/revisions"}],"predecessor-version":[{"id":299,"href":"https:\/\/krets.jagareforbundet.se\/kil_forshaga\/wp-json\/wp\/v2\/pages\/28\/revisions\/299"}],"wp:attachment":[{"href":"https:\/\/krets.jagareforbundet.se\/kil_forshaga\/wp-json\/wp\/v2\/media?parent=28"}],"curies":[{"name":"wp","href":"https:\/\/api.w.org\/{rel}","templated":true}]}}