{"id":170,"date":"2015-11-15T18:34:01","date_gmt":"2015-11-15T17:34:01","guid":{"rendered":"https:\/\/krets.jagareforbundet.se\/kiruna\/?page_id=170"},"modified":"2019-10-17T22:38:47","modified_gmt":"2019-10-17T20:38:47","slug":"eftersoksorganisation-trafikskadat-vilt-i-kiruna-kommun","status":"publish","type":"page","link":"https:\/\/krets.jagareforbundet.se\/kiruna\/eftersoksorganisation-trafikskadat-vilt-i-kiruna-kommun\/","title":{"rendered":"Efters\u00f6ksorganisation trafikskadat vilt i Kiruna kommun"},"content":{"rendered":"<p>Vid en trafikolycka med vilt ska man kontakta polisen, 112. Polisen kontaktar sedan efters\u00f6ksj\u00e4gare knutna till Nationella Viltolycksr\u00e5det NVR som utf\u00f6r efters\u00f6ket.<\/p>\n<p><strong>Du har skyldighet att rapportera kollision med bj\u00f6rn, varg, j\u00e4rv, lodjur, \u00e4lg, kronhjort, dovhjort, r\u00e5djur, utter, vildsvin, mufflonf\u00e5r och \u00f6rn \u00e4ven om djuret inte \u00e4r synbarligen skadat. Platsen f\u00f6r sammanst\u00f6tningen m\u00e5ste ocks\u00e5 markeras.<\/strong><\/p>\n<p>Samordnare inom Kiruna kommun \u00e4r\u00a0Dennis Andersson, \u00a0073-0947088\u00a0o<\/p>\n<p>Anders Berg \u00e4r vice samordnare<\/p>\n<p>&nbsp;<\/p>\n","protected":false},"excerpt":{"rendered":"<p>Vid en trafikolycka med vilt ska man kontakta polisen, 112. Polisen kontaktar sedan efters\u00f6ksj\u00e4gare knutna till Nationella Viltolycksr\u00e5det NVR som utf\u00f6r efters\u00f6ket. Du har skyldighet att rapportera kollision med bj\u00f6rn, varg, j\u00e4rv, lodjur, \u00e4lg, kronhjort, dovhjort, r\u00e5djur, utter, vildsvin, mufflonf\u00e5r och \u00f6rn \u00e4ven om djuret inte \u00e4r synbarligen skadat. Platsen f\u00f6r sammanst\u00f6tningen m\u00e5ste ocks\u00e5 markeras. [&hellip;]<\/p>\n","protected":false},"author":237,"featured_media":0,"parent":0,"menu_order":0,"comment_status":"closed","ping_status":"closed","template":"","meta":{"jetpack_post_was_ever_published":false,"footnotes":""},"class_list":["post-170","page","type-page","status-publish","hentry"],"_links":{"self":[{"href":"https:\/\/krets.jagareforbundet.se\/kiruna\/wp-json\/wp\/v2\/pages\/170","targetHints":{"allow":["GET"]}}],"collection":[{"href":"https:\/\/krets.jagareforbundet.se\/kiruna\/wp-json\/wp\/v2\/pages"}],"about":[{"href":"https:\/\/krets.jagareforbundet.se\/kiruna\/wp-json\/wp\/v2\/types\/page"}],"author":[{"embeddable":true,"href":"https:\/\/krets.jagareforbundet.se\/kiruna\/wp-json\/wp\/v2\/users\/237"}],"replies":[{"embeddable":true,"href":"https:\/\/krets.jagareforbundet.se\/kiruna\/wp-json\/wp\/v2\/comments?post=170"}],"version-history":[{"count":2,"href":"https:\/\/krets.jagareforbundet.se\/kiruna\/wp-json\/wp\/v2\/pages\/170\/revisions"}],"predecessor-version":[{"id":304,"href":"https:\/\/krets.jagareforbundet.se\/kiruna\/wp-json\/wp\/v2\/pages\/170\/revisions\/304"}],"wp:attachment":[{"href":"https:\/\/krets.jagareforbundet.se\/kiruna\/wp-json\/wp\/v2\/media?parent=170"}],"curies":[{"name":"wp","href":"https:\/\/api.w.org\/{rel}","templated":true}]}}