{"id":2,"date":"2011-09-07T09:28:43","date_gmt":"2011-09-07T09:28:43","guid":{"rendered":"https:\/\/krets.jagareforbundet.se\/template\/?page_id=2"},"modified":"2026-02-05T15:55:37","modified_gmt":"2026-02-05T14:55:37","slug":"exempelsida","status":"publish","type":"page","link":"https:\/\/krets.jagareforbundet.se\/kiruna\/","title":{"rendered":"V\u00e4lkommen till J\u00e4garef\u00f6rbundet Kiruna"},"content":{"rendered":"<p>&nbsp;<\/p>\n<p align=\"center\"><strong>\u00c5rsm\u00f6te Kiruna Jaktv\u00e5rdskrets<\/strong><\/p>\n<p align=\"center\">Torsdag 19:e februari 2026 kl 18<\/p>\n<p align=\"center\">Industriv\u00e4gen 22<\/p>\n<p align=\"center\">V\u00e4lkomna!<\/p>\n","protected":false},"excerpt":{"rendered":"<p>&nbsp; \u00c5rsm\u00f6te Kiruna Jaktv\u00e5rdskrets Torsdag 19:e februari 2026 kl 18 Industriv\u00e4gen 22 V\u00e4lkomna!<\/p>\n","protected":false},"author":3,"featured_media":436,"parent":0,"menu_order":0,"comment_status":"open","ping_status":"open","template":"","meta":{"jetpack_post_was_ever_published":false,"footnotes":""},"class_list":["post-2","page","type-page","status-publish","has-post-thumbnail","hentry"],"_links":{"self":[{"href":"https:\/\/krets.jagareforbundet.se\/kiruna\/wp-json\/wp\/v2\/pages\/2","targetHints":{"allow":["GET"]}}],"collection":[{"href":"https:\/\/krets.jagareforbundet.se\/kiruna\/wp-json\/wp\/v2\/pages"}],"about":[{"href":"https:\/\/krets.jagareforbundet.se\/kiruna\/wp-json\/wp\/v2\/types\/page"}],"author":[{"embeddable":true,"href":"https:\/\/krets.jagareforbundet.se\/kiruna\/wp-json\/wp\/v2\/users\/3"}],"replies":[{"embeddable":true,"href":"https:\/\/krets.jagareforbundet.se\/kiruna\/wp-json\/wp\/v2\/comments?post=2"}],"version-history":[{"count":3,"href":"https:\/\/krets.jagareforbundet.se\/kiruna\/wp-json\/wp\/v2\/pages\/2\/revisions"}],"predecessor-version":[{"id":445,"href":"https:\/\/krets.jagareforbundet.se\/kiruna\/wp-json\/wp\/v2\/pages\/2\/revisions\/445"}],"wp:featuredmedia":[{"embeddable":true,"href":"https:\/\/krets.jagareforbundet.se\/kiruna\/wp-json\/wp\/v2\/media\/436"}],"wp:attachment":[{"href":"https:\/\/krets.jagareforbundet.se\/kiruna\/wp-json\/wp\/v2\/media?parent=2"}],"curies":[{"name":"wp","href":"https:\/\/api.w.org\/{rel}","templated":true}]}}