{"id":221,"date":"2019-02-06T13:06:33","date_gmt":"2019-02-06T12:06:33","guid":{"rendered":"https:\/\/krets.jagareforbundet.se\/kiruna\/?page_id=221"},"modified":"2023-02-02T21:12:37","modified_gmt":"2023-02-02T20:12:37","slug":"vittangi-skjutbana-jagarexamen","status":"publish","type":"page","link":"https:\/\/krets.jagareforbundet.se\/kiruna\/vittangi-skjutbana-jagarexamen\/","title":{"rendered":"Vittangi skjutbana J\u00e4garexamen"},"content":{"rendered":"<h2 style=\"text-align: center\">Vittangi skjutbana<\/h2>\n<p>Vill du skjuta upp kr\u00e4vs anm\u00e4lan innan.<\/p>\n<p>&nbsp;<\/p>\n<p>Kontakta provledare f\u00f6r uppskjutning eller teoriprov<\/p>\n<p><strong>Lisa 073-838 88 87<\/strong><\/p>\n","protected":false},"excerpt":{"rendered":"<p>Vittangi skjutbana Vill du skjuta upp kr\u00e4vs anm\u00e4lan innan. &nbsp; Kontakta provledare f\u00f6r uppskjutning eller teoriprov Lisa 073-838 88 87<\/p>\n","protected":false},"author":237,"featured_media":0,"parent":0,"menu_order":0,"comment_status":"closed","ping_status":"closed","template":"","meta":{"jetpack_post_was_ever_published":false,"footnotes":""},"class_list":["post-221","page","type-page","status-publish","hentry"],"_links":{"self":[{"href":"https:\/\/krets.jagareforbundet.se\/kiruna\/wp-json\/wp\/v2\/pages\/221","targetHints":{"allow":["GET"]}}],"collection":[{"href":"https:\/\/krets.jagareforbundet.se\/kiruna\/wp-json\/wp\/v2\/pages"}],"about":[{"href":"https:\/\/krets.jagareforbundet.se\/kiruna\/wp-json\/wp\/v2\/types\/page"}],"author":[{"embeddable":true,"href":"https:\/\/krets.jagareforbundet.se\/kiruna\/wp-json\/wp\/v2\/users\/237"}],"replies":[{"embeddable":true,"href":"https:\/\/krets.jagareforbundet.se\/kiruna\/wp-json\/wp\/v2\/comments?post=221"}],"version-history":[{"count":3,"href":"https:\/\/krets.jagareforbundet.se\/kiruna\/wp-json\/wp\/v2\/pages\/221\/revisions"}],"predecessor-version":[{"id":396,"href":"https:\/\/krets.jagareforbundet.se\/kiruna\/wp-json\/wp\/v2\/pages\/221\/revisions\/396"}],"wp:attachment":[{"href":"https:\/\/krets.jagareforbundet.se\/kiruna\/wp-json\/wp\/v2\/media?parent=221"}],"curies":[{"name":"wp","href":"https:\/\/api.w.org\/{rel}","templated":true}]}}