{"id":240,"date":"2017-04-02T20:58:53","date_gmt":"2017-04-02T18:58:53","guid":{"rendered":"https:\/\/krets.jagareforbundet.se\/kiruna\/?page_id=240"},"modified":"2020-02-07T09:25:05","modified_gmt":"2020-02-07T08:25:05","slug":"trofebedomare-i-kiruna-kommun","status":"publish","type":"page","link":"https:\/\/krets.jagareforbundet.se\/kiruna\/trofebedomare-i-kiruna-kommun\/","title":{"rendered":"Trof\u00e9bed\u00f6mare i Kiruna kommun"},"content":{"rendered":"<p><a href=\"https:\/\/krets.jagareforbundet.se\/kiruna\/files\/2017\/04\/alghorn.jpg\"><img loading=\"lazy\" decoding=\"async\" class=\"size-medium wp-image-241 aligncenter\" src=\"https:\/\/krets.jagareforbundet.se\/kiruna\/files\/2017\/04\/alghorn-300x202.jpg\" alt=\"\" width=\"300\" height=\"202\" srcset=\"https:\/\/krets.jagareforbundet.se\/kiruna\/files\/2017\/04\/alghorn-300x202.jpg 300w, https:\/\/krets.jagareforbundet.se\/kiruna\/files\/2017\/04\/alghorn.jpg 746w\" sizes=\"auto, (max-width: 300px) 100vw, 300px\" \/><\/a><\/p>\n<p>&nbsp;<\/p>\n<h3 style=\"text-align: center\">Beh\u00f6ver du hj\u00e4lp med att f\u00e5 en trof\u00e9 bed\u00f6md, kontakta<\/h3>\n<p style=\"text-align: center\">Roger \u00d6gren 070-317 76 63<\/p>\n<p style=\"text-align: center\">eller Mikael Pekkari 070-683 66 68<\/p>\n<p>&nbsp;<\/p>\n<p>Du kan \u00e4ven kontakta J\u00e4garef\u00f6rbundet i Lule\u00e5.<\/p>\n<p>Kronan A6, 974 42 Lule\u00e5<br \/>\nTelefon: 0920-23 18 00<br \/>\n<a href=\"mailto:bd@jagareforbundet.se\">bd@jagareforbundet.se<\/a><\/p>\n","protected":false},"excerpt":{"rendered":"<p>&nbsp; Beh\u00f6ver du hj\u00e4lp med att f\u00e5 en trof\u00e9 bed\u00f6md, kontakta Roger \u00d6gren 070-317 76 63 eller Mikael Pekkari 070-683 66 68 &nbsp; Du kan \u00e4ven kontakta J\u00e4garef\u00f6rbundet i Lule\u00e5. Kronan A6, 974 42 Lule\u00e5 Telefon: 0920-23 18 00 bd@jagareforbundet.se<\/p>\n","protected":false},"author":237,"featured_media":0,"parent":0,"menu_order":0,"comment_status":"closed","ping_status":"closed","template":"","meta":{"jetpack_post_was_ever_published":false,"footnotes":""},"class_list":["post-240","page","type-page","status-publish","hentry"],"_links":{"self":[{"href":"https:\/\/krets.jagareforbundet.se\/kiruna\/wp-json\/wp\/v2\/pages\/240","targetHints":{"allow":["GET"]}}],"collection":[{"href":"https:\/\/krets.jagareforbundet.se\/kiruna\/wp-json\/wp\/v2\/pages"}],"about":[{"href":"https:\/\/krets.jagareforbundet.se\/kiruna\/wp-json\/wp\/v2\/types\/page"}],"author":[{"embeddable":true,"href":"https:\/\/krets.jagareforbundet.se\/kiruna\/wp-json\/wp\/v2\/users\/237"}],"replies":[{"embeddable":true,"href":"https:\/\/krets.jagareforbundet.se\/kiruna\/wp-json\/wp\/v2\/comments?post=240"}],"version-history":[{"count":3,"href":"https:\/\/krets.jagareforbundet.se\/kiruna\/wp-json\/wp\/v2\/pages\/240\/revisions"}],"predecessor-version":[{"id":326,"href":"https:\/\/krets.jagareforbundet.se\/kiruna\/wp-json\/wp\/v2\/pages\/240\/revisions\/326"}],"wp:attachment":[{"href":"https:\/\/krets.jagareforbundet.se\/kiruna\/wp-json\/wp\/v2\/media?parent=240"}],"curies":[{"name":"wp","href":"https:\/\/api.w.org\/{rel}","templated":true}]}}